{"id":133,"date":"2013-02-01T05:56:25","date_gmt":"2013-02-01T05:56:25","guid":{"rendered":"http:\/\/www.4witness.org\/?page_id=133"},"modified":"2014-03-27T23:15:59","modified_gmt":"2014-03-27T23:15:59","slug":"los-articulos-de-anne-marie","status":"publish","type":"page","link":"https:\/\/www.4witness.org\/es\/testimonios\/ex-testigos-de-jehova\/los-articulos-de-anne-marie\/","title":{"rendered":"Los art\u00edculos de Anne Marie"},"content":{"rendered":"<div><strong><strong><img loading=\"lazy\" decoding=\"async\" class=\"alignleft\" style=\"margin: 10px;\" alt=\"annemarie\" src=\"https:\/\/witforjesus.org\/images\/jwstories\/annemarie.jpg\" width=\"209\" height=\"250\" \/><\/strong><span style=\"font-size: medium;\"><br \/>\n<\/span><span style=\"font-size: medium;\">Anne Marie <\/span><span style=\"font-size: medium;\">&#8211; Puede que la hayan visto en el Sal\u00f3n del Reino.\u00a0 <\/span><\/strong><\/div>\n<div><\/div>\n<div><span style=\"font-size: medium;\">Ustedes saben, esa hermana joven y bonita con \u201ctodos esos ni\u00f1os.\u201d Aquella que luchaba sola por sacar adelante a sus hijos. Aquella a la que casi nunca se le consideraba \u201ccomo una posible esposa\u201d porque era como un \u201cbien estropeado.\u201d Al ser expulsada de la Organizaci\u00f3n por haber sido violada, Anne Marie finalmente se sinti\u00f3 libre&#8230; \u00bfC\u00f3mo pudo suceder esto? \u00bfNo se le ense\u00f1\u00f3 desde los cinco a\u00f1os que la organizaci\u00f3n Watchtower era \u201cla Verdad\u201d? Finalmente, ella encontr\u00f3 la aut\u00e9ntica verdad detr\u00e1s de \u201cla verdad\u201d y hall\u00f3 en Cristo el gozo que hab\u00eda anhelado toda su vida.\u00a0 <a href=\"http:\/\/4jehovah.org\/es\/el-testimonio-de-anne-marie\/\"><strong>Lea la historia de la salida de Anne Marie de los testigos de Jehov\u00e1.<\/strong><\/a><strong>\u00a0 <\/strong><a href=\"http:\/\/4jehovah.org\/es\/el-testimonio-de-anne-marie\/\"><strong><strong><strong><b><b><strong><strong><img loading=\"lazy\" decoding=\"async\" alt=\"bullets\" src=\"https:\/\/witforjesus.org\/images\/buttons\/read-more.jpg\" width=\"26\" height=\"12\" \/><\/strong><\/strong><\/b><\/b><\/strong><\/strong><\/strong><\/a><\/span><\/div>\n<div><\/div>\n<div>\n<div><strong><strong><strong><b><b><strong><strong><img loading=\"lazy\" decoding=\"async\" alt=\"bullets\" src=\"https:\/\/witforjesus.org\/images\/home\/space.jpg\" width=\"99\" height=\"27\" \/><\/strong><\/strong><\/b><\/b><\/strong><\/strong><\/strong><\/div>\n<div><\/div>\n<div>\n<div><strong><strong><strong><b><b><strong><strong><img loading=\"lazy\" decoding=\"async\" alt=\"bullets\" src=\"https:\/\/witforjesus.org\/images\/home\/space.jpg\" width=\"99\" height=\"27\" \/><\/strong><\/strong><\/b><\/b><\/strong><\/strong><\/strong><\/div>\n<\/div>\n<div><\/div>\n<\/div>\n<div><strong><img loading=\"lazy\" decoding=\"async\" alt=\"bullets\" src=\"https:\/\/witforjesus.org\/images\/bullets.jpg\" width=\"10\" height=\"9\" \/> <a title=\"He sido excomulgado. \u00bfJehov\u00e1 Dios me odia?\" href=\"http:\/\/4jehovah.org\/es\/he-sido-excomulgado-jehova-dios-me-odia\/\">He sido excomulgado. \u00bfJehov\u00e1 Dios me odia?<\/a><\/strong><\/div>\n<div><img loading=\"lazy\" decoding=\"async\" alt=\"TRUE FREEDOM\" src=\"https:\/\/witforjesus.org\/images\/home\/space2.jpg\" width=\"103\" height=\"13\" \/><\/div>\n<div><img loading=\"lazy\" decoding=\"async\" alt=\"bullets\" src=\"https:\/\/witforjesus.org\/images\/bullets.jpg\" width=\"10\" height=\"9\" \/><a title=\" \u00bfLa Organizaci\u00f3n Watchtower realmente dijo que el fin del mundo vendr\u00eda en 1975?\" href=\"http:\/\/4jehovah.org\/es\/la-organizacion-watchtower-realmente-dijo-que-el-fin-del-mundo-vendria-en-1975\/\"><strong> \u00bfLa Organizaci\u00f3n Watchtower realmente dijo que el fin del mundo vendr\u00eda en 1975?<\/strong><\/a><\/div>\n<div><img loading=\"lazy\" decoding=\"async\" alt=\"TRUE FREEDOM\" src=\"https:\/\/witforjesus.org\/images\/home\/space2.jpg\" width=\"103\" height=\"13\" \/><\/div>\n<div><img loading=\"lazy\" decoding=\"async\" alt=\"bullets\" src=\"https:\/\/witforjesus.org\/images\/bullets.jpg\" width=\"10\" height=\"9\" \/> <a title=\"Estoy pensando en salirme, \u00a1Pero estoy confundido! \u00bfExiste alguien que tenga la verdad?\" href=\"http:\/\/4jehovah.org\/es\/estoy-pensando-en-salirme-pero-estoy-confundido\/\"><strong>Estoy pensando en salirme, \u00a1Pero estoy confundido! \u00bfExiste alguien que tenga la verdad?<\/strong><\/a><\/div>\n<div><img loading=\"lazy\" decoding=\"async\" alt=\"TRUE FREEDOM\" src=\"https:\/\/witforjesus.org\/images\/home\/space2.jpg\" width=\"103\" height=\"13\" \/><\/div>\n<div>\n<p><strong><img loading=\"lazy\" decoding=\"async\" alt=\"bullets\" src=\"https:\/\/witforjesus.org\/images\/bullets.jpg\" width=\"10\" height=\"9\" \/> <a title=\"\u00bfQu\u00e9 pasa si los testigos de Jehov\u00e1 est\u00e1n en lo cierto acerca del Armaged\u00f3n?\" href=\"http:\/\/4jehovah.org\/es\/que-pasa-si-los-testigos-de-jehova-estan-en-lo-cierto-acerca-del-armagedon\/\">\u00bfQu\u00e9 pasa si los testigos de Jehov\u00e1 est\u00e1n en lo cierto acerca del Armaged\u00f3n?<\/a><\/strong><\/p>\n<p><strong><img loading=\"lazy\" decoding=\"async\" alt=\"bullets\" src=\"https:\/\/witforjesus.org\/images\/bullets.jpg\" width=\"10\" height=\"9\" \/><\/strong> <a title=\"\u00bfC\u00f3mo puedo superar estos sentimientos de culpa y temor por haber abandonado la verdad?\" href=\"http:\/\/4jehovah.org\/es\/como-puedo-superar-estos-sentimientos-de-culpa-y-temor-por-haber-abandonado-la-verdad\/\"><strong>\u00bfC\u00f3mo puedo superar estos sentimientos de culpa y temor por haber abandonado la verdad?<\/strong><\/a><\/p>\n<p><img loading=\"lazy\" decoding=\"async\" alt=\"TRUE FREEDOM\" src=\"https:\/\/witforjesus.org\/images\/home\/space2.jpg\" width=\"103\" height=\"13\" \/><\/p>\n<p><strong><img loading=\"lazy\" decoding=\"async\" alt=\"bullets\" src=\"https:\/\/witforjesus.org\/images\/bullets.jpg\" width=\"10\" height=\"9\" \/><\/strong> <a title=\"Vea m\u00e1s art\u00edculos en ingl\u00e9s\" href=\"http:\/\/www.4witness.org\/testimonies\/ex-jehovahs-witnesses\/anne-maries-articles\/\"><strong>Vea m\u00e1s art\u00edculos en ingl\u00e9s<\/strong><\/a><\/p>\n<\/div>\n<div><\/div>\n<div><\/div>\n","protected":false},"excerpt":{"rendered":"<p>Anne Marie &#8211; Puede que la hayan visto en el Sal\u00f3n del Reino.\u00a0 Ustedes saben, esa hermana joven y bonita con \u201ctodos esos ni\u00f1os.\u201d Aquella que luchaba sola por sacar adelante a sus hijos. Aquella a la que casi nunca se le consideraba \u201ccomo una posible esposa\u201d porque era como un \u201cbien estropeado.\u201d Al ser&#8230;<\/p>\n","protected":false},"author":2,"featured_media":14910,"parent":710,"menu_order":0,"comment_status":"closed","ping_status":"closed","template":"","meta":{"footnotes":""},"class_list":["post-133","page","type-page","status-publish","has-post-thumbnail","hentry"],"_links":{"self":[{"href":"https:\/\/www.4witness.org\/es\/wp-json\/wp\/v2\/pages\/133","targetHints":{"allow":["GET"]}}],"collection":[{"href":"https:\/\/www.4witness.org\/es\/wp-json\/wp\/v2\/pages"}],"about":[{"href":"https:\/\/www.4witness.org\/es\/wp-json\/wp\/v2\/types\/page"}],"author":[{"embeddable":true,"href":"https:\/\/www.4witness.org\/es\/wp-json\/wp\/v2\/users\/2"}],"replies":[{"embeddable":true,"href":"https:\/\/www.4witness.org\/es\/wp-json\/wp\/v2\/comments?post=133"}],"version-history":[{"count":22,"href":"https:\/\/www.4witness.org\/es\/wp-json\/wp\/v2\/pages\/133\/revisions"}],"predecessor-version":[{"id":4830,"href":"https:\/\/www.4witness.org\/es\/wp-json\/wp\/v2\/pages\/133\/revisions\/4830"}],"up":[{"embeddable":true,"href":"https:\/\/www.4witness.org\/es\/wp-json\/wp\/v2\/pages\/710"}],"wp:featuredmedia":[{"embeddable":true,"href":"https:\/\/www.4witness.org\/es\/wp-json\/wp\/v2\/media\/14910"}],"wp:attachment":[{"href":"https:\/\/www.4witness.org\/es\/wp-json\/wp\/v2\/media?parent=133"}],"curies":[{"name":"wp","href":"https:\/\/api.w.org\/{rel}","templated":true}]}}