{"id":1285,"date":"2013-03-09T22:44:36","date_gmt":"2013-03-09T22:44:36","guid":{"rendered":"http:\/\/www.4witness.org\/?page_id=1285"},"modified":"2013-09-10T17:06:58","modified_gmt":"2013-09-10T17:06:58","slug":"los-articulos-de-rocky","status":"publish","type":"page","link":"https:\/\/www.4witness.org\/es\/testimonios\/ex-mormones\/los-articulos-de-rocky\/","title":{"rendered":"Los art\u00edculos de Rocky"},"content":{"rendered":"<p><strong><img loading=\"lazy\" decoding=\"async\" class=\"alignleft\" style=\"margin: 10px;\" title=\"Rocky and Helen\" alt=\"Rocky and Helen\" src=\"https:\/\/witforjesus.org\/images\/ldsstories\/rocky-helen.jpg\" width=\"268\" height=\"260\" \/><span style=\"font-size: medium;\"><strong><a title=\"When Salt Lake City Calls\" href=\"http:\/\/www.amazon.com\/When-Salt-Lake-City-Calls\/dp\/1604772204\"><strong><img loading=\"lazy\" decoding=\"async\" class=\"alignright\" title=\"Rocky's Book - When Salt Lake City Calls\" alt=\"Rocky's Book - When Salt Lake City Calls\" src=\"https:\/\/witforjesus.org\/images\/ldsstories\/rocky-book.jpg\" width=\"194\" height=\"300\" \/><\/strong><\/a><\/strong><\/span><\/strong><\/p>\n<p>&nbsp;<\/p>\n<p>&nbsp;<\/p>\n<p>&nbsp;<\/p>\n<p>&nbsp;<\/p>\n<p>&nbsp;<\/p>\n<p>&nbsp;<\/p>\n<p>&nbsp;<\/p>\n<p>&nbsp;<\/p>\n<p><strong><span style=\"font-size: medium;\">Rocky\u00a0 y Helen<\/span><br \/>\n<\/strong><\/p>\n<p><span style=\"font-size: medium;\">Rocky fue criado como un morm\u00f3n de 6ta generaci\u00f3n. Cuando fue desafiado por su esposa Helen, quien lleg\u00f3 a ser salva en Cristo por su investigaci\u00f3n del mormonismo, \u00e9l resisti\u00f3 obstinadamente y se dispuso a desmentirla. Luego en 1986, mientras asist\u00edan a los estudios b\u00edblicos de un predicador vaquero, Rocky fue salvo. Su esposa y \u00e9l, desde entonces, han estado poniendo al descubierto al mormonismo, ense\u00f1ando al Jes\u00fas VERDADERO. <a href=\"http:\/\/4mormon.org\/es\/el-testimonio-de-rocky-y-helen\/\"><strong>Lea la Historia de la Salida de Rocky del Mormonismo<strong><strong><b><b><strong><strong><a href=\"http:\/\/4mormon.org\/es\/el-testimonio-de-rocky-y-helen\/\"><strong><\/strong>.<\/a><\/strong><\/strong><\/b><\/b><\/strong><\/strong><\/strong><\/a><strong><strong><strong><b><b><strong><strong> <\/strong><\/strong><\/b><\/b><\/strong><\/strong><\/strong><a href=\"http:\/\/4mormon.org\/es\/el-testimonio-de-rocky-y-helen\/\"><strong><strong><strong><b><b><strong><strong><img loading=\"lazy\" decoding=\"async\" alt=\"bullets\" src=\"https:\/\/witforjesus.org\/images\/buttons\/read-more.jpg\" width=\"26\" height=\"12\" \/><\/strong><\/strong><\/b><\/b><\/strong><\/strong><\/strong><\/a><\/span><\/p>\n<p><strong><img loading=\"lazy\" decoding=\"async\" alt=\"bullets\" src=\"https:\/\/witforjesus.org\/images\/bullets.jpg\" width=\"10\" height=\"9\" \/><\/strong>\u00a0 <a href=\"http:\/\/4mormon.org\/es\/los-homicidios-mormones-por-que-el-encubrimiento\/\"><strong>Los Homicidios Mormones \u2013 \u00bfPor Qu\u00e9 El Encubrimiento?<\/strong><\/a><\/p>\n<p><strong><img loading=\"lazy\" decoding=\"async\" alt=\"bullets\" src=\"https:\/\/witforjesus.org\/images\/bullets.jpg\" width=\"10\" height=\"9\" \/><\/strong>\u00a0 <a title=\"La Historia Verdadera Detr\u00e1s De La Exhibici\u00f3n Mormona De Nauvoo\" href=\"https:\/\/www.4witness.org\/es\/la-historia-verdadera-detras-de-la-exhibicion-mormona-de-nauvoo\/\"><strong>La Historia Verdadera Detr\u00e1s De La Exhibici\u00f3n Mormona De Nauvoo<\/strong><\/a><\/p>\n<p>&nbsp;<\/p>\n","protected":false},"excerpt":{"rendered":"<p>&nbsp; &nbsp; &nbsp; &nbsp; &nbsp; &nbsp; &nbsp; &nbsp; Rocky\u00a0 y Helen Rocky fue criado como un morm\u00f3n de 6ta generaci\u00f3n. Cuando fue desafiado por su esposa Helen, quien lleg\u00f3 a ser salva en Cristo por su investigaci\u00f3n del mormonismo, \u00e9l resisti\u00f3 obstinadamente y se dispuso a desmentirla. Luego en 1986, mientras asist\u00edan a los estudios&#8230;<\/p>\n","protected":false},"author":2,"featured_media":0,"parent":727,"menu_order":0,"comment_status":"closed","ping_status":"closed","template":"","meta":{"footnotes":""},"class_list":["post-1285","page","type-page","status-publish","hentry"],"_links":{"self":[{"href":"https:\/\/www.4witness.org\/es\/wp-json\/wp\/v2\/pages\/1285","targetHints":{"allow":["GET"]}}],"collection":[{"href":"https:\/\/www.4witness.org\/es\/wp-json\/wp\/v2\/pages"}],"about":[{"href":"https:\/\/www.4witness.org\/es\/wp-json\/wp\/v2\/types\/page"}],"author":[{"embeddable":true,"href":"https:\/\/www.4witness.org\/es\/wp-json\/wp\/v2\/users\/2"}],"replies":[{"embeddable":true,"href":"https:\/\/www.4witness.org\/es\/wp-json\/wp\/v2\/comments?post=1285"}],"version-history":[{"count":13,"href":"https:\/\/www.4witness.org\/es\/wp-json\/wp\/v2\/pages\/1285\/revisions"}],"predecessor-version":[{"id":4240,"href":"https:\/\/www.4witness.org\/es\/wp-json\/wp\/v2\/pages\/1285\/revisions\/4240"}],"up":[{"embeddable":true,"href":"https:\/\/www.4witness.org\/es\/wp-json\/wp\/v2\/pages\/727"}],"wp:attachment":[{"href":"https:\/\/www.4witness.org\/es\/wp-json\/wp\/v2\/media?parent=1285"}],"curies":[{"name":"wp","href":"https:\/\/api.w.org\/{rel}","templated":true}]}}