{"id":1199,"date":"2013-03-06T19:15:25","date_gmt":"2013-03-06T19:15:25","guid":{"rendered":"http:\/\/www.4witness.org\/?page_id=1199"},"modified":"2014-03-28T03:16:38","modified_gmt":"2014-03-28T03:16:38","slug":"los-articulos-de-trish","status":"publish","type":"page","link":"https:\/\/www.4witness.org\/es\/testimonios\/ex-testigos-de-jehova\/los-articulos-de-trish\/","title":{"rendered":"Los art\u00edculos de Trish"},"content":{"rendered":"<p><strong><strong><img loading=\"lazy\" decoding=\"async\" class=\"alignleft\" style=\"margin: 10px;\" alt=\"annemarie\" src=\"https:\/\/witforjesus.org\/images\/jwstories\/trish.jpg\" width=\"206\" height=\"202\" \/><span style=\"font-size: medium;\">Trish\u00a0<\/span><\/strong><\/strong><\/p>\n<p><span style=\"font-size: medium;\">\u2013 Naci\u00f3 y creci\u00f3 como una testigo de Jehov\u00e1 por 42 a\u00f1os; ella experiment\u00f3 de primera mano la hipocres\u00eda que existe en el entorno legalista de la Organizaci\u00f3n Watchtower. Despu\u00e9s de sufrir a\u00f1os de abuso en su matrimonio y de fallar en poder vivir de acuerdo a todas las expectativas de la organizaci\u00f3n, Trish se divorci\u00f3 de su esposo testigo de Jehov\u00e1, dici\u00e9ndole que pod\u00eda tener la custodia de la religi\u00f3n, \u00a1y que ella se quedar\u00eda con la custodia de los hijos! Viviendo en el limbo, sin ninguna afiliaci\u00f3n religiosa que declarar, Dios en su misericordia y gracia le abri\u00f3 los ojos a la Verdad.<\/span><strong><strong><span style=\"font-size: medium;\"> <a title=\"El Testimonio de Trish\" href=\"http:\/\/4jehovah.org\/es\/el-testimonio-de-trish\/\"><strong>Lee la historia de la salida de Trish de los testigos de Jehov\u00e1<strong><strong><\/strong><\/strong><\/strong><\/a><strong><strong><strong><a title=\"El Testimonio de Trish\" href=\"http:\/\/4jehovah.org\/es\/el-testimonio-de-trish\/\"><strong><strong>.<\/strong><\/strong><\/a><\/strong><\/strong><\/strong><strong> <\/strong><a title=\"El Testimonio de Trish\" href=\"http:\/\/4jehovah.org\/es\/el-testimonio-de-trish\/\"><strong><strong><strong><b><b><strong><strong><img loading=\"lazy\" decoding=\"async\" alt=\"bullets\" src=\"https:\/\/witforjesus.org\/images\/buttons\/read-more.jpg\" width=\"26\" height=\"12\" \/><\/strong><\/strong><\/b><\/b><\/strong><\/strong><strong><\/strong><\/strong><\/a><\/span><br \/>\n<\/strong><\/strong><\/p>\n<p><img loading=\"lazy\" decoding=\"async\" alt=\"bullets\" src=\"https:\/\/witforjesus.org\/images\/bullets.jpg\" width=\"10\" height=\"9\" \/> <a title=\"Vea los art\u00edculos en ingl\u00e9s\" href=\"http:\/\/www.4witness.org\/testimonies\/ex-jehovahs-witnesses\/trishs-articles\/\"><strong>Vea los art\u00edculos en ingl\u00e9s<\/strong><\/a><\/p>\n","protected":false},"excerpt":{"rendered":"<p>Trish\u00a0 \u2013 Naci\u00f3 y creci\u00f3 como una testigo de Jehov\u00e1 por 42 a\u00f1os; ella experiment\u00f3 de primera mano la hipocres\u00eda que existe en el entorno legalista de la Organizaci\u00f3n Watchtower. Despu\u00e9s de sufrir a\u00f1os de abuso en su matrimonio y de fallar en poder vivir de acuerdo a todas las expectativas de la organizaci\u00f3n, Trish&#8230;<\/p>\n","protected":false},"author":2,"featured_media":14803,"parent":710,"menu_order":0,"comment_status":"closed","ping_status":"closed","template":"","meta":{"footnotes":""},"class_list":["post-1199","page","type-page","status-publish","has-post-thumbnail","hentry"],"_links":{"self":[{"href":"https:\/\/www.4witness.org\/es\/wp-json\/wp\/v2\/pages\/1199","targetHints":{"allow":["GET"]}}],"collection":[{"href":"https:\/\/www.4witness.org\/es\/wp-json\/wp\/v2\/pages"}],"about":[{"href":"https:\/\/www.4witness.org\/es\/wp-json\/wp\/v2\/types\/page"}],"author":[{"embeddable":true,"href":"https:\/\/www.4witness.org\/es\/wp-json\/wp\/v2\/users\/2"}],"replies":[{"embeddable":true,"href":"https:\/\/www.4witness.org\/es\/wp-json\/wp\/v2\/comments?post=1199"}],"version-history":[{"count":10,"href":"https:\/\/www.4witness.org\/es\/wp-json\/wp\/v2\/pages\/1199\/revisions"}],"predecessor-version":[{"id":4939,"href":"https:\/\/www.4witness.org\/es\/wp-json\/wp\/v2\/pages\/1199\/revisions\/4939"}],"up":[{"embeddable":true,"href":"https:\/\/www.4witness.org\/es\/wp-json\/wp\/v2\/pages\/710"}],"wp:featuredmedia":[{"embeddable":true,"href":"https:\/\/www.4witness.org\/es\/wp-json\/wp\/v2\/media\/14803"}],"wp:attachment":[{"href":"https:\/\/www.4witness.org\/es\/wp-json\/wp\/v2\/media?parent=1199"}],"curies":[{"name":"wp","href":"https:\/\/api.w.org\/{rel}","templated":true}]}}