{"id":1191,"date":"2013-03-10T00:21:17","date_gmt":"2013-03-10T00:21:17","guid":{"rendered":"http:\/\/www.4witness.org\/?page_id=1191"},"modified":"2014-03-28T02:47:44","modified_gmt":"2014-03-28T02:47:44","slug":"los-articulos-de-gloria","status":"publish","type":"page","link":"https:\/\/www.4witness.org\/es\/testimonios\/ex-testigos-de-jehova\/los-articulos-de-gloria\/","title":{"rendered":"Los art\u00edculos de Gloria"},"content":{"rendered":"<p><strong><\/strong><b><strong><strong><strong><strong><b><strong><strong><strong><strong><b><strong><img loading=\"lazy\" decoding=\"async\" class=\"alignleft\" style=\"margin: 10px;\" alt=\"Gloria's Horse Photography\" src=\"https:\/\/witforjesus.org\/images\/jwblogs\/gloria\/gloria-horse.jpg\" width=\"205\" height=\"256\" \/><\/strong><\/b><\/strong><\/strong><\/strong><\/strong><\/b><\/strong><\/strong><\/strong><\/strong><\/b><\/p>\n<p><span style=\"font-size: medium;\"><strong>.:GLORIA<\/strong><\/span><\/p>\n<p><span style=\"font-size: medium;\">Ella era una testigo de Jehov\u00e1 de quinta generaci\u00f3n. Si historia se remonta unos 100 a\u00f1os al tiempo de su bisabuela. Sus familiares no s\u00f3lo siguieron las ense\u00f1anzas de Russell, sino que llegaron a ser precursores especiales e invert\u00edan 150 horas mensuales viajando de pueblo en pueblo en el Oeste central mostrando su foto-drama de la creaci\u00f3n. Gloria no dej\u00f3 la Watchtower porque encontrara que la organizaci\u00f3n estaba errada. Ella la dej\u00f3 porque estaba buscando a Jes\u00fas.<strong><strong> <a title=\"Lea la Historia de la Salida de Gloria de los Testigos de Jehov\u00e1\" href=\"http:\/\/4jehovah.org\/es\/gloria-una-testigo-de-jehova-de-5ta-generacion-abandona-la-watchtower\/\">Lea la Historia de la Salida de Gloria de los Testigos de Jehov\u00e1 <strong><strong><b><b><strong><strong><img loading=\"lazy\" decoding=\"async\" alt=\"bullets\" src=\"https:\/\/witforjesus.org\/images\/buttons\/read-more.jpg\" width=\"26\" height=\"12\" \/><\/strong><\/strong><\/b><\/b><\/strong><\/strong><\/a><br \/>\n<\/strong><\/strong><\/span><\/p>\n<p><b><strong><strong><strong><strong><img loading=\"lazy\" decoding=\"async\" alt=\"bullets\" src=\"https:\/\/witforjesus.org\/images\/bullets.jpg\" width=\"10\" height=\"9\" \/><\/strong><\/strong><\/strong><\/strong>\u00a0\u00a0<a href=\"http:\/\/www.4witness.org\/testimonies\/ex-jehovahs-witnesses\/glorias-articles\/\"><strong>Vea los art\u00edculos en ingl\u00e9s<\/strong><\/a><\/b><\/p>\n","protected":false},"excerpt":{"rendered":"<p>.:GLORIA Ella era una testigo de Jehov\u00e1 de quinta generaci\u00f3n. Si historia se remonta unos 100 a\u00f1os al tiempo de su bisabuela. Sus familiares no s\u00f3lo siguieron las ense\u00f1anzas de Russell, sino que llegaron a ser precursores especiales e invert\u00edan 150 horas mensuales viajando de pueblo en pueblo en el Oeste central mostrando su foto-drama&#8230;<\/p>\n","protected":false},"author":2,"featured_media":0,"parent":710,"menu_order":0,"comment_status":"closed","ping_status":"closed","template":"","meta":{"footnotes":""},"class_list":["post-1191","page","type-page","status-publish","hentry"],"_links":{"self":[{"href":"https:\/\/www.4witness.org\/es\/wp-json\/wp\/v2\/pages\/1191","targetHints":{"allow":["GET"]}}],"collection":[{"href":"https:\/\/www.4witness.org\/es\/wp-json\/wp\/v2\/pages"}],"about":[{"href":"https:\/\/www.4witness.org\/es\/wp-json\/wp\/v2\/types\/page"}],"author":[{"embeddable":true,"href":"https:\/\/www.4witness.org\/es\/wp-json\/wp\/v2\/users\/2"}],"replies":[{"embeddable":true,"href":"https:\/\/www.4witness.org\/es\/wp-json\/wp\/v2\/comments?post=1191"}],"version-history":[{"count":11,"href":"https:\/\/www.4witness.org\/es\/wp-json\/wp\/v2\/pages\/1191\/revisions"}],"predecessor-version":[{"id":4910,"href":"https:\/\/www.4witness.org\/es\/wp-json\/wp\/v2\/pages\/1191\/revisions\/4910"}],"up":[{"embeddable":true,"href":"https:\/\/www.4witness.org\/es\/wp-json\/wp\/v2\/pages\/710"}],"wp:attachment":[{"href":"https:\/\/www.4witness.org\/es\/wp-json\/wp\/v2\/media?parent=1191"}],"curies":[{"name":"wp","href":"https:\/\/api.w.org\/{rel}","templated":true}]}}