{"id":1189,"date":"2013-03-06T19:04:03","date_gmt":"2013-03-06T19:04:03","guid":{"rendered":"http:\/\/www.4witness.org\/?page_id=1189"},"modified":"2014-03-28T01:15:22","modified_gmt":"2014-03-28T01:15:22","slug":"los-articulos-de-betty","status":"publish","type":"page","link":"https:\/\/www.4witness.org\/es\/testimonios\/ex-testigos-de-jehova\/los-articulos-de-betty\/","title":{"rendered":"Los art\u00edculos de Betty"},"content":{"rendered":"<p><strong><img loading=\"lazy\" decoding=\"async\" class=\"alignleft\" style=\"margin: 10px;\" alt=\"betty\" src=\"https:\/\/witforjesus.org\/images\/jwstories\/betty.jpg\" width=\"141\" height=\"179\" \/><span style=\"font-size: medium;\">Betty<\/span><\/strong><span style=\"font-size: medium;\">\u00a0<\/span><\/p>\n<p><span style=\"font-size: medium;\">&#8211; Habiendo estado hambrienta por respuestas espirituales cuando los testigos de Jehov\u00e1 que hab\u00eda en su extensa familia le convencieron de que ellos ten\u00edan \u201cla Verdad,\u201d estudi\u00f3 con ellos por cuatro a\u00f1os y fue bautizada. Una vez dentro de la organizaci\u00f3n comenz\u00f3 a sentir desamor y falta de aceptaci\u00f3n hacia ella. \u00bfPor qu\u00e9? \u00bfSer\u00eda porque encontr\u00f3 inconsistencias en la doctrina de los testigos de Jehov\u00e1 y ten\u00eda interrogantes que los ancianos no pod\u00edan responder? \u00bfPor qu\u00e9 todos le estaban ignorando y rehuyendo? Perdida, herida, sola y confundida, ella batallaba, \u201c\u00bfA d\u00f3nde voy? \u00a1No existe otro lugar para m\u00ed!\u201d Servir sola a Dios, \u00a1NO era una opci\u00f3n! Finalmente, Betty se volvi\u00f3 a Jehov\u00e1 y le pregunt\u00f3 d\u00f3nde quer\u00eda \u00c9l que ella fuera. Fue entonces, con la convicci\u00f3n del Esp\u00edritu Santo y la ayuda de amigos cristianos amorosos, que Jehov\u00e1 la gui\u00f3 a la VERDAD real \u2013 a Jes\u00fas Mismo. <strong><a title=\"Betty-ex-testigos-de-jehov\u00e1\" href=\"http:\/\/4jehovah.org\/es\/el-testimonio-de-betty\/\">Lee la historia de la salida de Betty de los testigos de Jehov\u00e1.<\/a>\u00a0 <a title=\"Betty-ex-testigos-de-jehov\u00e1\" href=\"http:\/\/4jehovah.org\/es\/el-testimonio-de-betty\/\"><strong><strong><strong><strong><strong><strong><b><b><strong><strong><img loading=\"lazy\" decoding=\"async\" alt=\"bullets\" src=\"https:\/\/witforjesus.org\/images\/buttons\/read-more.jpg\" width=\"26\" height=\"12\" \/><\/strong><\/strong><\/b><\/b><\/strong><\/strong><\/strong><\/strong><\/strong><\/strong><\/a><\/strong><\/span><\/p>\n<div><img loading=\"lazy\" decoding=\"async\" alt=\"bullets\" src=\"https:\/\/witforjesus.org\/images\/bullets.jpg\" width=\"10\" height=\"9\" \/> <a title=\"Vea los art\u00edculos en ingl\u00e9s\" href=\"http:\/\/www.4witness.org\/testimonies\/ex-jehovahs-witnesses\/bettys-articles\/\"><strong>Vea los art\u00edculos en ingl\u00e9s<\/strong><\/a><\/div>\n<p>&nbsp;<\/p>\n","protected":false},"excerpt":{"rendered":"<p>Betty\u00a0 &#8211; Habiendo estado hambrienta por respuestas espirituales cuando los testigos de Jehov\u00e1 que hab\u00eda en su extensa familia le convencieron de que ellos ten\u00edan \u201cla Verdad,\u201d estudi\u00f3 con ellos por cuatro a\u00f1os y fue bautizada. Una vez dentro de la organizaci\u00f3n comenz\u00f3 a sentir desamor y falta de aceptaci\u00f3n hacia ella. \u00bfPor qu\u00e9? \u00bfSer\u00eda&#8230;<\/p>\n","protected":false},"author":2,"featured_media":0,"parent":710,"menu_order":0,"comment_status":"closed","ping_status":"closed","template":"","meta":{"footnotes":""},"class_list":["post-1189","page","type-page","status-publish","hentry"],"_links":{"self":[{"href":"https:\/\/www.4witness.org\/es\/wp-json\/wp\/v2\/pages\/1189","targetHints":{"allow":["GET"]}}],"collection":[{"href":"https:\/\/www.4witness.org\/es\/wp-json\/wp\/v2\/pages"}],"about":[{"href":"https:\/\/www.4witness.org\/es\/wp-json\/wp\/v2\/types\/page"}],"author":[{"embeddable":true,"href":"https:\/\/www.4witness.org\/es\/wp-json\/wp\/v2\/users\/2"}],"replies":[{"embeddable":true,"href":"https:\/\/www.4witness.org\/es\/wp-json\/wp\/v2\/comments?post=1189"}],"version-history":[{"count":6,"href":"https:\/\/www.4witness.org\/es\/wp-json\/wp\/v2\/pages\/1189\/revisions"}],"predecessor-version":[{"id":4837,"href":"https:\/\/www.4witness.org\/es\/wp-json\/wp\/v2\/pages\/1189\/revisions\/4837"}],"up":[{"embeddable":true,"href":"https:\/\/www.4witness.org\/es\/wp-json\/wp\/v2\/pages\/710"}],"wp:attachment":[{"href":"https:\/\/www.4witness.org\/es\/wp-json\/wp\/v2\/media?parent=1189"}],"curies":[{"name":"wp","href":"https:\/\/api.w.org\/{rel}","templated":true}]}}