{"id":9381,"date":"2018-12-20T21:19:17","date_gmt":"2018-12-21T04:19:17","guid":{"rendered":"http:\/\/www.4witness.org\/?page_id=9381"},"modified":"2018-12-20T21:19:17","modified_gmt":"2018-12-21T04:19:17","slug":"clanky","status":"publish","type":"page","link":"https:\/\/www.4witness.org\/cs\/clanky\/","title":{"rendered":"\u010cl\u00e1nky"},"content":{"rendered":"<ul class=\"lcp_catlist\" id=\"lcp_instance_0\"><li><a href=\"https:\/\/www.4witness.org\/cs\/co-je-sekta\/\">Co je sekta?<\/a><\/li><li><a href=\"https:\/\/www.4witness.org\/cs\/kym-jsem-podle-boha\/\">K\u00fdm Jsem? \u2026Podle Boha<\/a><\/li><li><a href=\"https:\/\/www.4witness.org\/cs\/modlil-jsem-se-abych-prijal-jezise-a-co-ted-mel-bych-se-pripojit-k-cirkvi-jak-poznam-bozi-vuli-a-vyhnu-se-satanovym-podvodum\/\">MODLIL JSEM SE, ABYCH P\u0158IJAL JE\u017d\u00cd\u0160E, A CO TE\u010e? \u2014 M\u011bl bych se p\u0159ipojit k c\u00edrkvi? Jak pozn\u00e1m Bo\u017e\u00ed v\u016fli a vyhnu se Satanov\u00fdm podvod\u016fm?<\/a><\/li><li><a href=\"https:\/\/www.4witness.org\/cs\/spaseni-co-je-zapotrebi-k-ziskani-vecneho-zivota\/\">SPASEN\u00cd \u2013 Co je zapot\u0159eb\u00ed k z\u00edsk\u00e1n\u00ed v\u011b\u010dn\u00e9ho \u017eivota?<\/a><\/li><li><a href=\"https:\/\/www.4witness.org\/cs\/co-je-to-trojice-kde-ma-tato-doktrina-puvod\/\">Co je to Trojice?  Kde m\u00e1 tato doktr\u00edna p\u016fvod?<\/a><\/li><li><a href=\"https:\/\/www.4witness.org\/cs\/proc-nejsou-mormoni-a-svedkove-jehovovi-krestany\/\">Pro\u010d nejsou Mormoni a sv\u011bdkov\u00e9 Jehovovi k\u0159es\u0165any<\/a><\/li><\/ul>\n","protected":false},"excerpt":{"rendered":"","protected":false},"author":2,"featured_media":0,"parent":0,"menu_order":0,"comment_status":"closed","ping_status":"closed","template":"","meta":{"footnotes":""},"class_list":["post-9381","page","type-page","status-publish","hentry"],"_links":{"self":[{"href":"https:\/\/www.4witness.org\/cs\/wp-json\/wp\/v2\/pages\/9381","targetHints":{"allow":["GET"]}}],"collection":[{"href":"https:\/\/www.4witness.org\/cs\/wp-json\/wp\/v2\/pages"}],"about":[{"href":"https:\/\/www.4witness.org\/cs\/wp-json\/wp\/v2\/types\/page"}],"author":[{"embeddable":true,"href":"https:\/\/www.4witness.org\/cs\/wp-json\/wp\/v2\/users\/2"}],"replies":[{"embeddable":true,"href":"https:\/\/www.4witness.org\/cs\/wp-json\/wp\/v2\/comments?post=9381"}],"version-history":[{"count":1,"href":"https:\/\/www.4witness.org\/cs\/wp-json\/wp\/v2\/pages\/9381\/revisions"}],"predecessor-version":[{"id":9382,"href":"https:\/\/www.4witness.org\/cs\/wp-json\/wp\/v2\/pages\/9381\/revisions\/9382"}],"wp:attachment":[{"href":"https:\/\/www.4witness.org\/cs\/wp-json\/wp\/v2\/media?parent=9381"}],"curies":[{"name":"wp","href":"https:\/\/api.w.org\/{rel}","templated":true}]}}