{"id":7335,"date":"2016-03-09T14:01:50","date_gmt":"2016-03-09T21:01:50","guid":{"rendered":"http:\/\/www.4witness.org\/cs\/?page_id=7335"},"modified":"2016-03-09T14:02:19","modified_gmt":"2016-03-09T21:02:19","slug":"knihy","status":"publish","type":"page","link":"https:\/\/www.4witness.org\/cs\/knihy\/","title":{"rendered":"Knihy"},"content":{"rendered":"<h1 class=\"title-heading-left\" data-fontsize=\"34\" data-lineheight=\"48\"><a href=\"http:\/\/www.4jehovah.org\/cs\/obchod\/knihy\/\">Knihy o sv\u011bdk\u016f Jehovov\u00fdch<\/a><\/h1>\n<figure style=\"width: 815px\" class=\"wp-caption alignnone\"><a href=\"http:\/\/www.4jehovah.org\/cs\/obchod\/knihy\/\"><img loading=\"lazy\" decoding=\"async\" class=\"\" src=\"https:\/\/www.witforjesus.org\/images\/jwmedia\/jw-store-ct.png\" alt=\"\" width=\"815\" height=\"426\" \/><\/a><figcaption class=\"wp-caption-text\">Knihy o sv\u011bdk\u016f Jehovov\u00fdch<\/figcaption><\/figure>\n","protected":false},"excerpt":{"rendered":"<p>Knihy o sv\u011bdk\u016f Jehovov\u00fdch<\/p>\n","protected":false},"author":2,"featured_media":0,"parent":0,"menu_order":0,"comment_status":"closed","ping_status":"closed","template":"","meta":{"footnotes":""},"class_list":["post-7335","page","type-page","status-publish","hentry"],"_links":{"self":[{"href":"https:\/\/www.4witness.org\/cs\/wp-json\/wp\/v2\/pages\/7335","targetHints":{"allow":["GET"]}}],"collection":[{"href":"https:\/\/www.4witness.org\/cs\/wp-json\/wp\/v2\/pages"}],"about":[{"href":"https:\/\/www.4witness.org\/cs\/wp-json\/wp\/v2\/types\/page"}],"author":[{"embeddable":true,"href":"https:\/\/www.4witness.org\/cs\/wp-json\/wp\/v2\/users\/2"}],"replies":[{"embeddable":true,"href":"https:\/\/www.4witness.org\/cs\/wp-json\/wp\/v2\/comments?post=7335"}],"version-history":[{"count":2,"href":"https:\/\/www.4witness.org\/cs\/wp-json\/wp\/v2\/pages\/7335\/revisions"}],"predecessor-version":[{"id":7337,"href":"https:\/\/www.4witness.org\/cs\/wp-json\/wp\/v2\/pages\/7335\/revisions\/7337"}],"wp:attachment":[{"href":"https:\/\/www.4witness.org\/cs\/wp-json\/wp\/v2\/media?parent=7335"}],"curies":[{"name":"wp","href":"https:\/\/api.w.org\/{rel}","templated":true}]}}