{"id":5039,"date":"2014-04-03T21:21:26","date_gmt":"2014-04-03T21:21:26","guid":{"rendered":"http:\/\/www.4witness.org\/?page_id=5039"},"modified":"2014-04-03T21:34:09","modified_gmt":"2014-04-03T21:34:09","slug":"clanky-chris","status":"publish","type":"page","link":"https:\/\/www.4witness.org\/cs\/svedectvi\/byvali-svedkove-jehovovi\/clanky-chris\/","title":{"rendered":"\u010cl\u00e1nky Chris"},"content":{"rendered":"<p><strong><strong><b><img loading=\"lazy\" decoding=\"async\" class=\"alignleft\" style=\"margin: 10px;\" alt=\"chris\" src=\"https:\/\/witforjesus.org\/images\/jwstories\/chris.jpg\" width=\"200\" height=\"203\" \/><\/b><\/strong><\/strong><\/p>\n<p><strong>Chris<\/strong>\u00a0\u2013 Vyrostl jako jeden ze sv\u011bdk\u016f Jehovov\u00fdch, usiloval o slu\u017ebu v kanadsk\u00e9 odbo\u010dce Str\u00e1\u017en\u00e9 v\u011b\u017ee, ale p\u0159i sv\u00e9m pokusu upevnit svou v\u00edru oddan\u00e9ho sv\u011bdka Jehovova, Chris zkoumal d\u011bjiny a nauky Str\u00e1\u017en\u00e9 v\u011b\u017ee, a nalezl velk\u00e9 nesrovnalosti mezi tvrzen\u00edm Spole\u010dnosti a Bibl\u00ed. Kdy\u017e ztratil svou rodinu a jedin\u00e9 p\u0159\u00e1tele, kter\u00e9 m\u011bl v organizaci, kam m\u011bl j\u00edt? D\u00edky pomoci OPRAVDOV\u00ddCH k\u0159es\u0165ansk\u00fdch p\u0159\u00e1tel nalezl Chris l\u00e1sku, p\u0159ijet\u00ed a v\u011b\u010dnou jistotu v Kristu.\u00a0<b>P\u0159e\u010dti si p\u0159\u00edb\u011bh Chrise, kter\u00fd opustil sv\u011bdky Jehovovy<\/b>. <strong><strong><strong><strong><strong><strong><strong><b><b><strong><strong><img loading=\"lazy\" decoding=\"async\" alt=\"bullets\" src=\"https:\/\/witforjesus.org\/images\/buttons\/read-more.jpg\" width=\"26\" height=\"12\" \/><\/strong><\/strong><\/b><\/b><\/strong><\/strong><\/strong><\/strong><\/strong><\/strong><\/strong><\/p>\n<p><img loading=\"lazy\" decoding=\"async\" alt=\"bullets\" src=\"https:\/\/witforjesus.org\/images\/bullets.jpg\" width=\"10\" height=\"9\" \/>\u00a0<a title=\"Zobrazen\u00ed \u010dl\u00e1nk\u016f v angli\u010dtin\u011b\" href=\"http:\/\/www.4witness.org\/testimonies\/ex-jehovahs-witnesses\/chris-articles\/\"><strong>Zobrazen\u00ed \u010dl\u00e1nk\u016f v angli\u010dtin\u011b<\/strong><\/a><\/p>\n<p>&nbsp;<\/p>\n","protected":false},"excerpt":{"rendered":"<p>Chris\u00a0\u2013 Vyrostl jako jeden ze sv\u011bdk\u016f Jehovov\u00fdch, usiloval o slu\u017ebu v kanadsk\u00e9 odbo\u010dce Str\u00e1\u017en\u00e9 v\u011b\u017ee, ale p\u0159i sv\u00e9m pokusu upevnit svou v\u00edru oddan\u00e9ho sv\u011bdka Jehovova, Chris zkoumal d\u011bjiny a nauky Str\u00e1\u017en\u00e9 v\u011b\u017ee, a nalezl velk\u00e9 nesrovnalosti mezi tvrzen\u00edm Spole\u010dnosti a Bibl\u00ed. Kdy\u017e ztratil svou rodinu a jedin\u00e9 p\u0159\u00e1tele, kter\u00e9 m\u011bl v organizaci, kam m\u011bl j\u00edt?&#8230;<\/p>\n","protected":false},"author":2,"featured_media":0,"parent":2798,"menu_order":0,"comment_status":"closed","ping_status":"closed","template":"","meta":{"footnotes":""},"class_list":["post-5039","page","type-page","status-publish","hentry"],"_links":{"self":[{"href":"https:\/\/www.4witness.org\/cs\/wp-json\/wp\/v2\/pages\/5039","targetHints":{"allow":["GET"]}}],"collection":[{"href":"https:\/\/www.4witness.org\/cs\/wp-json\/wp\/v2\/pages"}],"about":[{"href":"https:\/\/www.4witness.org\/cs\/wp-json\/wp\/v2\/types\/page"}],"author":[{"embeddable":true,"href":"https:\/\/www.4witness.org\/cs\/wp-json\/wp\/v2\/users\/2"}],"replies":[{"embeddable":true,"href":"https:\/\/www.4witness.org\/cs\/wp-json\/wp\/v2\/comments?post=5039"}],"version-history":[{"count":3,"href":"https:\/\/www.4witness.org\/cs\/wp-json\/wp\/v2\/pages\/5039\/revisions"}],"predecessor-version":[{"id":5049,"href":"https:\/\/www.4witness.org\/cs\/wp-json\/wp\/v2\/pages\/5039\/revisions\/5049"}],"up":[{"embeddable":true,"href":"https:\/\/www.4witness.org\/cs\/wp-json\/wp\/v2\/pages\/2798"}],"wp:attachment":[{"href":"https:\/\/www.4witness.org\/cs\/wp-json\/wp\/v2\/media?parent=5039"}],"curies":[{"name":"wp","href":"https:\/\/api.w.org\/{rel}","templated":true}]}}