{"id":3510,"date":"2013-07-19T21:58:52","date_gmt":"2013-07-19T21:58:52","guid":{"rendered":"http:\/\/www.4witness.org\/?page_id=3510"},"modified":"2013-07-19T23:35:42","modified_gmt":"2013-07-19T23:35:42","slug":"co-vam-nabizime","status":"publish","type":"page","link":"https:\/\/www.4witness.org\/cs\/co-vam-nabizime\/","title":{"rendered":"Co v\u00e1m nab\u00edz\u00edme"},"content":{"rendered":"<p><img loading=\"lazy\" decoding=\"async\" alt=\"Who We Are\" src=\"https:\/\/witforjesus.org\/images\/long\/4jehovah\/training.png\" width=\"590\" height=\"265\" \/><\/p>\n<p><a title=\"K\u0159es\u0165any, kte\u0159\u00ed sv\u011bd\u010d\u00ed Sv\u011bdk\u016fm Jehovov\u00fdm\" href=\"http:\/\/www.4witness.org\/cs\/krestany-kteri-svedci-svedkum-jehovovym\/\"><span style=\"font-size: large;\"><strong>K\u0158ES\u0164ANY, KTE\u0158\u00cd SV\u011aD\u010c\u00cd SV\u011aDK\u016eM JEHOVOV\u00ddM<\/strong><\/span><\/a><\/p>\n<p><a title=\"Our Gift to You \u2013 ExJW Support CD Packet\" href=\"https:\/\/www.4witness.org\/what-we-offer\/our-gift-to-you-exjw-support-cd-packet\/\"><img loading=\"lazy\" decoding=\"async\" alt=\"Who We Are\" src=\"https:\/\/witforjesus.org\/images\/jwmedia\/exjw-support.jpg\" width=\"590\" height=\"162\" \/><\/a><\/p>\n<p><span style=\"font-size: large;\"><strong><a title=\"Our Gift to You \u2013 ExJW Support CD Packet\" href=\"https:\/\/www.4witness.org\/what-we-offer\/our-gift-to-you-exjw-support-cd-packet\/\">PODPORA\u00a0B\u00ddVAL\u00ddCH SV\u011aDK\u016e JEHOVOV\u00ddCH (MP3 &#8211; POUZE V ANGLI\u010cTIN\u011a)<\/a><\/strong><\/span><\/p>\n<p><img loading=\"lazy\" decoding=\"async\" alt=\"Who We Are\" src=\"https:\/\/witforjesus.org\/images\/long\/4mormon\/missionary-tools.png\" width=\"590\" height=\"243\" \/><\/p>\n<p><span style=\"font-size: large;\"><strong>K\u0158ES\u0164ANY, KTE\u0158\u00cd SV\u011aD\u010c\u00cd MORMON\u016eM<\/strong><\/span><\/p>\n<p><a title=\"Our Gift to You \u2013 ExLDS Support CD Packet\" href=\"https:\/\/www.4witness.org\/what-we-offer\/our-gift-to-you-exlds-support-cd-packet\/\"><img loading=\"lazy\" decoding=\"async\" alt=\"Who We Are\" src=\"https:\/\/witforjesus.org\/images\/ldsmedia\/exlds-support.jpg\" width=\"590\" height=\"173\" \/><\/a><\/p>\n<p><a title=\"Our Gift to You \u2013 ExLDS Support CD Packet\" href=\"https:\/\/www.4witness.org\/what-we-offer\/our-gift-to-you-exlds-support-cd-packet\/\"><span style=\"font-size: large;\"><strong>PODPORA B\u00ddVAL\u00ddCH MORMON\u016e (MP3 &#8211; POUZE V ANGLI\u010cTIN\u011a)<\/strong><\/span><\/a><\/p>\n","protected":false},"excerpt":{"rendered":"<p>K\u0158ES\u0164ANY, KTE\u0158\u00cd SV\u011aD\u010c\u00cd SV\u011aDK\u016eM JEHOVOV\u00ddM PODPORA\u00a0B\u00ddVAL\u00ddCH SV\u011aDK\u016e JEHOVOV\u00ddCH (MP3 &#8211; POUZE V ANGLI\u010cTIN\u011a) K\u0158ES\u0164ANY, KTE\u0158\u00cd SV\u011aD\u010c\u00cd MORMON\u016eM PODPORA B\u00ddVAL\u00ddCH MORMON\u016e (MP3 &#8211; POUZE V ANGLI\u010cTIN\u011a)<\/p>\n","protected":false},"author":2,"featured_media":0,"parent":0,"menu_order":0,"comment_status":"closed","ping_status":"closed","template":"","meta":{"footnotes":""},"class_list":["post-3510","page","type-page","status-publish","hentry"],"_links":{"self":[{"href":"https:\/\/www.4witness.org\/cs\/wp-json\/wp\/v2\/pages\/3510","targetHints":{"allow":["GET"]}}],"collection":[{"href":"https:\/\/www.4witness.org\/cs\/wp-json\/wp\/v2\/pages"}],"about":[{"href":"https:\/\/www.4witness.org\/cs\/wp-json\/wp\/v2\/types\/page"}],"author":[{"embeddable":true,"href":"https:\/\/www.4witness.org\/cs\/wp-json\/wp\/v2\/users\/2"}],"replies":[{"embeddable":true,"href":"https:\/\/www.4witness.org\/cs\/wp-json\/wp\/v2\/comments?post=3510"}],"version-history":[{"count":4,"href":"https:\/\/www.4witness.org\/cs\/wp-json\/wp\/v2\/pages\/3510\/revisions"}],"predecessor-version":[{"id":3561,"href":"https:\/\/www.4witness.org\/cs\/wp-json\/wp\/v2\/pages\/3510\/revisions\/3561"}],"wp:attachment":[{"href":"https:\/\/www.4witness.org\/cs\/wp-json\/wp\/v2\/media?parent=3510"}],"curies":[{"name":"wp","href":"https:\/\/api.w.org\/{rel}","templated":true}]}}