{"id":3508,"date":"2013-07-19T21:51:07","date_gmt":"2013-07-19T21:51:07","guid":{"rendered":"http:\/\/www.4witness.org\/?page_id=3508"},"modified":"2017-09-07T12:55:13","modified_gmt":"2017-09-07T18:55:13","slug":"krestany-kteri-svedci-svedkum-jehovovym","status":"publish","type":"page","link":"https:\/\/www.4witness.org\/cs\/co-vam-nabizime\/krestany-kteri-svedci-svedkum-jehovovym\/","title":{"rendered":"K\u0159es\u0165any, kte\u0159\u00ed sv\u011bd\u010d\u00ed Sv\u011bdk\u016fm Jehovov\u00fdm"},"content":{"rendered":"<p><img loading=\"lazy\" decoding=\"async\" src=\"https:\/\/witforjesus.org\/images\/long\/4jehovah\/training.png\" alt=\"Who We Are\" width=\"590\" height=\"265\" \/><\/p>\n<p><strong><strong>\u0160KOL\u00cdC\u00cd EVANGELIZA\u010cN\u00cd N\u00c1STROJE PRO K\u0158ES\u0164ANY, KTE\u0158\u00cd SV\u011aD\u010c\u00cd SV\u011aDK\u016eM JEHOVOV\u00ddM<\/strong><\/strong><\/p>\n<p><a href=\"http:\/\/www.4jehovah.org\/cs\/obchod\/knihy\/krestanske-rozhovory-se-svedky-jehovovymi\/\"><img loading=\"lazy\" decoding=\"async\" class=\"alignnone\" src=\"https:\/\/www.witforjesus.org\/images\/jwbooks\/ccjw-cz.jpg\" alt=\"\" width=\"386\" height=\"500\" \/><\/a><\/p>\n<p><a title=\"K\u0159es\u0165ansk\u00e9 rozhovory se sv\u011bdky Jehovov\u00fdmi - Biblick\u00e9 odpov\u011bdi na ot\u00e1zky sv\u011bdk\u016f Jehovov\u00fdch\" href=\"http:\/\/www.4jehovah.org\/cs\/obchod\/knihy\/krestanske-rozhovory-se-svedky-jehovovymi\/\"><strong>K\u0159es\u0165ansk\u00e9 rozhovory se sv\u011bdky Jehovov\u00fdmi &#8211; Biblick\u00e9 odpov\u011bdi na ot\u00e1zky sv\u011bdk\u016f Jehovov\u00fdch<\/strong><\/a><\/p>\n<p><img loading=\"lazy\" decoding=\"async\" class=\"alignnone\" src=\"https:\/\/www.witforjesus.org\/images\/long\/4jehovah\/kingdom-hall.png\" alt=\"\" width=\"590\" height=\"268\" \/><\/p>\n<p><a title=\"Sv\u011bdkov\u00e9 Jehovovi \u2013 d\u011bjiny a v\u00edra\" href=\"http:\/\/4jehovah.org\/cs\/svedkove-jehovovi-vira-a-dejiny\/\"><strong>KDO JSOU SV\u011aDKOV\u00c9 JEHOVOVI?<\/strong> <strong>\u2013 Jejich d\u011bjiny, v\u00edra a sm\u011brnice<\/strong><\/a><\/p>\n<p><a href=\"http:\/\/www.4jehovah.org\/cs\/obchod\/knihy\/fakta-o-kterych-spolecnost-strazna-vez-nechce-abyste-vedeli\/\"><img loading=\"lazy\" decoding=\"async\" class=\"alignnone\" src=\"https:\/\/www.witforjesus.org\/images\/jwbooks\/jwfacts-cz.jpg\" alt=\"\" width=\"446\" height=\"660\" \/><\/a><\/p>\n<p><a title=\"Fakta, O Kter\u00fdch Spole\u010dnost Str\u00e1\u017en\u00e1 V\u011b\u017e Nechce, Abyste V\u011bd\u011bli\" href=\"http:\/\/www.4jehovah.org\/cs\/obchod\/knihy\/fakta-o-kterych-spolecnost-strazna-vez-nechce-abyste-vedeli\/\"><strong>Fakta, o kter\u00fdch spole\u010dnost Str\u00e1\u017en\u00e1 v\u011b\u017e nechce, abyste v\u011bd\u011bli<\/strong><\/a><\/p>\n<p><img loading=\"lazy\" decoding=\"async\" class=\"alignnone\" src=\"https:\/\/www.witforjesus.org\/images\/long\/4witness\/wnfj.png\" alt=\"\" width=\"590\" height=\"250\" \/><\/p>\n<p><a title=\"Evangelizing Jehovah\u2019s Witnesses\" href=\"https:\/\/www.4witness.org\/ministry-network\/ministries-to-jehovahs-witnesses\/\"><strong>Our Network Partners &#8211; Christian Ministries to Jehovah&#8217;s Witnesses<\/strong><\/a><\/p>\n<p><img loading=\"lazy\" decoding=\"async\" class=\"alignnone\" src=\"https:\/\/www.witforjesus.org\/images\/long\/4witness\/exjw-support-picnic.png\" alt=\"\" width=\"590\" height=\"283\" \/><\/p>\n<p><strong><a title=\"Ex-Jehovah's Witness Online Support Group\" href=\"https:\/\/www.4witness.org\/home\/support-groups\/\">ONLINE setk\u00e1n\u00ed celosv\u011btov\u00e9 podp\u016frn\u00e9 skupiny b\u00fdval\u00fdch sv\u011bdk\u016f Jehovov\u00fdch<\/a><\/strong> (Pouze anglicky mluv\u00edc\u00ed \u010dlenov\u00e9)<\/p>\n<p><img loading=\"lazy\" decoding=\"async\" class=\"alignnone\" src=\"https:\/\/witforjesus.org\/images\/long\/4jehovah\/bible-answers.png\" alt=\"\" width=\"590\" height=\"241\" \/><\/p>\n<p><span style=\"font-size: large;\"><strong><a title=\"Bible Answers\" href=\"http:\/\/4jehovah.org\/bible-answers\/\">BIBLICK\u00c9 ODPOV\u011aDI<\/a><\/strong><\/span><\/p>\n<ul>\n<li><strong><strong><strong>Nauky a praktiky sv\u011bdk\u016f Jehovov\u00fdch<\/strong><\/strong><\/strong><\/li>\n<li><strong><strong><strong><b>D\u011bjiny a skand\u00e1ly Spole\u010dnosti Str\u00e1\u017en\u00e1 v\u011b\u017e<\/b><\/strong><\/strong><\/strong><\/li>\n<\/ul>\n<p><img loading=\"lazy\" decoding=\"async\" class=\"alignnone\" src=\"https:\/\/witforjesus.org\/images\/long\/4jehovah\/evangelism.png\" alt=\"\" width=\"590\" height=\"265\" \/><\/p>\n<p><a href=\"http:\/\/4jehovah.org\/cs\/kazani-boziho-kralovstvi\/skolici-pruvodce-co-potrebujete-vedet\/\"><span style=\"font-size: medium;\"><strong>\u0160KOL\u00cdC\u00cd PR\u016eVODCE<\/strong><\/span><\/a><\/p>\n<ul>\n<li><strong><strong>Co pot\u0159ebujete v\u011bd\u011bt, abyste zachr\u00e1nili sv\u00e9 milovan\u00e9<\/strong><br \/>\n<\/strong><\/li>\n<li><strong>Jak \u00fa\u010dinn\u011b sv\u011bd\u010dit<br \/>\n<\/strong><\/li>\n<li><strong>Ot\u00e1zky pro svedky Jehovovy<\/strong><\/li>\n<\/ul>\n<p><img loading=\"lazy\" decoding=\"async\" class=\"alignnone\" src=\"https:\/\/witforjesus.org\/images\/long\/4jehovah\/faq.png\" alt=\"\" width=\"590\" height=\"298\" \/><\/p>\n<p><a title=\"Ex-Jehovah\u2019s Witnesses\" href=\"http:\/\/4jehovah.org\/cs\/byvali-svedkove-jehovovi\/#faq\"><span style=\"font-size: large;\"><strong>POMOC &#8211; \u010cast\u00e9 ot\u00e1zky<\/strong><\/span><\/a><\/p>\n<ul>\n<li><strong><strong><strong>Zasa\u017een\u00ed milovan\u00fdch<\/strong><\/strong><\/strong><\/li>\n<li><strong><strong><strong>Opou\u0161t\u011bn\u00ed Str\u00e1\u017en\u00e9 V\u011b\u017ee<\/strong><\/strong><\/strong><\/li>\n<li><strong><strong><strong>Chozen\u00ed a man\u017eelstv\u00ed<\/strong><\/strong><\/strong><\/li>\n<\/ul>\n<p><img loading=\"lazy\" decoding=\"async\" class=\"alignnone\" src=\"https:\/\/witforjesus.org\/images\/long\/4jehovah\/tracts.png\" alt=\"\" width=\"590\" height=\"276\" \/><\/p>\n<p><a title=\"\u0160kol\u00edc\u00ed evangeliza\u010dn\u00ed n\u00e1stroje\" href=\"http:\/\/4jehovah.org\/cs\/kazani-boziho-kralovstvi\/\"><span style=\"font-size: medium;\"><strong>\u0160KOL\u00cdC\u00cd EVANGELIZA\u010cN\u00cd N\u00c1STROJE<\/strong> <\/span><\/a><\/p>\n<ul>\n<li><strong><strong><b>Ot\u00e1zky pro sv\u011bdky Jehovovy<\/b><\/strong><\/strong><\/li>\n<li><strong><strong><b>Karty pro sv\u011bdky Jehovovy<\/b><\/strong><\/strong><\/li>\n<li><strong><strong><b>Trakt\u00e1ty pro sv\u011bdky Jehovovy<\/b><\/strong><\/strong><\/li>\n<\/ul>\n<p><a title=\"B\u00fdval\u00ed sv\u011bdkov\u00e9 Jehovovi\" href=\"https:\/\/www.4witness.org\/cs\/svedectvi\/byvali-svedkove-jehovovi\/\"><span style=\"font-size: x-large;\"><strong>SV\u011aDECTV\u00cd B\u00ddVAL\u00ddCH SV\u011aDK\u016e JEHOVOV\u00ddCH<\/strong><\/span><\/a><\/p>\n<p><a title=\"B\u00fdval\u00ed sv\u011bdkov\u00e9 Jehovovi\" href=\"https:\/\/www.4witness.org\/cs\/svedectvi\/byvali-svedkove-jehovovi\/\"><img loading=\"lazy\" decoding=\"async\" src=\"https:\/\/witforjesus.org\/images\/jwstories\/jwstories.jpg\" alt=\"TRUE FREEDOM\" width=\"590\" height=\"156\" \/><\/a><\/p>\n<p>&nbsp;<\/p>\n<p>&nbsp;<\/p>\n","protected":false},"excerpt":{"rendered":"<p>\u0160KOL\u00cdC\u00cd EVANGELIZA\u010cN\u00cd N\u00c1STROJE PRO K\u0158ES\u0164ANY, KTE\u0158\u00cd SV\u011aD\u010c\u00cd SV\u011aDK\u016eM JEHOVOV\u00ddM K\u0159es\u0165ansk\u00e9 rozhovory se sv\u011bdky Jehovov\u00fdmi &#8211; Biblick\u00e9 odpov\u011bdi na ot\u00e1zky sv\u011bdk\u016f Jehovov\u00fdch KDO JSOU SV\u011aDKOV\u00c9 JEHOVOVI? \u2013 Jejich d\u011bjiny, v\u00edra a sm\u011brnice Fakta, o kter\u00fdch spole\u010dnost Str\u00e1\u017en\u00e1 v\u011b\u017e nechce, abyste v\u011bd\u011bli Our Network Partners &#8211; Christian Ministries to Jehovah&#8217;s Witnesses ONLINE setk\u00e1n\u00ed celosv\u011btov\u00e9 podp\u016frn\u00e9 skupiny b\u00fdval\u00fdch&#8230;<\/p>\n","protected":false},"author":2,"featured_media":0,"parent":3510,"menu_order":0,"comment_status":"closed","ping_status":"closed","template":"","meta":{"footnotes":""},"class_list":["post-3508","page","type-page","status-publish","hentry"],"_links":{"self":[{"href":"https:\/\/www.4witness.org\/cs\/wp-json\/wp\/v2\/pages\/3508","targetHints":{"allow":["GET"]}}],"collection":[{"href":"https:\/\/www.4witness.org\/cs\/wp-json\/wp\/v2\/pages"}],"about":[{"href":"https:\/\/www.4witness.org\/cs\/wp-json\/wp\/v2\/types\/page"}],"author":[{"embeddable":true,"href":"https:\/\/www.4witness.org\/cs\/wp-json\/wp\/v2\/users\/2"}],"replies":[{"embeddable":true,"href":"https:\/\/www.4witness.org\/cs\/wp-json\/wp\/v2\/comments?post=3508"}],"version-history":[{"count":19,"href":"https:\/\/www.4witness.org\/cs\/wp-json\/wp\/v2\/pages\/3508\/revisions"}],"predecessor-version":[{"id":8276,"href":"https:\/\/www.4witness.org\/cs\/wp-json\/wp\/v2\/pages\/3508\/revisions\/8276"}],"up":[{"embeddable":true,"href":"https:\/\/www.4witness.org\/cs\/wp-json\/wp\/v2\/pages\/3510"}],"wp:attachment":[{"href":"https:\/\/www.4witness.org\/cs\/wp-json\/wp\/v2\/media?parent=3508"}],"curies":[{"name":"wp","href":"https:\/\/api.w.org\/{rel}","templated":true}]}}