{"id":3457,"date":"2013-07-17T19:51:00","date_gmt":"2013-07-17T19:51:00","guid":{"rendered":"http:\/\/www.4witness.org\/?page_id=3457"},"modified":"2015-03-28T16:06:14","modified_gmt":"2015-03-28T22:06:14","slug":"jak-nam-muzete-pomoci","status":"publish","type":"page","link":"https:\/\/www.4witness.org\/cs\/domu\/jak-nam-muzete-pomoci\/","title":{"rendered":"Jak n\u00e1m m\u016f\u017eete pomoci"},"content":{"rendered":"<div>\n<p><strong><strong><img loading=\"lazy\" decoding=\"async\" src=\"https:\/\/witforjesus.org\/images\/long\/4witness\/handing-tracts.png\" alt=\"Prayer Group\" width=\"590\" height=\"248\" \/><\/strong><\/strong><\/p>\n<\/div>\n<div><strong><strong>JAK N\u00c1M POMOCI S NA\u0160\u00cd SLU\u017dBOU &#8211;\u00a0 WITNESSES FOR JESUS INC<br \/>\n<\/strong><\/strong><\/div>\n<p><span style=\"font-size: large;\"><strong><a name=\"1a\"><\/a> <a href=\"#1b\">1. <strong>DARY<\/strong><\/a><\/strong><\/span><\/p>\n<p><strong><span style=\"font-size: large;\"><a name=\"2a\"><\/a> <a href=\"#2b\">2. <strong>P\u0158IDAT SE<\/strong><\/a><\/span><\/strong><\/p>\n<p><strong><span style=\"font-size: large;\"><a name=\"3a\"><\/a> <a href=\"#3b\">3. <strong>SD\u00cdLET<\/strong><\/a><\/span><\/strong><\/p>\n<p><strong><span style=\"font-size: large;\"><a name=\"4a\"><\/a> <a href=\"#4b\">4. <strong>P\u0158EKL\u00c1DAT<\/strong><\/a><\/span><\/strong><\/p>\n<p><strong><span style=\"font-size: large;\"><a name=\"5a\"><\/a> <a href=\"#5b\">5. <strong>\u00da\u010cASTNIT SE<\/strong><\/a><\/span><\/strong><\/p>\n<p>&nbsp;<\/p>\n<p><strong><a name=\"1b\"><\/a><span style=\"font-size: large;\"> <a href=\"#1a\">1. DARY \u2013 St\u00e1t se finan\u010dn\u011b podporuj\u00edc\u00edm partnerem.<\/a> <\/span><\/strong><\/p>\n<p><strong><strong><img loading=\"lazy\" decoding=\"async\" src=\"https:\/\/witforjesus.org\/images\/home\/donate.png\" alt=\"Copyright policy\" width=\"590\" height=\"261\" \/><\/strong><\/strong><\/p>\n<p><strong><strong><a title=\"D\u00e1t dar\" href=\"http:\/\/www.4witness.org\/home\/make-a-donation\/\"><img loading=\"lazy\" decoding=\"async\" title=\"D\u00e1t dar\" src=\"https:\/\/witforjesus.org\/images\/buttons\/donate-ct.jpg\" alt=\"D\u00e1t dar\" width=\"91\" height=\"23\" \/><\/a><\/strong><\/strong><\/p>\n<p>Jsme vd\u011b\u010dn\u00ed, \u017ee jsme v roce 2004 z\u00edskali 501\u00a93 neziskov\u00fd statut s IRS, USA. Ve\u0161ker\u00e9 dary pro tuto slu\u017ebu jsou odpo\u010ditateln\u00e9 z dan\u00ed. Jako u v\u011bt\u0161iny slu\u017eeb jsou finance nejv\u011bt\u0161\u00edm p\u0159\u00ednosem na\u0161\u00ed slu\u017eby s aktivn\u00ed pomoc\u00ed. Jestli\u017ee c\u00edt\u00edte, \u017ee v\u00e1s P\u00e1n vede, abyste se stali finan\u010dn\u00edmi partnery na\u0161\u00ed slu\u017eby, klikn\u011bte pro dal\u0161\u00ed podrobnosti na tla\u010d\u00edtko \u201cD\u00e1t dar\u201d. Podpo\u0159\u00edte tak n\u00e1sleduj\u00edc\u00ed aktivn\u00ed pomoci vyjmenovan\u00e9 na tomto odkazu:<\/p>\n<p style=\"padding-left: 30px;\"><strong><img decoding=\"async\" src=\"https:\/\/witforjesus.org\/images\/bullets.jpg\" alt=\"bullets\" \/>\u00a0<a title=\"Make a Donation\" href=\"https:\/\/www.4witness.org\/home\/make-a-donation\/\"><strong><strong>Jak n\u00e1s finan\u010dn\u011b podpo\u0159it \u2013 Jak se v\u00e1\u0161 dar dotkne \u017eivot\u016f<\/strong><\/strong><\/a><\/strong><\/p>\n<p><strong><a name=\"2b\"><\/a><span style=\"font-size: large;\"> <a href=\"#2a\">2. P\u0158IDAT SE \u2013 \u00da\u010dastnit se na\u0161\u00ed online modlitebn\u00ed skupiny.<\/a>\u00a0 <\/span><\/strong><\/p>\n<p><strong><strong><img loading=\"lazy\" decoding=\"async\" src=\"https:\/\/witforjesus.org\/images\/long\/4witness\/prayer.png\" alt=\"Prayer Group\" width=\"590\" height=\"265\" \/><\/strong><\/strong><\/p>\n<p><strong><strong><img loading=\"lazy\" decoding=\"async\" class=\"alignleft\" style=\"margin: 10px;\" src=\"https:\/\/witforjesus.org\/images\/events\/prayer-group.jpg\" alt=\"Prayer Group\" width=\"162\" height=\"121\" \/><\/strong><\/strong><\/p>\n<p><strong><strong><strong><strong><strong><a title=\"Newsletters\" href=\"https:\/\/www.4witness.org\/home\/newsletters\/\"><img loading=\"lazy\" decoding=\"async\" class=\"alignright\" style=\"margin: 10px;\" title=\"Newsletter Sign-up!\" src=\"https:\/\/witforjesus.org\/images\/buttons\/news_signup.png\" alt=\"Free E-Newsletter Signup Link\" width=\"190\" height=\"105\" \/><\/a><\/strong><\/strong><\/strong><\/strong><\/strong><\/p>\n<p><strong><strong><strong><img decoding=\"async\" src=\"https:\/\/witforjesus.org\/images\/bullets.jpg\" alt=\"bullets\" \/><\/strong><\/strong>\u00a0<\/strong><strong><a href=\"http:\/\/www.4witness.org\/scriptures-to-use-in-prayer\/\">Zde klikn\u011bte pro text z P\u00edsma pro modlitbu za va\u0161e p\u0159\u00e1tele<\/a>, kte\u0159\u00ed jsou sv\u011bdky Jehovov\u00fdmi.<\/strong><\/p>\n<p>Efezsk\u00fdm 6:12 zd\u016fraz\u0148uje, \u017ee \u201e\u2026n\u00e1\u0161 boj nen\u00ed proti t\u011blu a krvi, ale proti vl\u00e1dc\u016fm, proti mocnostem, proti sv\u011btov\u00fdm sil\u00e1m t\u00e9to tmy, proti duchovn\u00edm <i>sil\u00e1m <\/i>zla v\u00a0nebesk\u00fdch <i>m\u00edstech<\/i>.\u201c Z\u00a0tohoto hlediska rozv\u00edj\u00edme online modlitebn\u00ed podp\u016frn\u00fd t\u00fdm, abyste se mohli p\u0159ipojit a b\u00fdt tak povzbuzeni dal\u0161\u00edmi k\u0159es\u0165any, kdy\u017e se modl\u00edte za sv\u00e9 p\u0159\u00e1tele a p\u0159\u00edbuzn\u00e9, kte\u0159\u00ed jsou sv\u011bdky Jehovov\u00fdmi.<\/p>\n<p><strong><strong><img decoding=\"async\" src=\"https:\/\/witforjesus.org\/images\/bullets.jpg\" alt=\"bullets\" \/><\/strong>\u00a0<a title=\"Online Prayer Group\" href=\"http:\/\/www.meetup.com\/wfj-prayer\/\"><strong>Jak se dozv\u011bd\u011bt v\u00edce o na\u0161\u00ed online modlitebn\u00ed skupin\u011b.<\/strong><\/a><\/strong> (Pouze v angli\u010dtin\u011b)<\/p>\n<p><strong><a name=\"3b\"><\/a><span style=\"font-size: large;\"> <a href=\"#3a\">3. SD\u00cdLET \u2013 <b>Inzerujte na\u0161e weby na Facebooku a\/nebo dejte inzer\u00e1t do va\u0161ich m\u00edstn\u00edch novin<\/b>. <\/a><\/span><strong><strong><br \/>\n<\/strong><\/strong><\/strong><\/p>\n<p><a title=\"4Jehovah Banners and Stickers\" href=\"http:\/\/4jehovah.org\/cs\/kazani-boziho-kralovstvi\/transparenty-a-samolepky-4jehovah\/\"><strong><img loading=\"lazy\" decoding=\"async\" src=\"https:\/\/witforjesus.org\/images\/stickers\/jw\/ct-4jehovah-main.jpg\" alt=\"4Jehovah.org Website Banner\" width=\"287\" height=\"105\" \/><\/strong><\/a><\/p>\n<p><a title=\"4Mormon Banners and Stickers\" href=\"http:\/\/4mormon.org\/missionary-tools\/4mormon-org-stickers\/\"><strong><img loading=\"lazy\" decoding=\"async\" src=\"https:\/\/witforjesus.org\/images\/stickers\/lds\/4mormon-main.jpg\" alt=\"4Jehovah.org Website Banner\" width=\"295\" height=\"100\" \/><\/strong><\/a><\/p>\n<p>3 WAYS TO ADVERTIZE OUR EVANGELISTIC WEBSITES:<\/p>\n<ul>\n<li>Vyv\u011bste n\u00e1\u0161 grafick\u00fd baner 4Jehovah a 4Mormon na va\u0161em Facebooku nebo na va\u0161em blogu.<\/li>\n<li>Vytiskn\u011bte samolepky na\u0161eho webu 4Jehovah a nalepte je na \u010dasopisy Str\u00e1\u017en\u00e1 v\u011b\u017e a Probu\u010fte se, a samolepky na\u0161eho webu 4Mormon a nalepte je na Knihu Mormon, jestli\u017ee tuto literaturu najdete polo\u017eenou na ve\u0159ejn\u00fdch m\u00edstech.<\/li>\n<li>Dejte inzer\u00e1t do va\u0161ich m\u00edstn\u00edch novin a \u010dasopis\u016f.<\/li>\n<\/ul>\n<p>Viz n\u00e1sleduj\u00edc\u00ed odkaz pro dal\u0161\u00ed webov\u00e9 podoby va\u0161eho blogu a n\u00e1vrhy na efektivn\u00ed inzerov\u00e1n\u00ed textu:<\/p>\n<p style=\"padding-left: 30px;\"><strong><strong><img decoding=\"async\" src=\"https:\/\/witforjesus.org\/images\/bullets.jpg\" alt=\"bullets\" \/> <a title=\"Transparenty a samolepky 4Jehovah\" href=\"http:\/\/4jehovah.org\/cs\/kazani-boziho-kralovstvi\/transparenty-a-samolepky-4jehovah\/\"><strong>Banery a samolepky 4Jehovah<\/strong><\/a><br \/>\n<strong><strong><img decoding=\"async\" src=\"https:\/\/witforjesus.org\/images\/bullets.jpg\" alt=\"bullets\" \/> <\/strong><\/strong><strong>Banery a samolepky 4Mormon<\/strong><br \/>\n<\/strong> <\/strong><\/p>\n<p><strong><strong><br \/>\n<\/strong><\/strong><\/p>\n<p><strong><a name=\"4b\"><\/a> <span style=\"font-size: large;\"><a href=\"#4a\">4. P\u0158EKL\u00c1DAT \u2013 Dobrovoln\u00e9 p\u0159eklady \u2013 P\u0159ekl\u00e1dat na\u0161e materi\u00e1ly do ciz\u00edch jazyk\u016f.<\/a>\u00a0 <\/span><\/strong><\/p>\n<p><strong><strong><img loading=\"lazy\" decoding=\"async\" src=\"https:\/\/witforjesus.org\/images\/long\/4witness\/reflection.png\" alt=\"Prayer Group\" width=\"590\" height=\"242\" \/><\/strong><\/strong><\/p>\n<p>M\u00e1me n\u011bkolik popt\u00e1vek na p\u0159eklady do ciz\u00edch jazyk\u016f. V\u011bt\u0161ina na\u0161ich materi\u00e1l\u016f je p\u0159ekl\u00e1d\u00e1na do \u0161pan\u011bl\u0161tiny, hled\u00e1me v\u0161ak neplacen\u00e9 dobrovoln\u00edky, kte\u0159\u00ed by p\u0159ekl\u00e1dali do dal\u0161\u00edch jazyk\u016f. Jestli\u017ee vy \u010di n\u011bkdo, koho zn\u00e1te, by m\u011bl z\u00e1jem n\u00e1m pomoci p\u0159ekl\u00e1dat na\u0161e materi\u00e1ly <strong>zdarma z angli\u010dtiny do dal\u0161\u00edch jazyk\u016f<\/strong>, pros\u00edme, \u00a0<strong><a title=\"Kontakt na n\u00e1s\" href=\"https:\/\/www.4witness.org\/cs\/domu\/kontakt-na-nas\/\"><strong>kontaktujte n\u00e1s<\/strong><\/a><\/strong> (Pouze v angli\u010dtin\u011b). \u00a0Pot\u0159ebujeme p\u0159ekladatele, kte\u0159\u00ed maj\u00ed schopnosti a software, aby napsali p\u0159elo\u017een\u00fd cizojazy\u010dn\u00fd materi\u00e1l p\u0159\u00edmo do Wordu, abychom jej mohli form\u00e1tovat zp\u011bt do stylu p\u016fvodn\u00edch trakt\u00e1t\u016f a bro\u017eur anglick\u00fdch dokument\u016f, kter\u00e9 um\u00edst\u00edme na na\u0161e webov\u00e9 str\u00e1nky.<\/p>\n<p style=\"padding-left: 30px;\"><img decoding=\"async\" src=\"https:\/\/witforjesus.org\/images\/bullets.jpg\" alt=\"bullets\" \/> <strong><a title=\"Kontakt na n\u00e1s\" href=\"https:\/\/www.4witness.org\/cs\/domu\/kontakt-na-nas\/\"><strong>ZDE klikn\u011bte pro kontaktov\u00e1n\u00ed na\u0161eho veden\u00ed t\u00fdmu p\u0159ekladatel\u016f, pokud chcete nab\u00eddnout sv\u00e9 dobrovolnick\u00e9 p\u0159ekladatelsk\u00e9 slu\u017eby<\/strong><\/a><\/strong> (pouze anglicky)<\/p>\n<p>&nbsp;<\/p>\n<p><strong><a name=\"5b\"><\/a><span style=\"font-size: large;\"> <a href=\"#5a\">5. <\/a><a href=\"http:\/\/4jehovah.org\/cs\/domu\/jak-nam-muzete-pomoci\/#5a\"><strong>\u00da\u010cASTNIT SE<\/strong> \u2013 <strong>P\u0159idat se k na\u0161\u00ed online podp\u016frn\u00e9 skupin\u011b pro b\u00fdval\u00e9 sv\u011bdky Jehovovy, abyste pomohli dal\u0161\u00edm (pouze anglicky)<\/strong>.<\/a> <\/span><\/strong><\/p>\n<p><strong><strong><img decoding=\"async\" src=\"https:\/\/witforjesus.org\/images\/long\/4jehovah\/jwsupport.png\" alt=\"Prayer Group\" \/><\/strong><\/strong><\/p>\n<p>Pokud jste b\u00fdval\u00fdmi sv\u011bdky Jehovov\u00fdmi \u010di b\u00fdval\u00fdmi mormony, kte\u0159\u00ed opustili tato n\u00e1bo\u017eenstv\u00ed, aby n\u00e1sledovali prav\u00e9ho biblick\u00e9ho Je\u017e\u00ed\u0161e Krista a aby se obr\u00e1tili k biblick\u00e9mu k\u0159es\u0165anstv\u00ed, uv\u00edt\u00e1me va\u0161i \u00fa\u010dast v na\u0161ich online podp\u016frn\u00fdch skupin\u00e1ch na meetup.com. Hled\u00e1me b\u00fdval\u00e9 sv\u011bdky Jehovovy a b\u00fdval\u00e9 mormony, kte\u0159\u00ed up\u0159\u00edmn\u011b tou\u017e\u00ed pom\u00e1hat dal\u0161\u00edm na jejich cest\u011b z t\u011bchto n\u00e1bo\u017eensk\u00fdch skupin. Na\u0161e online skupiny maj\u00ed n\u011bkolik stovek \u010dlen\u016f, mnoz\u00ed z nich jsou zran\u011bn\u00ed a duchovn\u011b hledaj\u00edc\u00ed, otev\u0159en\u00ed biblick\u00e9mu veden\u00ed, kter\u00e9 ukazuje na samotn\u00e9ho Je\u017e\u00ed\u0161e, kter\u00fd d\u00e1v\u00e1 uzdraven\u00ed, a ne na n\u011bjakou c\u00edrkev \u010di n\u00e1bo\u017eenskou organizaci. Kv\u016fli citlivosti na\u0161ich zran\u011bn\u00fdch \u010dlen\u016f po\u017eadujeme, aby byla biblick\u00e1 Pravda sd\u00edlena zp\u016fsobem pln\u00fdm milosti, miluj\u00edc\u00edm a trp\u011bliv\u00fdm. Pokud v\u00e1s tato slu\u017eba zaujala, uva\u017eujte o tom, \u017ee se p\u0159id\u00e1te k na\u0161\u00ed zdarma prob\u00edhaj\u00edc\u00edm online podp\u016frn\u00fdm skupin\u00e1m b\u00fdval\u00fdch sv\u011bdk\u016f Jehovov\u00fdch \u010di b\u00fdval\u00fdch mormon\u016f na:<\/p>\n<p style=\"padding-left: 30px;\"><strong><strong><img decoding=\"async\" src=\"https:\/\/witforjesus.org\/images\/bullets.jpg\" alt=\"bullets\" \/> <a title=\"Ex-Jehovah's Witness Online Support Group\" href=\"http:\/\/www.meetup.com\/exjw-worldwide\/\"><strong>ONLINE setk\u00e1n\u00ed celosv\u011btov\u00e9 podp\u016frn\u00e9 skupiny b\u00fdval\u00fdch sv\u011bdk\u016f Jehovov\u00fdch<\/strong><\/a><\/strong><\/strong> (pouze anglicky mluv\u00edc\u00ed \u010dlenov\u00e9, b\u00fdval\u00ed sv\u011bdkov\u00e9 Jehovovi)<strong><strong><br \/>\n<strong><strong><img decoding=\"async\" src=\"https:\/\/witforjesus.org\/images\/bullets.jpg\" alt=\"bullets\" \/> <a title=\"Ex-Mormon Online Support Group\" href=\"http:\/\/www.meetup.com\/exlds-worldwide\/\"><strong title=\"Ex-Mormon Online Support Group\">ONLINE setk\u00e1n\u00ed celosv\u011btov\u00e9 podp\u016frn\u00e9 skupiny b\u00fdval\u00fdch mormon\u016f<\/strong><\/a><\/strong><\/strong><\/strong><\/strong> (pouze anglicky mluv\u00edc\u00ed \u010dlenov\u00e9, b\u00fdval\u00ed mormon\u016f)<\/p>\n<p>&nbsp;<\/p>\n","protected":false},"excerpt":{"rendered":"<p>JAK N\u00c1M POMOCI S NA\u0160\u00cd SLU\u017dBOU &#8211;\u00a0 WITNESSES FOR JESUS INC 1. DARY 2. P\u0158IDAT SE 3. SD\u00cdLET 4. P\u0158EKL\u00c1DAT 5. \u00da\u010cASTNIT SE &nbsp; 1. DARY \u2013 St\u00e1t se finan\u010dn\u011b podporuj\u00edc\u00edm partnerem. Jsme vd\u011b\u010dn\u00ed, \u017ee jsme v roce 2004 z\u00edskali 501\u00a93 neziskov\u00fd statut s IRS, USA. Ve\u0161ker\u00e9 dary pro tuto slu\u017ebu jsou odpo\u010ditateln\u00e9 z dan\u00ed&#8230;.<\/p>\n","protected":false},"author":2,"featured_media":0,"parent":2149,"menu_order":0,"comment_status":"closed","ping_status":"closed","template":"","meta":{"footnotes":""},"class_list":["post-3457","page","type-page","status-publish","hentry"],"_links":{"self":[{"href":"https:\/\/www.4witness.org\/cs\/wp-json\/wp\/v2\/pages\/3457","targetHints":{"allow":["GET"]}}],"collection":[{"href":"https:\/\/www.4witness.org\/cs\/wp-json\/wp\/v2\/pages"}],"about":[{"href":"https:\/\/www.4witness.org\/cs\/wp-json\/wp\/v2\/types\/page"}],"author":[{"embeddable":true,"href":"https:\/\/www.4witness.org\/cs\/wp-json\/wp\/v2\/users\/2"}],"replies":[{"embeddable":true,"href":"https:\/\/www.4witness.org\/cs\/wp-json\/wp\/v2\/comments?post=3457"}],"version-history":[{"count":11,"href":"https:\/\/www.4witness.org\/cs\/wp-json\/wp\/v2\/pages\/3457\/revisions"}],"predecessor-version":[{"id":6166,"href":"https:\/\/www.4witness.org\/cs\/wp-json\/wp\/v2\/pages\/3457\/revisions\/6166"}],"up":[{"embeddable":true,"href":"https:\/\/www.4witness.org\/cs\/wp-json\/wp\/v2\/pages\/2149"}],"wp:attachment":[{"href":"https:\/\/www.4witness.org\/cs\/wp-json\/wp\/v2\/media?parent=3457"}],"curies":[{"name":"wp","href":"https:\/\/api.w.org\/{rel}","templated":true}]}}