{"id":3305,"date":"2013-07-12T01:24:42","date_gmt":"2013-07-12T01:24:42","guid":{"rendered":"http:\/\/www.4witness.org\/?page_id=3305"},"modified":"2016-01-24T21:01:45","modified_gmt":"2016-01-25T04:01:45","slug":"o-nas","status":"publish","type":"page","link":"https:\/\/www.4witness.org\/cs\/domu\/o-nas\/","title":{"rendered":"O n\u00e1s"},"content":{"rendered":"<p>&nbsp;<\/p>\n<p><span class=\"style1\"><img loading=\"lazy\" decoding=\"async\" src=\"https:\/\/witforjesus.org\/images\/long\/4witness\/our-team.png\" alt=\"Who We Are\" width=\"590\" height=\"117\" \/><\/span><\/p>\n<p><strong>KDO JSME \u2013 k\u0159es\u0165an\u0161t\u00ed sv\u011bdkov\u00e9, kte\u0159\u00ed sv\u011bd\u010d\u00ed sv\u011bdk\u016fm Jehovov\u00fdm a mormon\u016fm<\/strong><\/p>\n<p>Witnesses for Jesus, Inc je neziskovou k\u0159es\u0165anskou slu\u017ebou, kter\u00e1 se v\u011bnuje sd\u00edlen\u00ed s dobrou zpr\u00e1vou o v\u011b\u010dn\u00e9 sp\u00e1se v\u00a0Je\u017e\u00ed\u0161i Kristu se sv\u011bdky Jehovov\u00fdmi a mormony (C\u00edrkev Je\u017e\u00ed\u0161e Krista posledn\u00edch dn\u016f). Jestli\u017ee se pr\u00e1v\u011b nach\u00e1z\u00edte v\u00a0jedn\u00e9 z\u00a0t\u011bchto skupin, nebo m\u00e1te p\u0159\u00e1tele \u010di p\u0159\u00edbuzn\u00e9, kte\u0159\u00ed tam jsou, je na\u0161e slu\u017eba ur\u010dena pr\u00e1v\u011b v\u00e1m!<\/p>\n<p>Na\u0161e slu\u017eba <b>nen\u00ed n\u00e1bo\u017eenstv\u00ed<\/b>. I kdy\u017e v\u011b\u0159\u00edme biblick\u00e9mu u\u010den\u00ed a usilujeme p\u0159ed\u00e1vat biblick\u00fd pohled na nauky sv\u011bdk\u016f Jehovov\u00fdch a mormon\u016f, nepodporujeme \u017e\u00e1dnou konkr\u00e9tn\u00ed c\u00edrkev, denominaci, \u010di n\u00e1bo\u017eenskou organizaci. Jsme t\u00edm, co by se dalo nazvat evangelik\u00e1ln\u00ed (zam\u011b\u0159enou na evangelium) a proti sekt\u00e1m zam\u011b\u0159enou slu\u017ebou, kter\u00e1 usiluje o podporu a spolupr\u00e1ci s\u00a0celosv\u011btov\u00fdm sborem k\u0159es\u0165ansk\u00fdch v\u011b\u0159\u00edc\u00edch.<\/p>\n<p>Mnoho lid\u00ed z\u00a0na\u0161eho t\u00fdmu dobrovoln\u00edk\u016f nav\u0161t\u011bvuje r\u016fzn\u00e1 spole\u010denstv\u00ed k\u0159es\u0165an\u016f, kte\u0159\u00ed v\u011b\u0159\u00ed Bibli, jako jsou sbory Calvary Chapel, baptist\u016f, Nazaren\u016f, metodist\u016f a presbyteri\u00e1n\u016f. Nedohl\u00ed\u017e\u00edme na osobn\u00ed k\u0159es\u0165ansk\u00fd \u017eivot t\u011bch, ji\u017e slou\u017e\u00ed v\u00a0na\u0161ich t\u00fdmech slu\u017eebn\u00edk\u016f. Po\u017eadujeme jen, aby ka\u017ed\u00fd, kdo je zapojen v\u00a0na\u0161\u00ed slu\u017eb\u011b, souhlasil s\u00a0na\u0161\u00edm Prohl\u00e1\u0161en\u00edm v\u00edry a aby byl aktivn\u00ed ve sv\u00e9m vlastn\u00edm sboru \u010di dom\u00e1c\u00ed skupince k\u0159es\u0165an\u016f. Tento po\u017eadavek je kv\u016fli tomu, aby m\u011bl ka\u017ed\u00fd \u010dlen podp\u016frn\u00fd syst\u00e9m duchovn\u00ed zodpov\u011bdnosti, jeho\u017e prost\u0159ednictv\u00edm m\u016f\u017ee m\u00edt obecenstv\u00ed s\u00a0v\u011b\u0159\u00edc\u00edmi jak v\u00a0na\u0161\u00ed slu\u017eb\u011b, tak mimo ni. Dal\u0161\u00ed informace o n\u00e1s viz:<\/p>\n<p align=\"justify\"><strong><img loading=\"lazy\" decoding=\"async\" src=\"https:\/\/witforjesus.org\/images\/home\/lighthouse.jpg\" alt=\"ExJW Meetup\" width=\"200\" height=\"133\" \/><\/strong><\/p>\n<p align=\"justify\"><strong>NA\u0160E PROHL\u00c1\u0160EN\u00cd V\u00cdRY \u2013 MISIE, VIZE A HODNOTY<\/strong><\/p>\n<p align=\"justify\"><strong><img loading=\"lazy\" decoding=\"async\" src=\"https:\/\/witforjesus.org\/images\/events\/exjw-support.jpg\" alt=\"ExJW Meetup\" width=\"200\" height=\"150\" \/><\/strong><\/p>\n<p align=\"justify\"><strong><a title=\"Support Groups\" href=\"https:\/\/www.4witness.org\/home\/support-groups\/\">NA\u0160E ONLINE PODP\u016eRN\u00c9 SKUPINY<\/a> (Pouze anglicky mluv\u00edc\u00ed \u010dlenov\u00e9)<\/strong><\/p>\n<p align=\"justify\"><strong><img loading=\"lazy\" decoding=\"async\" src=\"https:\/\/witforjesus.org\/images\/4warticles\/handing-tracts.jpg\" alt=\"ExJW Meetup\" width=\"200\" height=\"160\" \/><br \/>\n<\/strong><\/p>\n<p align=\"justify\"><strong>JAK N\u00c1M POMOCI S NA\u0160\u00cd SLU\u017dBOU<\/strong><\/p>\n<p align=\"justify\"><strong><img loading=\"lazy\" decoding=\"async\" src=\"https:\/\/witforjesus.org\/images\/home\/code-of-conduct-view.jpg\" alt=\"ExJW Meetup\" width=\"200\" height=\"160\" \/><\/strong><\/p>\n<p align=\"justify\"><b>NA\u0160E PRAVIDLA CHOV\u00c1N\u00cd PRO EVANGELIZACI<\/b><\/p>\n<p align=\"justify\"><img loading=\"lazy\" decoding=\"async\" src=\"https:\/\/witforjesus.org\/images\/4warticles\/tear-down.jpg\" alt=\"TRUE FREEDOM\" width=\"200\" height=\"150\" \/><\/p>\n<p align=\"justify\"><strong>JE PROJEVEM L\u00c1SKY VYVR\u00c1TIT N\u00c1ZORY N\u011aKOHO JIN\u00c9HO? \u2013 Otev\u0159en\u00fd dopis t\u011bm, kte\u0159\u00ed jsou proti na\u0161\u00ed slu\u017eb\u011b<\/strong><\/p>\n<p align=\"justify\"><img loading=\"lazy\" decoding=\"async\" src=\"https:\/\/witforjesus.org\/images\/4warticles\/our-team.jpg\" alt=\"TRUE FREEDOM\" width=\"200\" height=\"200\" \/><\/p>\n<p align=\"justify\"><strong><a title=\"Newsletters\" href=\"https:\/\/www.4witness.org\/home\/newsletters\/\">NA\u0160E BULLETINY A E-MAILOV\u00c9 ZPRAVODAJE O VYSLY\u0160EN\u00ddCH MODLITB\u00c1CH<\/a>\u00a0(pouze anglicky)<\/strong><\/p>\n<p align=\"justify\"><strong><img loading=\"lazy\" decoding=\"async\" src=\"https:\/\/witforjesus.org\/images\/4warticles\/christy-zion.jpg\" alt=\"Is it loving to tare down someone else's beliefs?\" width=\"200\" height=\"142\" \/><\/strong><\/p>\n<p align=\"justify\"><strong>JAK TATO SLU\u017dBA ZA\u010cALA<\/strong><\/p>\n<p align=\"justify\"><strong><img loading=\"lazy\" decoding=\"async\" src=\"https:\/\/witforjesus.org\/images\/home\/donate2.jpg\" alt=\"ExJW Meetup\" width=\"200\" height=\"150\" \/><\/strong><\/p>\n<p align=\"justify\"><strong>JAK JE TATO SLU\u017dBA FINANCOV\u00c1NA<\/strong><\/p>\n<p align=\"justify\"><strong><a title=\"What\u2019s New\" href=\"https:\/\/www.4witness.org\/cs\/novy\/\"><img loading=\"lazy\" decoding=\"async\" src=\"https:\/\/witforjesus.org\/images\/home\/new.jpg\" alt=\"ExJW Meetup\" width=\"200\" height=\"150\" \/><\/a><\/strong><\/p>\n<p align=\"justify\"><a title=\"Nov\u00fd\" href=\"https:\/\/www.4witness.org\/cs\/novy\/\"><strong>CO JE NOV\u00c9HO<\/strong><\/a><\/p>\n<p align=\"justify\"><strong><img loading=\"lazy\" decoding=\"async\" src=\"https:\/\/witforjesus.org\/images\/4warticles\/privacy-policy.jpg\" alt=\"ExJW Meetup\" width=\"200\" height=\"150\" \/><\/strong><\/p>\n<p align=\"justify\"><strong>NA\u0160E SMLUVN\u00cd PODM\u00cdNKY<\/strong><\/p>\n<p align=\"justify\">\n<p align=\"justify\">\n","protected":false},"excerpt":{"rendered":"<p>&nbsp; KDO JSME \u2013 k\u0159es\u0165an\u0161t\u00ed sv\u011bdkov\u00e9, kte\u0159\u00ed sv\u011bd\u010d\u00ed sv\u011bdk\u016fm Jehovov\u00fdm a mormon\u016fm Witnesses for Jesus, Inc je neziskovou k\u0159es\u0165anskou slu\u017ebou, kter\u00e1 se v\u011bnuje sd\u00edlen\u00ed s dobrou zpr\u00e1vou o v\u011b\u010dn\u00e9 sp\u00e1se v\u00a0Je\u017e\u00ed\u0161i Kristu se sv\u011bdky Jehovov\u00fdmi a mormony (C\u00edrkev Je\u017e\u00ed\u0161e Krista posledn\u00edch dn\u016f). Jestli\u017ee se pr\u00e1v\u011b nach\u00e1z\u00edte v\u00a0jedn\u00e9 z\u00a0t\u011bchto skupin, nebo m\u00e1te p\u0159\u00e1tele \u010di p\u0159\u00edbuzn\u00e9, kte\u0159\u00ed&#8230;<\/p>\n","protected":false},"author":2,"featured_media":0,"parent":2149,"menu_order":0,"comment_status":"closed","ping_status":"closed","template":"","meta":{"footnotes":""},"class_list":["post-3305","page","type-page","status-publish","hentry"],"_links":{"self":[{"href":"https:\/\/www.4witness.org\/cs\/wp-json\/wp\/v2\/pages\/3305","targetHints":{"allow":["GET"]}}],"collection":[{"href":"https:\/\/www.4witness.org\/cs\/wp-json\/wp\/v2\/pages"}],"about":[{"href":"https:\/\/www.4witness.org\/cs\/wp-json\/wp\/v2\/types\/page"}],"author":[{"embeddable":true,"href":"https:\/\/www.4witness.org\/cs\/wp-json\/wp\/v2\/users\/2"}],"replies":[{"embeddable":true,"href":"https:\/\/www.4witness.org\/cs\/wp-json\/wp\/v2\/comments?post=3305"}],"version-history":[{"count":4,"href":"https:\/\/www.4witness.org\/cs\/wp-json\/wp\/v2\/pages\/3305\/revisions"}],"predecessor-version":[{"id":7172,"href":"https:\/\/www.4witness.org\/cs\/wp-json\/wp\/v2\/pages\/3305\/revisions\/7172"}],"up":[{"embeddable":true,"href":"https:\/\/www.4witness.org\/cs\/wp-json\/wp\/v2\/pages\/2149"}],"wp:attachment":[{"href":"https:\/\/www.4witness.org\/cs\/wp-json\/wp\/v2\/media?parent=3305"}],"curies":[{"name":"wp","href":"https:\/\/api.w.org\/{rel}","templated":true}]}}