{"id":2798,"date":"2013-06-24T03:03:59","date_gmt":"2013-06-24T03:03:59","guid":{"rendered":"http:\/\/www.4witness.org\/?page_id=2798"},"modified":"2018-12-31T15:23:55","modified_gmt":"2018-12-31T22:23:55","slug":"byvali-svedkove-jehovovi","status":"publish","type":"page","link":"https:\/\/www.4witness.org\/cs\/svedectvi\/byvali-svedkove-jehovovi\/","title":{"rendered":"B\u00fdval\u00ed sv\u011bdkov\u00e9 Jehovovi"},"content":{"rendered":"<h3><strong>.:ZKU\u0160ENOSTI B\u00ddVAL\u00ddCH SV\u011aDK\u016e JEHOVOV\u00ddCH<\/strong><\/h3>\n<figure style=\"width: 238px\" class=\"wp-caption alignnone\"><a href=\"http:\/\/www.4witness.org\/cs\/clanky-julie\/\"><img loading=\"lazy\" decoding=\"async\" src=\"https:\/\/www.witforjesus.org\/images\/jwstories\/julie.jpg\" alt=\"\" width=\"238\" height=\"300\" \/><\/a><figcaption class=\"wp-caption-text\"><strong><a title=\"\u010cl\u00e1nky Julie\" href=\"http:\/\/www.4witness.org\/cs\/clanky-julie\/\">Julie<\/a><\/strong><\/figcaption><\/figure>\n<figure style=\"width: 206px\" class=\"wp-caption alignnone\"><a href=\"http:\/\/www.4witness.org\/cs\/clanky-trish\/\"><img loading=\"lazy\" decoding=\"async\" src=\"https:\/\/www.witforjesus.org\/images\/jwstories\/trish.jpg\" alt=\"Trish's Corner\" width=\"206\" height=\"202\" \/><\/a><figcaption class=\"wp-caption-text\"><strong><a title=\"\u010cl\u00e1nky Trish\" href=\"http:\/\/www.4witness.org\/cs\/clanky-trish\/\">Trish<\/a><\/strong><\/figcaption><\/figure>\n<figure style=\"width: 205px\" class=\"wp-caption alignnone\"><a href=\"http:\/\/www.4witness.org\/cs\/clanky-tammie\/\"><img loading=\"lazy\" decoding=\"async\" src=\"https:\/\/www.witforjesus.org\/images\/jwstories\/tammie.jpg\" alt=\"Tammie's Corner\" width=\"205\" height=\"238\" \/><\/a><figcaption class=\"wp-caption-text\"><strong><a title=\"\u010cl\u00e1nky Tammie\" href=\"http:\/\/www.4witness.org\/cs\/clanky-tammie\/\">Tammie<\/a><\/strong><\/figcaption><\/figure>\n<figure style=\"width: 259px\" class=\"wp-caption alignnone\"><a href=\"http:\/\/www.4witness.org\/cs\/clanky-dan\/\"><img loading=\"lazy\" decoding=\"async\" src=\"https:\/\/www.witforjesus.org\/images\/jwstories\/dan_kaci.jpg\" alt=\"Dan and Kaci's Corner\" width=\"259\" height=\"196\" \/><\/a><figcaption class=\"wp-caption-text\"><a title=\"\u010cl\u00e1nky Dan\" href=\"http:\/\/www.4witness.org\/cs\/clanky-dan\/\"><strong>Dan a Kaci<\/strong><\/a><\/figcaption><\/figure>\n<figure style=\"width: 243px\" class=\"wp-caption alignnone\"><a href=\"http:\/\/www.4witness.org\/cs\/clanky-beryl\/\"><img loading=\"lazy\" decoding=\"async\" src=\"https:\/\/www.witforjesus.org\/images\/jwstories\/beryl.jpg\" alt=\"Beryl's Corner\" width=\"243\" height=\"212\" \/><\/a><figcaption class=\"wp-caption-text\"><a title=\"\u010cl\u00e1nky Beryl\" href=\"http:\/\/www.4witness.org\/cs\/clanky-beryl\/\"><strong>Beryl<\/strong><\/a><\/figcaption><\/figure>\n<p><a href=\"http:\/\/www.4witness.org\/cs\/clanky-gloria\/\"><img loading=\"lazy\" decoding=\"async\" class=\"alignnone\" src=\"https:\/\/www.witforjesus.org\/images\/jwstories\/gloria-horse.jpg\" alt=\"Gloria's Corner\" width=\"228\" height=\"287\" \/><\/a><\/p>\n<p><a title=\"\u010cl\u00e1nky Gloria\" href=\"http:\/\/www.4witness.org\/cs\/clanky-gloria\/\"><strong>Gloria<\/strong><\/a><\/p>\n<figure style=\"width: 205px\" class=\"wp-caption alignnone\"><a href=\"http:\/\/www.4witness.org\/cs\/clanky-anne-marie\/\"><img loading=\"lazy\" decoding=\"async\" src=\"https:\/\/www.witforjesus.org\/images\/jwstories\/annemarie.jpg\" alt=\"Anne Marie's Corner\" width=\"205\" height=\"250\" \/><\/a><figcaption class=\"wp-caption-text\"><strong><a title=\"\u010cl\u00e1nky Anne Marie\" href=\"http:\/\/www.4witness.org\/cs\/clanky-anne-marie\/\">Anne Marie<\/a><\/strong><\/figcaption><\/figure>\n<figure style=\"width: 213px\" class=\"wp-caption alignnone\"><a href=\"http:\/\/www.4witness.org\/cs\/clanky-david\/\"><img loading=\"lazy\" decoding=\"async\" src=\"https:\/\/www.witforjesus.org\/images\/jwstories\/davidh.jpg\" alt=\"David's Corner\" width=\"213\" height=\"198\" \/><\/a><figcaption class=\"wp-caption-text\"><a title=\"\u010cl\u00e1nky David\" href=\"http:\/\/www.4witness.org\/cs\/clanky-david\/\"><strong>David<\/strong><\/a><\/figcaption><\/figure>\n<figure style=\"width: 241px\" class=\"wp-caption alignnone\"><a href=\"http:\/\/www.4witness.org\/cs\/clanky-kevin\/\"><img loading=\"lazy\" decoding=\"async\" src=\"https:\/\/www.witforjesus.org\/images\/jwstories\/kevin.jpg\" alt=\"\" width=\"241\" height=\"245\" \/><\/a><figcaption class=\"wp-caption-text\"><a title=\"\u010cl\u00e1nky Kevin\" href=\"http:\/\/www.4witness.org\/cs\/clanky-kevin\/\"><strong>Kevin<\/strong><\/a><\/figcaption><\/figure>\n<figure style=\"width: 220px\" class=\"wp-caption alignnone\"><a href=\"http:\/\/www.4witness.org\/cs\/clanky-betty\/\"><img loading=\"lazy\" decoding=\"async\" src=\"https:\/\/www.witforjesus.org\/images\/jwstories\/betty.jpg\" alt=\"Betty's Corner\" width=\"220\" height=\"279\" \/><\/a><figcaption class=\"wp-caption-text\"><a title=\"\u010cl\u00e1nky Betty\" href=\"http:\/\/www.4witness.org\/cs\/clanky-betty\/\"><strong>Betty<\/strong><\/a><\/figcaption><\/figure>\n<figure style=\"width: 221px\" class=\"wp-caption alignnone\"><a href=\"http:\/\/www.4witness.org\/cs\/clanky-jason\/\"><img loading=\"lazy\" decoding=\"async\" src=\"https:\/\/www.witforjesus.org\/images\/jwstories\/jason.jpg\" alt=\"Jason's Corner\" width=\"221\" height=\"205\" \/><\/a><figcaption class=\"wp-caption-text\"><a title=\"\u010cl\u00e1nky Jason\" href=\"http:\/\/www.4witness.org\/cs\/clanky-jason\/\"><strong>Jason<\/strong><\/a><\/figcaption><\/figure>\n<figure style=\"width: 227px\" class=\"wp-caption alignnone\"><a href=\"http:\/\/www.4witness.org\/cs\/clanky-tressa\/\"><img loading=\"lazy\" decoding=\"async\" class=\"\" src=\"https:\/\/www.witforjesus.org\/images\/jwstories\/tressa.jpg\" alt=\"Tressa's Corner\" width=\"227\" height=\"229\" \/><\/a><figcaption class=\"wp-caption-text\"><strong><a title=\"\u010cl\u00e1nky Tressa\" href=\"http:\/\/www.4witness.org\/cs\/clanky-tressa\/\">Tressa<\/a><\/strong><\/figcaption><\/figure>\n<figure style=\"width: 225px\" class=\"wp-caption alignnone\"><a href=\"https:\/\/www.4witness.org\/cs\/svedectvi\/byvali-svedkove-jehovovi\/clanky-chris\/\"><img loading=\"lazy\" decoding=\"async\" src=\"https:\/\/www.witforjesus.org\/images\/jwstories\/chris.jpg\" alt=\"Chris' Corner\" width=\"225\" height=\"219\" \/><\/a><figcaption class=\"wp-caption-text\"><a title=\"\u010cl\u00e1nky Chris\" href=\"https:\/\/www.4witness.org\/cs\/svedectvi\/byvali-svedkove-jehovovi\/clanky-chris\/\"><strong>Chris<\/strong><\/a><\/figcaption><\/figure>\n<div class=\"mceTemp\"><\/div>\n<figure style=\"width: 590px\" class=\"wp-caption alignnone\"><a href=\"http:\/\/4jehovah.org\/cs\/byvali-svedkove-jehovovi\/svedectvi-byvalych-svedku-jehovovych\/\"><img loading=\"lazy\" decoding=\"async\" src=\"https:\/\/www.witforjesus.org\/images\/jwstories\/jwstories-more.jpg\" alt=\"Dal\u0161\u00ed sv\u011bdectv\u00ed b\u00fdval\u00fdch sv\u011bdk\u016f Jehovov\u00fdch\" width=\"590\" height=\"136\" \/><\/a><figcaption class=\"wp-caption-text\"><strong><a title=\"Dal\u0161\u00ed sv\u011bdectv\u00ed b\u00fdval\u00fdch sv\u011bdk\u016f Jehovov\u00fdch\" href=\"http:\/\/4jehovah.org\/cs\/byvali-svedkove-jehovovi\/svedectvi-byvalych-svedku-jehovovych\/\">Dal\u0161\u00ed sv\u011bdectv\u00ed b\u00fdval\u00fdch sv\u011bdk\u016f Jehovov\u00fdch\u00a0<\/a><\/strong>(4Jehovah.org)<\/figcaption><\/figure>\n<p>&nbsp;<\/p>\n<p>&nbsp;<\/p>\n","protected":false},"excerpt":{"rendered":"<p>.:ZKU\u0160ENOSTI B\u00ddVAL\u00ddCH SV\u011aDK\u016e JEHOVOV\u00ddCH Gloria &nbsp; &nbsp;<\/p>\n","protected":false},"author":2,"featured_media":0,"parent":2776,"menu_order":0,"comment_status":"closed","ping_status":"closed","template":"","meta":{"footnotes":""},"class_list":["post-2798","page","type-page","status-publish","hentry"],"_links":{"self":[{"href":"https:\/\/www.4witness.org\/cs\/wp-json\/wp\/v2\/pages\/2798","targetHints":{"allow":["GET"]}}],"collection":[{"href":"https:\/\/www.4witness.org\/cs\/wp-json\/wp\/v2\/pages"}],"about":[{"href":"https:\/\/www.4witness.org\/cs\/wp-json\/wp\/v2\/types\/page"}],"author":[{"embeddable":true,"href":"https:\/\/www.4witness.org\/cs\/wp-json\/wp\/v2\/users\/2"}],"replies":[{"embeddable":true,"href":"https:\/\/www.4witness.org\/cs\/wp-json\/wp\/v2\/comments?post=2798"}],"version-history":[{"count":17,"href":"https:\/\/www.4witness.org\/cs\/wp-json\/wp\/v2\/pages\/2798\/revisions"}],"predecessor-version":[{"id":9426,"href":"https:\/\/www.4witness.org\/cs\/wp-json\/wp\/v2\/pages\/2798\/revisions\/9426"}],"up":[{"embeddable":true,"href":"https:\/\/www.4witness.org\/cs\/wp-json\/wp\/v2\/pages\/2776"}],"wp:attachment":[{"href":"https:\/\/www.4witness.org\/cs\/wp-json\/wp\/v2\/media?parent=2798"}],"curies":[{"name":"wp","href":"https:\/\/api.w.org\/{rel}","templated":true}]}}