{"id":2776,"date":"2013-06-23T23:35:23","date_gmt":"2013-06-23T23:35:23","guid":{"rendered":"http:\/\/www.4witness.org\/?page_id=2776"},"modified":"2013-06-24T06:12:26","modified_gmt":"2013-06-24T06:12:26","slug":"svedectvi","status":"publish","type":"page","link":"https:\/\/www.4witness.org\/cs\/svedectvi\/","title":{"rendered":"Sv\u011bdectv\u00ed"},"content":{"rendered":"<p>&nbsp;<\/p>\n<p><a title=\"Ex-Jehovah\u2019s Witnesses\" href=\"https:\/\/www.4witness.org\/cs\/svedectvi\/byvali-svedkove-jehovovi\/\"><strong><strong><strong><strong><img loading=\"lazy\" decoding=\"async\" alt=\"bullets\" src=\"https:\/\/witforjesus.org\/images\/jwstories\/jwstories.jpg\" width=\"590\" height=\"156\" \/><\/strong><\/strong><\/strong><\/strong><\/a><\/p>\n<p><a title=\"B\u00fdval\u00ed sv\u011bdkov\u00e9 Jehovovi\" href=\"https:\/\/www.4witness.org\/cs\/svedectvi\/byvali-svedkove-jehovovi\/\"><span style=\"font-size: x-large;\"><strong>SV\u011aDECTV\u00cd B\u00ddVAL\u00ddCH SV\u011aDK\u016e JEHOVOV\u00ddCH<\/strong><\/span><\/a><\/p>\n<p><a title=\"Ex-Mormons\" href=\"http:\/\/www.4witness.org\/ex-mormons\/\"><strong><strong><strong><strong><img decoding=\"async\" alt=\"bullets\" src=\"https:\/\/witforjesus.org\/images\/ldsstories\/ldsstories.jpg\" \/><\/strong><\/strong><\/strong><\/strong><\/a><\/p>\n<p><span style=\"font-size: x-large;\"><strong>SV\u011aDECTV\u00cd B\u00ddVAL\u00ddCH MORMON\u016e<\/strong><\/span><\/p>\n","protected":false},"excerpt":{"rendered":"<p>&nbsp; SV\u011aDECTV\u00cd B\u00ddVAL\u00ddCH SV\u011aDK\u016e JEHOVOV\u00ddCH SV\u011aDECTV\u00cd B\u00ddVAL\u00ddCH MORMON\u016e<\/p>\n","protected":false},"author":2,"featured_media":0,"parent":0,"menu_order":0,"comment_status":"closed","ping_status":"closed","template":"","meta":{"footnotes":""},"class_list":["post-2776","page","type-page","status-publish","hentry"],"_links":{"self":[{"href":"https:\/\/www.4witness.org\/cs\/wp-json\/wp\/v2\/pages\/2776","targetHints":{"allow":["GET"]}}],"collection":[{"href":"https:\/\/www.4witness.org\/cs\/wp-json\/wp\/v2\/pages"}],"about":[{"href":"https:\/\/www.4witness.org\/cs\/wp-json\/wp\/v2\/types\/page"}],"author":[{"embeddable":true,"href":"https:\/\/www.4witness.org\/cs\/wp-json\/wp\/v2\/users\/2"}],"replies":[{"embeddable":true,"href":"https:\/\/www.4witness.org\/cs\/wp-json\/wp\/v2\/comments?post=2776"}],"version-history":[{"count":4,"href":"https:\/\/www.4witness.org\/cs\/wp-json\/wp\/v2\/pages\/2776\/revisions"}],"predecessor-version":[{"id":2965,"href":"https:\/\/www.4witness.org\/cs\/wp-json\/wp\/v2\/pages\/2776\/revisions\/2965"}],"wp:attachment":[{"href":"https:\/\/www.4witness.org\/cs\/wp-json\/wp\/v2\/media?parent=2776"}],"curies":[{"name":"wp","href":"https:\/\/api.w.org\/{rel}","templated":true}]}}