{"id":2187,"date":"2013-05-07T14:00:12","date_gmt":"2013-05-07T14:00:12","guid":{"rendered":"http:\/\/www.4witness.org\/?page_id=2187"},"modified":"2016-03-09T11:27:48","modified_gmt":"2016-03-09T18:27:48","slug":"clanky-trish","status":"publish","type":"page","link":"https:\/\/www.4witness.org\/cs\/svedectvi\/byvali-svedkove-jehovovi\/clanky-trish\/","title":{"rendered":"\u010cl\u00e1nky Trish"},"content":{"rendered":"<p><strong><strong><img loading=\"lazy\" decoding=\"async\" class=\"alignleft\" style=\"margin: 10px;\" alt=\"annemarie\" src=\"https:\/\/witforjesus.org\/images\/jwstories\/trish.jpg\" width=\"206\" height=\"202\" \/><\/strong><\/strong><span style=\"font-size: medium;\"><strong>Trish<\/strong> <\/span><\/p>\n<p><span style=\"font-size: medium;\">&#8211; Narozena a vychov\u00e1v\u00e1na jako sv\u011bdek Jehov\u016fv po dobu 42 let, za\u017eila na vlastn\u00ed k\u016f\u017ei pokrytectv\u00ed, jak\u00e9 existuje v prost\u0159ed\u00ed organizace Str\u00e1\u017en\u00e1 v\u011b\u017e, kde se striktn\u011b dodr\u017euj\u00ed z\u00e1sady. Po letech, kdy pro\u017e\u00edvala t\u00fdr\u00e1n\u00ed ve sv\u00e9m man\u017eelstv\u00ed se sv\u011bdkem Jehovov\u00fdm, p\u0159estala \u017e\u00edt v souladu s ka\u017ed\u00fdm o\u010dek\u00e1v\u00e1n\u00edm Str\u00e1\u017en\u00e9 v\u011b\u017ee. Trish se se sv\u00fdm SJ man\u017eelem rozvedla a \u0159ekla mu, \u017ee on m\u016f\u017ee m\u00edt v opatrovnictv\u00ed n\u00e1bo\u017eenstv\u00ed, a ona si ponech\u00e1 d\u011bti! Kdy\u017e \u017eila v limbu bez n\u00e1bo\u017eensk\u00e9ho vyzn\u00e1n\u00ed, B\u016fh j\u00ed ve sv\u00e9m slitov\u00e1n\u00ed a millosti otev\u0159el o\u010di pro pozn\u00e1n\u00ed Pravdy, k\u00fdm Je\u017e\u00ed\u0161 skute\u010dn\u011b je! Kdy\u017e se mu pln\u011b odevzdala, nalezla pokoj a radost, to co hledala po cel\u00fd sv\u016fj \u017eivot, a on j\u00ed po\u017eehnal laskav\u00fdm a miluj\u00edc\u00edm k\u0159es\u0165ansk\u00fdm man\u017eelem, kter\u00fd se o ni star\u00e1. <b>P\u0159e\u010dti si p\u0159ib\u011bh Trish, kter\u00e1 opustila sv\u011bdky Jehovovy<strong><strong><b><b><strong><strong><a title=\"Sv\u011bdectv\u00ed b\u00fdval\u00fdch sv\u011bdk\u016f Jehovov\u00fdch\" href=\"https:\/\/www.4witness.org\/cs\/?p=6794\">.<\/a> <img loading=\"lazy\" decoding=\"async\" alt=\"bullets\" src=\"https:\/\/witforjesus.org\/images\/buttons\/read-more.jpg\" width=\"26\" height=\"12\" \/><\/strong><\/strong><\/b><\/b><\/strong><\/strong><\/b><strong><strong><br \/>\n<\/strong><\/strong><\/span><\/p>\n<p><img loading=\"lazy\" decoding=\"async\" alt=\"bullets\" src=\"https:\/\/witforjesus.org\/images\/bullets.jpg\" width=\"10\" height=\"9\" \/> <a title=\"Zobrazen\u00ed \u010dl\u00e1nk\u016f v angli\u010dtin\u011b\" href=\"http:\/\/www.4witness.org\/testimonies\/ex-jehovahs-witnesses\/trishs-articles\/\"><strong>Zobrazen\u00ed \u010dl\u00e1nk\u016f v angli\u010dtin\u011b<\/strong><\/a><\/p>\n","protected":false},"excerpt":{"rendered":"<p>Trish &#8211; Narozena a vychov\u00e1v\u00e1na jako sv\u011bdek Jehov\u016fv po dobu 42 let, za\u017eila na vlastn\u00ed k\u016f\u017ei pokrytectv\u00ed, jak\u00e9 existuje v prost\u0159ed\u00ed organizace Str\u00e1\u017en\u00e1 v\u011b\u017e, kde se striktn\u011b dodr\u017euj\u00ed z\u00e1sady. Po letech, kdy pro\u017e\u00edvala t\u00fdr\u00e1n\u00ed ve sv\u00e9m man\u017eelstv\u00ed se sv\u011bdkem Jehovov\u00fdm, p\u0159estala \u017e\u00edt v souladu s ka\u017ed\u00fdm o\u010dek\u00e1v\u00e1n\u00edm Str\u00e1\u017en\u00e9 v\u011b\u017ee. Trish se se sv\u00fdm SJ man\u017eelem&#8230;<\/p>\n","protected":false},"author":2,"featured_media":14805,"parent":2798,"menu_order":0,"comment_status":"closed","ping_status":"closed","template":"","meta":{"footnotes":""},"class_list":["post-2187","page","type-page","status-publish","has-post-thumbnail","hentry"],"_links":{"self":[{"href":"https:\/\/www.4witness.org\/cs\/wp-json\/wp\/v2\/pages\/2187","targetHints":{"allow":["GET"]}}],"collection":[{"href":"https:\/\/www.4witness.org\/cs\/wp-json\/wp\/v2\/pages"}],"about":[{"href":"https:\/\/www.4witness.org\/cs\/wp-json\/wp\/v2\/types\/page"}],"author":[{"embeddable":true,"href":"https:\/\/www.4witness.org\/cs\/wp-json\/wp\/v2\/users\/2"}],"replies":[{"embeddable":true,"href":"https:\/\/www.4witness.org\/cs\/wp-json\/wp\/v2\/comments?post=2187"}],"version-history":[{"count":5,"href":"https:\/\/www.4witness.org\/cs\/wp-json\/wp\/v2\/pages\/2187\/revisions"}],"predecessor-version":[{"id":4940,"href":"https:\/\/www.4witness.org\/cs\/wp-json\/wp\/v2\/pages\/2187\/revisions\/4940"}],"up":[{"embeddable":true,"href":"https:\/\/www.4witness.org\/cs\/wp-json\/wp\/v2\/pages\/2798"}],"wp:featuredmedia":[{"embeddable":true,"href":"https:\/\/www.4witness.org\/cs\/wp-json\/wp\/v2\/media\/14805"}],"wp:attachment":[{"href":"https:\/\/www.4witness.org\/cs\/wp-json\/wp\/v2\/media?parent=2187"}],"curies":[{"name":"wp","href":"https:\/\/api.w.org\/{rel}","templated":true}]}}