{"id":2185,"date":"2013-05-07T13:58:09","date_gmt":"2013-05-07T13:58:09","guid":{"rendered":"http:\/\/www.4witness.org\/?page_id=2185"},"modified":"2014-03-28T03:10:21","modified_gmt":"2014-03-28T03:10:21","slug":"clanky-tressa","status":"publish","type":"page","link":"https:\/\/www.4witness.org\/cs\/svedectvi\/byvali-svedkove-jehovovi\/clanky-tressa\/","title":{"rendered":"\u010cl\u00e1nky Tressa"},"content":{"rendered":"<p>&nbsp;<\/p>\n<div>\n<p><strong><img loading=\"lazy\" decoding=\"async\" class=\"alignleft\" style=\"margin: 10px;\" alt=\"tressa\" src=\"https:\/\/witforjesus.org\/images\/jwstories\/tressa.jpg\" width=\"203\" height=\"207\" \/><\/strong><\/p>\n<p>&nbsp;<\/p>\n<p><span style=\"font-size: medium;\"><strong>Tressa<\/strong> <\/span><\/p>\n<p><span style=\"font-size: medium;\">&#8211; Kdy\u017e vyr\u016fstala v katolick\u00e9 rodin\u011b, v\u0161e, co Tressa cht\u011bla, bylo, aby ji n\u011bkdo vyu\u010doval z Bible, A tak, kdy\u017e na jej\u00ed dve\u0159e zaklepali sv\u011bdkov\u00e9 Jehovovi, myslela si, \u017ee je to odpov\u011b\u010f na jej\u00ed modlitby a sv\u00fdch p\u011bt d\u011bt\u00ed vychovala v organizaci. Kdy\u017e byla vylou\u010dena kv\u016fli rozvodu se sv\u00fdm n\u00e1silnick\u00fdm man\u017eelem, Tressa se usilovn\u011b sna\u017eila b\u00fdt p\u0159ijata zp\u011bt, a nalezl ji Je\u017e\u00ed\u0161! <b>P\u0159e\u010dti si p\u0159\u00edb\u011bh Tressy, kter\u00e1 opustila sv\u011bdky Jehovovy<\/b>. <strong><strong><b><b><strong><strong><img loading=\"lazy\" decoding=\"async\" alt=\"bullets\" src=\"https:\/\/witforjesus.org\/images\/buttons\/read-more.jpg\" width=\"26\" height=\"12\" \/><\/strong><\/strong><\/b><\/b><\/strong><\/strong><\/span><\/p>\n<p><strong><strong><strong><strong><img loading=\"lazy\" decoding=\"async\" alt=\"bullets\" src=\"https:\/\/witforjesus.org\/images\/bullets.jpg\" width=\"10\" height=\"9\" \/><\/strong><\/strong><\/strong> <a title=\"Zobrazen\u00ed \u010dl\u00e1nk\u016f v angli\u010dtin\u011b\" href=\"http:\/\/www.4witness.org\/testimonies\/ex-jehovahs-witnesses\/tressas-articles\/\">Zobrazen\u00ed \u010dl\u00e1nk\u016f v angli\u010dtin\u011b<\/a><br \/>\n<\/strong><\/p>\n<p>&nbsp;<\/p>\n<\/div>\n","protected":false},"excerpt":{"rendered":"<p>&nbsp; &nbsp; Tressa &#8211; Kdy\u017e vyr\u016fstala v katolick\u00e9 rodin\u011b, v\u0161e, co Tressa cht\u011bla, bylo, aby ji n\u011bkdo vyu\u010doval z Bible, A tak, kdy\u017e na jej\u00ed dve\u0159e zaklepali sv\u011bdkov\u00e9 Jehovovi, myslela si, \u017ee je to odpov\u011b\u010f na jej\u00ed modlitby a sv\u00fdch p\u011bt d\u011bt\u00ed vychovala v organizaci. Kdy\u017e byla vylou\u010dena kv\u016fli rozvodu se sv\u00fdm n\u00e1silnick\u00fdm man\u017eelem, Tressa&#8230;<\/p>\n","protected":false},"author":2,"featured_media":0,"parent":2798,"menu_order":0,"comment_status":"closed","ping_status":"closed","template":"","meta":{"footnotes":""},"class_list":["post-2185","page","type-page","status-publish","hentry"],"_links":{"self":[{"href":"https:\/\/www.4witness.org\/cs\/wp-json\/wp\/v2\/pages\/2185","targetHints":{"allow":["GET"]}}],"collection":[{"href":"https:\/\/www.4witness.org\/cs\/wp-json\/wp\/v2\/pages"}],"about":[{"href":"https:\/\/www.4witness.org\/cs\/wp-json\/wp\/v2\/types\/page"}],"author":[{"embeddable":true,"href":"https:\/\/www.4witness.org\/cs\/wp-json\/wp\/v2\/users\/2"}],"replies":[{"embeddable":true,"href":"https:\/\/www.4witness.org\/cs\/wp-json\/wp\/v2\/comments?post=2185"}],"version-history":[{"count":7,"href":"https:\/\/www.4witness.org\/cs\/wp-json\/wp\/v2\/pages\/2185\/revisions"}],"predecessor-version":[{"id":4936,"href":"https:\/\/www.4witness.org\/cs\/wp-json\/wp\/v2\/pages\/2185\/revisions\/4936"}],"up":[{"embeddable":true,"href":"https:\/\/www.4witness.org\/cs\/wp-json\/wp\/v2\/pages\/2798"}],"wp:attachment":[{"href":"https:\/\/www.4witness.org\/cs\/wp-json\/wp\/v2\/media?parent=2185"}],"curies":[{"name":"wp","href":"https:\/\/api.w.org\/{rel}","templated":true}]}}