{"id":2182,"date":"2013-05-07T13:56:25","date_gmt":"2013-05-07T13:56:25","guid":{"rendered":"http:\/\/www.4witness.org\/?page_id=2182"},"modified":"2014-03-28T03:43:52","modified_gmt":"2014-03-28T03:43:52","slug":"clanky-tammie","status":"publish","type":"page","link":"https:\/\/www.4witness.org\/cs\/svedectvi\/byvali-svedkove-jehovovi\/clanky-tammie\/","title":{"rendered":"\u010cl\u00e1nky Tammie"},"content":{"rendered":"<p><strong><img loading=\"lazy\" decoding=\"async\" class=\"alignleft\" style=\"margin: 10px;\" alt=\"tammie\" src=\"https:\/\/witforjesus.org\/images\/jwstories\/tammie.jpg\" width=\"205\" height=\"238\" \/><\/strong><\/p>\n<p>&nbsp;<\/p>\n<p><span style=\"font-size: medium;\"><strong>Tammie<\/strong> <\/span><\/p>\n<p><span style=\"font-size: medium;\">&#8211; Vychov\u00e1na rodi\u010di, kte\u0159\u00ed byli sv\u011bdkov\u00e9 Jehovovi (jej\u00ed otec byl star\u0161\u00edm). Tammie byla p\u0159esv\u011bd\u010den\u00e1, \u017ee je v jedin\u00e9m prav\u00e9m n\u00e1bo\u017eenstv\u00ed. Ve sv\u00fdch 30 letech pr\u016fkopni\u010dila (str\u00e1vila nejm\u00e9n\u011b 90 hodin m\u011bs\u00ed\u010dn\u011b ve slu\u017eb\u011b), m\u011bla m\u011bs\u00ed\u010dn\u011b pr\u016fm\u011brn\u011b 10 \u201ebiblick\u00fdch studi\u00ed\u201c a rozdala na stovky \u010dasopis\u016f a knih Str\u00e1\u017en\u00e9 v\u011b\u017ee. Jako \u0161ikovn\u00fd \u0159e\u010dn\u00edk m\u011bla Tammie od sv\u00fdch 7 let pravideln\u00e9 \u201e\u00fakoly\u201c a \u201edemonstrace\u201c ve \u0160kole teokratick\u00e9 slu\u017eby. Svou rodinou a sv\u00fdmi p\u0159\u00e1teli byla pova\u017eov\u00e1na za vzor \u201esv\u011bdka\u201c, dokud neselhala podm\u00edne\u010dn\u00e1 l\u00e1ska, kterou p\u0159ij\u00edmala, a dokud se v\u0161echno v jej\u00edm \u017eivot\u011b nerozpadlo. Jedin\u011b v Kristu Tammie skute\u010dn\u011b nalezla to, po \u010dem dlouho tou\u017eila. <a title=\"P\u0159e\u010dti si p\u0159\u00edb\u011bh Tammie, kter\u00e1 opustila sv\u011bdky Jehovovy.\" href=\"http:\/\/4jehovah.org\/cs\/pribeh-tammie-byvaleho-svedka-jehovova\/\"><b>P\u0159e\u010dti si p\u0159\u00edb\u011bh Tammie, kter\u00e1 opustila sv\u011bdky Jehovovy<strong><strong><b><b><strong><strong><\/strong><\/strong><\/b><\/b><\/strong><\/strong><\/b><b><strong><b><b><strong><strong><b>.<\/b><\/strong><\/strong><\/b><\/b><\/strong><\/b><b><strong><strong><b><b><strong><strong> <\/strong><\/strong><\/b><\/b><\/strong><\/strong><\/b><b><strong><strong><b><b><strong><strong><img loading=\"lazy\" decoding=\"async\" alt=\"bullets\" src=\"https:\/\/witforjesus.org\/images\/buttons\/read-more.jpg\" width=\"26\" height=\"12\" \/><\/strong><\/strong><\/b><\/b><\/strong><\/strong><\/b><\/a><\/span><\/p>\n<p><img loading=\"lazy\" decoding=\"async\" alt=\"bullets\" src=\"https:\/\/witforjesus.org\/images\/bullets.jpg\" width=\"10\" height=\"9\" \/> <a title=\"Jsem zran\u011bn a zmaten, ale boj\u00edm se odej\u00edt.\" href=\"http:\/\/4jehovah.org\/cs\/jsem-zranen-a-zmaten-ale-bojim-se-odejit\/\"><strong>Jsem zran\u011bn a zmaten, ale boj\u00edm se odej\u00edt.<\/strong><\/a><\/p>\n<p><img loading=\"lazy\" decoding=\"async\" alt=\"bullets\" src=\"https:\/\/witforjesus.org\/images\/bullets.jpg\" width=\"10\" height=\"9\" \/> <a title=\"Cht\u011bl jsem se v\u00edce dozv\u011bd\u011bt o Bibli, a tak jsem za\u010dal studovat se sv\u011bdky Jehovov\u00fdmi. Jsem oklam\u00e1v\u00e1n?\" href=\"http:\/\/4jehovah.org\/cs\/chtel-jsem-se-vice-dozvedet-o-bibli-a-tak-jsem-zacal-studovat-se-svedky-jehovovymi-jsem-oklamavan\/\"><strong>Cht\u011bl jsem se v\u00edce dozv\u011bd\u011bt o Bibli, a tak jsem za\u010dal studovat se sv\u011bdky Jehovov\u00fdmi. Jsem oklam\u00e1v\u00e1n?<\/strong><\/a><\/p>\n<p><img loading=\"lazy\" decoding=\"async\" alt=\"bullets\" src=\"https:\/\/witforjesus.org\/images\/bullets.jpg\" width=\"10\" height=\"9\" \/>\u00a0<strong><a title=\"Zobrazen\u00ed \u010dl\u00e1nk\u016f v angli\u010dtin\u011b\" href=\"http:\/\/www.4witness.org\/testimonies\/ex-jehovahs-witnesses\/tammies-articles\/\">Zobrazen\u00ed \u010dl\u00e1nk\u016f v angli\u010dtin\u011b<\/a><\/strong><\/p>\n","protected":false},"excerpt":{"rendered":"<p>&nbsp; Tammie &#8211; Vychov\u00e1na rodi\u010di, kte\u0159\u00ed byli sv\u011bdkov\u00e9 Jehovovi (jej\u00ed otec byl star\u0161\u00edm). Tammie byla p\u0159esv\u011bd\u010den\u00e1, \u017ee je v jedin\u00e9m prav\u00e9m n\u00e1bo\u017eenstv\u00ed. Ve sv\u00fdch 30 letech pr\u016fkopni\u010dila (str\u00e1vila nejm\u00e9n\u011b 90 hodin m\u011bs\u00ed\u010dn\u011b ve slu\u017eb\u011b), m\u011bla m\u011bs\u00ed\u010dn\u011b pr\u016fm\u011brn\u011b 10 \u201ebiblick\u00fdch studi\u00ed\u201c a rozdala na stovky \u010dasopis\u016f a knih Str\u00e1\u017en\u00e9 v\u011b\u017ee. Jako \u0161ikovn\u00fd \u0159e\u010dn\u00edk m\u011bla Tammie od&#8230;<\/p>\n","protected":false},"author":2,"featured_media":14811,"parent":2798,"menu_order":0,"comment_status":"closed","ping_status":"closed","template":"","meta":{"footnotes":""},"class_list":["post-2182","page","type-page","status-publish","has-post-thumbnail","hentry"],"_links":{"self":[{"href":"https:\/\/www.4witness.org\/cs\/wp-json\/wp\/v2\/pages\/2182","targetHints":{"allow":["GET"]}}],"collection":[{"href":"https:\/\/www.4witness.org\/cs\/wp-json\/wp\/v2\/pages"}],"about":[{"href":"https:\/\/www.4witness.org\/cs\/wp-json\/wp\/v2\/types\/page"}],"author":[{"embeddable":true,"href":"https:\/\/www.4witness.org\/cs\/wp-json\/wp\/v2\/users\/2"}],"replies":[{"embeddable":true,"href":"https:\/\/www.4witness.org\/cs\/wp-json\/wp\/v2\/comments?post=2182"}],"version-history":[{"count":12,"href":"https:\/\/www.4witness.org\/cs\/wp-json\/wp\/v2\/pages\/2182\/revisions"}],"predecessor-version":[{"id":4952,"href":"https:\/\/www.4witness.org\/cs\/wp-json\/wp\/v2\/pages\/2182\/revisions\/4952"}],"up":[{"embeddable":true,"href":"https:\/\/www.4witness.org\/cs\/wp-json\/wp\/v2\/pages\/2798"}],"wp:featuredmedia":[{"embeddable":true,"href":"https:\/\/www.4witness.org\/cs\/wp-json\/wp\/v2\/media\/14811"}],"wp:attachment":[{"href":"https:\/\/www.4witness.org\/cs\/wp-json\/wp\/v2\/media?parent=2182"}],"curies":[{"name":"wp","href":"https:\/\/api.w.org\/{rel}","templated":true}]}}