{"id":2180,"date":"2013-05-07T13:54:00","date_gmt":"2013-05-07T13:54:00","guid":{"rendered":"http:\/\/www.4witness.org\/?page_id=2180"},"modified":"2014-03-28T03:04:09","modified_gmt":"2014-03-28T03:04:09","slug":"clanky-kevin","status":"publish","type":"page","link":"https:\/\/www.4witness.org\/cs\/svedectvi\/byvali-svedkove-jehovovi\/clanky-kevin\/","title":{"rendered":"\u010cl\u00e1nky Kevin"},"content":{"rendered":"<p><img loading=\"lazy\" decoding=\"async\" class=\"alignleft\" style=\"margin: 10px;\" alt=\"kevin\" src=\"https:\/\/witforjesus.org\/images\/jwstories\/kevin.jpg\" width=\"200\" height=\"204\" \/><strong><\/strong><\/p>\n<p>&nbsp;<\/p>\n<p><span style=\"font-size: medium;\"><strong>Kevin<\/strong> <\/span><\/p>\n<p><span style=\"font-size: medium;\">&#8211; Kdy\u017e byl mal\u00fd, Kevin v\u011bd\u011bl, \u017ee je jin\u00fd ne\u017e ostatn\u00ed ho\u0161i. Kdy\u017e mu jeho matka \u0159\u00edkala \u201eBESTIE\u201c a pokusila se ho zab\u00edt, jeho pocit odm\u00edtnut\u00ed byl potvrzen. \u201eOdkud se berou ty homosexu\u00e1ln\u00ed pocity? Narodil jsem se tak?\u201c, divil se Kevin. Vyhledal pomoc u star\u0161\u00edho od sv\u011bdk\u016f Jehovov\u00fdch a dostal knihu od Str\u00e1\u017en\u00e9 v\u011b\u017ee, aby si p\u0159i jej\u00edm \u010dten\u00ed ujasnil sv\u00e9 pocity, ale nic nepom\u00e1halo! Po 15 letech homosexu\u00e1ln\u00edch vztah\u016f s v\u00edce ne\u017e 100 mu\u017ei Kevin volal k Bohu, aby ho zachr\u00e1nil, a za\u017eil nadp\u0159irozenou, \u017eivot prom\u011b\u0148uj\u00edc\u00ed moc z Je\u017e\u00ed\u0161ova odpu\u0161t\u011bn\u00ed, kter\u00e9 ho uzdravilo z homosexuality a osvobodilo ho od podvodn\u00e9 ideologie sv\u011bdk\u016f Jehovov\u00fdch. <b>P\u0159e\u010dti si p\u0159\u00edb\u011bh Kevina, kter\u00fd opustil sv\u011bdky Jehovovy i homosexualitu. <strong><strong><b><b><strong><strong><img loading=\"lazy\" decoding=\"async\" alt=\"bullets\" src=\"https:\/\/witforjesus.org\/images\/buttons\/read-more.jpg\" width=\"26\" height=\"12\" \/><\/strong><\/strong><\/b><\/b><\/strong><\/strong><br \/>\n<\/b><\/span><\/p>\n<p><img loading=\"lazy\" decoding=\"async\" alt=\"bullets\" src=\"https:\/\/witforjesus.org\/images\/bullets.jpg\" width=\"10\" height=\"9\" \/>\u00a0 <a title=\"Zobrazen\u00ed \u010dl\u00e1nk\u016f v angli\u010dtin\u011b\" href=\"https:\/\/www.4witness.org\/cs\/svedectvi\/byvali-svedkove-jehovovi\/clanky-kevin\/\"><strong>Zobrazen\u00ed \u010dl\u00e1nk\u016f v angli\u010dtin\u011b<\/strong><\/a><\/p>\n","protected":false},"excerpt":{"rendered":"<p>&nbsp; Kevin &#8211; Kdy\u017e byl mal\u00fd, Kevin v\u011bd\u011bl, \u017ee je jin\u00fd ne\u017e ostatn\u00ed ho\u0161i. Kdy\u017e mu jeho matka \u0159\u00edkala \u201eBESTIE\u201c a pokusila se ho zab\u00edt, jeho pocit odm\u00edtnut\u00ed byl potvrzen. \u201eOdkud se berou ty homosexu\u00e1ln\u00ed pocity? Narodil jsem se tak?\u201c, divil se Kevin. Vyhledal pomoc u star\u0161\u00edho od sv\u011bdk\u016f Jehovov\u00fdch a dostal knihu od Str\u00e1\u017en\u00e9&#8230;<\/p>\n","protected":false},"author":2,"featured_media":0,"parent":2798,"menu_order":0,"comment_status":"closed","ping_status":"closed","template":"","meta":{"footnotes":""},"class_list":["post-2180","page","type-page","status-publish","hentry"],"_links":{"self":[{"href":"https:\/\/www.4witness.org\/cs\/wp-json\/wp\/v2\/pages\/2180","targetHints":{"allow":["GET"]}}],"collection":[{"href":"https:\/\/www.4witness.org\/cs\/wp-json\/wp\/v2\/pages"}],"about":[{"href":"https:\/\/www.4witness.org\/cs\/wp-json\/wp\/v2\/types\/page"}],"author":[{"embeddable":true,"href":"https:\/\/www.4witness.org\/cs\/wp-json\/wp\/v2\/users\/2"}],"replies":[{"embeddable":true,"href":"https:\/\/www.4witness.org\/cs\/wp-json\/wp\/v2\/comments?post=2180"}],"version-history":[{"count":8,"href":"https:\/\/www.4witness.org\/cs\/wp-json\/wp\/v2\/pages\/2180\/revisions"}],"predecessor-version":[{"id":4930,"href":"https:\/\/www.4witness.org\/cs\/wp-json\/wp\/v2\/pages\/2180\/revisions\/4930"}],"up":[{"embeddable":true,"href":"https:\/\/www.4witness.org\/cs\/wp-json\/wp\/v2\/pages\/2798"}],"wp:attachment":[{"href":"https:\/\/www.4witness.org\/cs\/wp-json\/wp\/v2\/media?parent=2180"}],"curies":[{"name":"wp","href":"https:\/\/api.w.org\/{rel}","templated":true}]}}