{"id":2178,"date":"2013-05-07T13:52:16","date_gmt":"2013-05-07T13:52:16","guid":{"rendered":"http:\/\/www.4witness.org\/?page_id=2178"},"modified":"2014-03-28T02:57:52","modified_gmt":"2014-03-28T02:57:52","slug":"clanky-julie","status":"publish","type":"page","link":"https:\/\/www.4witness.org\/cs\/svedectvi\/byvali-svedkove-jehovovi\/clanky-julie\/","title":{"rendered":"\u010cl\u00e1nky Julie"},"content":{"rendered":"<p><strong><img loading=\"lazy\" decoding=\"async\" class=\"alignleft\" style=\"margin: 10px;\" alt=\"julie\" src=\"https:\/\/witforjesus.org\/images\/jwstories\/julie.jpg\" width=\"227\" height=\"331\" \/><\/strong><\/p>\n<p>&nbsp;<\/p>\n<p><span style=\"font-size: medium;\"><strong>Julie<\/strong> <\/span><\/p>\n<p><span style=\"font-size: medium;\">&#8211; Kdy\u017e Julie konvertovala ke sv\u011bdk\u016fm Jehovov\u00fdm, v\u011b\u0159ila, \u017ee nalezla \u201ePravdu,\u201c ale kdy\u017e se j\u00ed ve sboru posm\u00edvali za koment\u00e1\u0159 o \u201evlku\u201c v rou\u0161e ber\u00e1n\u010d\u00edm, a \u0159ekli j\u00ed, \u017ee \u201etyto ver\u0161e\u201c o vlc\u00edch byly \u201epouze pro k\u0159es\u0165any z prvn\u00edho stolet\u00ed,\u201c a ne pro dne\u0161n\u00ed Jehovovu organizaci, v\u011bd\u011bla, \u017ee n\u011bco je naprosto \u0161patn\u011b! Kv\u016fli tomu, \u017ee Julie vid\u011bla, jak jsou star\u0161\u00ed \u0161koleni, aby zakr\u00fdvali sv\u00e1 selh\u00e1n\u00ed, aby se organizace navenek jevila dob\u0159e, se jej\u00ed v\u00edra ve Spole\u010dnost se rozpadla. Byla \u201evylou\u010dena\u201c za \u201eodpadlictv\u00ed,\u201c kdy\u017e odm\u00edtala up\u0159ednostnit v\u00edru v organizaci p\u0159ed v\u00edrou v Je\u017e\u00ed\u0161e, jako sv\u00e9ho JEDIN\u00c9HO prost\u0159edn\u00edka, a dnes Julie svobodn\u011b slou\u017e\u00ed SKUTE\u010cN\u00c9MU Bohu Jehovovi v radosti a v pravd\u011b! <b>P\u0159e\u010dti si p\u0159\u00edb\u011bh Julie, kter\u00e1 opustila sv\u011bdky Jehovovy<\/b>.\u00a0 <strong><strong><strong><strong><strong><strong><b><b><strong><strong><img loading=\"lazy\" decoding=\"async\" alt=\"bullets\" src=\"https:\/\/witforjesus.org\/images\/buttons\/read-more.jpg\" width=\"26\" height=\"12\" \/><\/strong><\/strong><\/b><\/b><\/strong><\/strong><\/strong><\/strong><\/strong><\/strong><br \/>\n<\/span><\/p>\n<p><img loading=\"lazy\" decoding=\"async\" alt=\"bullets\" src=\"https:\/\/witforjesus.org\/images\/bullets.jpg\" width=\"10\" height=\"9\" \/> <a title=\"Zobrazen\u00ed \u010dl\u00e1nk\u016f v angli\u010dtin\u011b\" href=\"http:\/\/www.4witness.org\/testimonies\/ex-jehovahs-witnesses\/julies-articles\/\"><strong>Zobrazen\u00ed \u010dl\u00e1nk\u016f v angli\u010dtin\u011b<\/strong><\/a><\/p>\n<p>&nbsp;<\/p>\n<p>&nbsp;<\/p>\n","protected":false},"excerpt":{"rendered":"<p>&nbsp; Julie &#8211; Kdy\u017e Julie konvertovala ke sv\u011bdk\u016fm Jehovov\u00fdm, v\u011b\u0159ila, \u017ee nalezla \u201ePravdu,\u201c ale kdy\u017e se j\u00ed ve sboru posm\u00edvali za koment\u00e1\u0159 o \u201evlku\u201c v rou\u0161e ber\u00e1n\u010d\u00edm, a \u0159ekli j\u00ed, \u017ee \u201etyto ver\u0161e\u201c o vlc\u00edch byly \u201epouze pro k\u0159es\u0165any z prvn\u00edho stolet\u00ed,\u201c a ne pro dne\u0161n\u00ed Jehovovu organizaci, v\u011bd\u011bla, \u017ee n\u011bco je naprosto \u0161patn\u011b! Kv\u016fli&#8230;<\/p>\n","protected":false},"author":2,"featured_media":14792,"parent":2798,"menu_order":0,"comment_status":"closed","ping_status":"closed","template":"","meta":{"footnotes":""},"class_list":["post-2178","page","type-page","status-publish","has-post-thumbnail","hentry"],"_links":{"self":[{"href":"https:\/\/www.4witness.org\/cs\/wp-json\/wp\/v2\/pages\/2178","targetHints":{"allow":["GET"]}}],"collection":[{"href":"https:\/\/www.4witness.org\/cs\/wp-json\/wp\/v2\/pages"}],"about":[{"href":"https:\/\/www.4witness.org\/cs\/wp-json\/wp\/v2\/types\/page"}],"author":[{"embeddable":true,"href":"https:\/\/www.4witness.org\/cs\/wp-json\/wp\/v2\/users\/2"}],"replies":[{"embeddable":true,"href":"https:\/\/www.4witness.org\/cs\/wp-json\/wp\/v2\/comments?post=2178"}],"version-history":[{"count":6,"href":"https:\/\/www.4witness.org\/cs\/wp-json\/wp\/v2\/pages\/2178\/revisions"}],"predecessor-version":[{"id":4925,"href":"https:\/\/www.4witness.org\/cs\/wp-json\/wp\/v2\/pages\/2178\/revisions\/4925"}],"up":[{"embeddable":true,"href":"https:\/\/www.4witness.org\/cs\/wp-json\/wp\/v2\/pages\/2798"}],"wp:featuredmedia":[{"embeddable":true,"href":"https:\/\/www.4witness.org\/cs\/wp-json\/wp\/v2\/media\/14792"}],"wp:attachment":[{"href":"https:\/\/www.4witness.org\/cs\/wp-json\/wp\/v2\/media?parent=2178"}],"curies":[{"name":"wp","href":"https:\/\/api.w.org\/{rel}","templated":true}]}}