{"id":2176,"date":"2013-05-07T13:50:08","date_gmt":"2013-05-07T13:50:08","guid":{"rendered":"http:\/\/www.4witness.org\/?page_id=2176"},"modified":"2014-03-28T02:53:11","modified_gmt":"2014-03-28T02:53:11","slug":"clanky-jason","status":"publish","type":"page","link":"https:\/\/www.4witness.org\/cs\/svedectvi\/byvali-svedkove-jehovovi\/clanky-jason\/","title":{"rendered":"\u010cl\u00e1nky Jason"},"content":{"rendered":"<p><strong><img loading=\"lazy\" decoding=\"async\" class=\"alignleft\" style=\"margin: 10px;\" alt=\"jason_family\" src=\"https:\/\/witforjesus.org\/images\/jwstories\/jason_family.jpg\" width=\"305\" height=\"263\" \/><\/strong><strong><\/strong><strong><span style=\"font-size: medium;\">Jason &#8211; Jak B\u016fh zachr\u00e1nil m\u011b a moji rodinu <\/span><\/strong><\/p>\n<p><span style=\"font-size: medium;\">\u2013 Teologie Str\u00e1\u017en\u00e9 v\u011b\u017ee o v\u011b\u010dn\u00e9m \u017eivot\u011b na zemi se Jasonovi velmi zamlouvala. Se svou \u017eenou Jenny byli v roce 1994 pok\u0159t\u011bni jako sv\u011bdkov\u00e9 Jehovovi a n\u00e1sledn\u011b vychovali sv\u00e9 \u010dty\u0159i d\u011bti v p\u0159\u00edsn\u00e9m otro\u010den\u00ed \u010dinnostem Str\u00e1\u017en\u00e9 v\u011b\u017ee. Kdy\u017e byli sv\u011bdky mnoha k\u0159ivd, kter\u00e9 nap\u00e1chali star\u0161\u00ed na \u010dlenech sboru, Jason a Jenny uvid\u011bli tu absolutn\u00ed vl\u00e1du organizace nad jej\u00edmi \u010dleny. Vprost\u0159ed toho tlaku Jason p\u0159em\u00fd\u0161lel o Je\u017e\u00ed\u0161ov\u00fdch slovech u Matou\u0161e 11:28 a ptal se: \u201eKde je u m\u011b chyba? Nec\u00edt\u00edm to ob\u010derstven\u00ed, kter\u00e9 Je\u017e\u00ed\u0161 sl\u00edbil.\u201c P\u0159i hled\u00e1n\u00ed odpov\u011bd\u00ed se obr\u00e1til na Bibli a na sv\u011bdectv\u00ed b\u00fdval\u00fdch sv\u011bdk\u016f Jehovov\u00fdch. Nalezl skute\u010dnou svobodu v Kristu. Jason, Jenny a jejich \u010dty\u0159i d\u011bti jsou nyn\u00ed kone\u010dn\u011b svobodn\u00ed! <b>P\u0159e\u010dti si p\u0159\u00edb\u011bh Jasona, kter\u00fd opustil sv\u011bdky Jehovovy. <strong><strong><b><b><strong><strong><img loading=\"lazy\" decoding=\"async\" alt=\"bullets\" src=\"https:\/\/witforjesus.org\/images\/buttons\/read-more.jpg\" width=\"26\" height=\"12\" \/><\/strong><\/strong><\/b><\/b><\/strong><\/strong><br \/>\n<\/b><\/span><\/p>\n<p><img loading=\"lazy\" decoding=\"async\" alt=\"bullets\" src=\"https:\/\/witforjesus.org\/images\/bullets.jpg\" width=\"10\" height=\"9\" \/>\u00a0\u00a0<a title=\"Zobrazen\u00ed \u010dl\u00e1nk\u016f v angli\u010dtin\" href=\"http:\/\/www.4witness.org\/testimonies\/ex-jehovahs-witnesses\/jasons-articles\/\"><strong>Zobrazen\u00ed \u010dl\u00e1nk\u016f v angli\u010dtin<\/strong><\/a><\/p>\n","protected":false},"excerpt":{"rendered":"<p>Jason &#8211; Jak B\u016fh zachr\u00e1nil m\u011b a moji rodinu \u2013 Teologie Str\u00e1\u017en\u00e9 v\u011b\u017ee o v\u011b\u010dn\u00e9m \u017eivot\u011b na zemi se Jasonovi velmi zamlouvala. Se svou \u017eenou Jenny byli v roce 1994 pok\u0159t\u011bni jako sv\u011bdkov\u00e9 Jehovovi a n\u00e1sledn\u011b vychovali sv\u00e9 \u010dty\u0159i d\u011bti v p\u0159\u00edsn\u00e9m otro\u010den\u00ed \u010dinnostem Str\u00e1\u017en\u00e9 v\u011b\u017ee. Kdy\u017e byli sv\u011bdky mnoha k\u0159ivd, kter\u00e9 nap\u00e1chali star\u0161\u00ed na&#8230;<\/p>\n","protected":false},"author":2,"featured_media":0,"parent":2798,"menu_order":0,"comment_status":"closed","ping_status":"closed","template":"","meta":{"footnotes":""},"class_list":["post-2176","page","type-page","status-publish","hentry"],"_links":{"self":[{"href":"https:\/\/www.4witness.org\/cs\/wp-json\/wp\/v2\/pages\/2176","targetHints":{"allow":["GET"]}}],"collection":[{"href":"https:\/\/www.4witness.org\/cs\/wp-json\/wp\/v2\/pages"}],"about":[{"href":"https:\/\/www.4witness.org\/cs\/wp-json\/wp\/v2\/types\/page"}],"author":[{"embeddable":true,"href":"https:\/\/www.4witness.org\/cs\/wp-json\/wp\/v2\/users\/2"}],"replies":[{"embeddable":true,"href":"https:\/\/www.4witness.org\/cs\/wp-json\/wp\/v2\/comments?post=2176"}],"version-history":[{"count":7,"href":"https:\/\/www.4witness.org\/cs\/wp-json\/wp\/v2\/pages\/2176\/revisions"}],"predecessor-version":[{"id":4920,"href":"https:\/\/www.4witness.org\/cs\/wp-json\/wp\/v2\/pages\/2176\/revisions\/4920"}],"up":[{"embeddable":true,"href":"https:\/\/www.4witness.org\/cs\/wp-json\/wp\/v2\/pages\/2798"}],"wp:attachment":[{"href":"https:\/\/www.4witness.org\/cs\/wp-json\/wp\/v2\/media?parent=2176"}],"curies":[{"name":"wp","href":"https:\/\/api.w.org\/{rel}","templated":true}]}}