{"id":2174,"date":"2013-05-07T13:41:33","date_gmt":"2013-05-07T13:41:33","guid":{"rendered":"http:\/\/www.4witness.org\/?page_id=2174"},"modified":"2014-03-28T02:48:12","modified_gmt":"2014-03-28T02:48:12","slug":"clanky-gloria","status":"publish","type":"page","link":"https:\/\/www.4witness.org\/cs\/svedectvi\/byvali-svedkove-jehovovi\/clanky-gloria\/","title":{"rendered":"\u010cl\u00e1nky Gloria"},"content":{"rendered":"<p><strong><\/strong><b><strong><strong><strong><strong><b><strong><strong><strong><strong><b><strong><img loading=\"lazy\" decoding=\"async\" class=\"alignleft\" style=\"margin: 10px;\" alt=\"Gloria's Horse Photography\" src=\"https:\/\/witforjesus.org\/images\/jwblogs\/gloria\/gloria-horse.jpg\" width=\"205\" height=\"256\" \/><\/strong><\/b><\/strong><\/strong><\/strong><\/strong><\/b><\/strong><\/strong><\/strong><\/strong><\/b><\/p>\n<p><span style=\"font-size: medium;\"><strong>.:Gloria<\/strong> <\/span><\/p>\n<p><span style=\"font-size: medium;\">&#8211; Byla p\u00e1tou generac\u00ed sv\u011bdk\u016f Jehovov\u00fdch. Jej\u00ed p\u0159\u00edb\u011bh sah\u00e1 p\u0159es 100 let do minulosti, do \u010das\u016f jej\u00ed prababi\u010dky. Jej\u00ed rodina nejen n\u00e1sledovala u\u010den\u00ed Russella, ale stali se i zvl\u00e1\u0161tn\u00edmi pr\u016fkopn\u00edky a 150 hodin m\u011bs\u00ed\u010dn\u011b cestovali v\u00a0Midwestu od m\u011bsta k\u00a0m\u011bstu, aby prom\u00edtali Russellovo fotodrama o stvo\u0159en\u00ed. Gloria neode\u0161la od Str\u00e1\u017en\u00e9 v\u011b\u017ee, proto\u017ee by zjistila, \u017ee organizace nem\u00e1 pravdu. Ode\u0161la, proto\u017ee hledala Je\u017e\u00ed\u0161e.\u00a0 <b>P\u0159e\u010dti si p\u0159\u00edb\u011bh Glorie, kter\u00e1 opustila sv\u011bdky Jehovovy. <strong><strong><b><b><strong><strong><img loading=\"lazy\" decoding=\"async\" alt=\"bullets\" src=\"https:\/\/witforjesus.org\/images\/buttons\/read-more.jpg\" width=\"26\" height=\"12\" \/><\/strong><\/strong><\/b><\/b><\/strong><\/strong><\/b><\/span><strong><\/strong><\/p>\n<p><b><strong><strong><strong><strong><img loading=\"lazy\" decoding=\"async\" alt=\"bullets\" src=\"https:\/\/witforjesus.org\/images\/bullets.jpg\" width=\"10\" height=\"9\" \/><\/strong><\/strong><\/strong><\/strong>\u00a0\u00a0<\/b><a href=\"http:\/\/www.4witness.org\/testimonies\/ex-jehovahs-witnesses\/glorias-articles\/\"><strong>Zobrazen\u00ed \u010dl\u00e1nk\u016f v angli\u010dtin\u011b<\/strong><\/a><\/p>\n","protected":false},"excerpt":{"rendered":"<p>.:Gloria &#8211; Byla p\u00e1tou generac\u00ed sv\u011bdk\u016f Jehovov\u00fdch. Jej\u00ed p\u0159\u00edb\u011bh sah\u00e1 p\u0159es 100 let do minulosti, do \u010das\u016f jej\u00ed prababi\u010dky. Jej\u00ed rodina nejen n\u00e1sledovala u\u010den\u00ed Russella, ale stali se i zvl\u00e1\u0161tn\u00edmi pr\u016fkopn\u00edky a 150 hodin m\u011bs\u00ed\u010dn\u011b cestovali v\u00a0Midwestu od m\u011bsta k\u00a0m\u011bstu, aby prom\u00edtali Russellovo fotodrama o stvo\u0159en\u00ed. Gloria neode\u0161la od Str\u00e1\u017en\u00e9 v\u011b\u017ee, proto\u017ee by zjistila, \u017ee&#8230;<\/p>\n","protected":false},"author":2,"featured_media":0,"parent":2798,"menu_order":0,"comment_status":"closed","ping_status":"closed","template":"","meta":{"footnotes":""},"class_list":["post-2174","page","type-page","status-publish","hentry"],"_links":{"self":[{"href":"https:\/\/www.4witness.org\/cs\/wp-json\/wp\/v2\/pages\/2174","targetHints":{"allow":["GET"]}}],"collection":[{"href":"https:\/\/www.4witness.org\/cs\/wp-json\/wp\/v2\/pages"}],"about":[{"href":"https:\/\/www.4witness.org\/cs\/wp-json\/wp\/v2\/types\/page"}],"author":[{"embeddable":true,"href":"https:\/\/www.4witness.org\/cs\/wp-json\/wp\/v2\/users\/2"}],"replies":[{"embeddable":true,"href":"https:\/\/www.4witness.org\/cs\/wp-json\/wp\/v2\/comments?post=2174"}],"version-history":[{"count":8,"href":"https:\/\/www.4witness.org\/cs\/wp-json\/wp\/v2\/pages\/2174\/revisions"}],"predecessor-version":[{"id":4912,"href":"https:\/\/www.4witness.org\/cs\/wp-json\/wp\/v2\/pages\/2174\/revisions\/4912"}],"up":[{"embeddable":true,"href":"https:\/\/www.4witness.org\/cs\/wp-json\/wp\/v2\/pages\/2798"}],"wp:attachment":[{"href":"https:\/\/www.4witness.org\/cs\/wp-json\/wp\/v2\/media?parent=2174"}],"curies":[{"name":"wp","href":"https:\/\/api.w.org\/{rel}","templated":true}]}}