{"id":2172,"date":"2013-05-07T13:38:13","date_gmt":"2013-05-07T13:38:13","guid":{"rendered":"http:\/\/www.4witness.org\/?page_id=2172"},"modified":"2014-03-28T02:38:02","modified_gmt":"2014-03-28T02:38:02","slug":"clanky-david","status":"publish","type":"page","link":"https:\/\/www.4witness.org\/cs\/svedectvi\/byvali-svedkove-jehovovi\/clanky-david\/","title":{"rendered":"\u010cl\u00e1nky David"},"content":{"rendered":"<p><strong><img loading=\"lazy\" decoding=\"async\" class=\"alignleft\" style=\"margin: 10px;\" alt=\"jason_family\" src=\"https:\/\/witforjesus.org\/images\/jwstories\/davidh.jpg\" width=\"213\" height=\"198\" \/><\/strong><strong><\/strong><span style=\"font-size: large;\"><strong>David <\/strong><\/span><\/p>\n<p><span style=\"font-size: large;\">&#8211; Vychov\u00e1n v Anglii jako sv\u011bdek Jehov\u016fv. Str\u00e1vil 49 let v zajet\u00ed Str\u00e1\u017en\u00e9 v\u011b\u017ee. David a jeho \u017eena Christine ode\u0161li, aby nalezli opravdovou svobodu v Kristu. \u0160li tam, kde \u201ebyla velk\u00e1 pot\u0159eba.\u201c David slou\u017eil v mnoha vedouc\u00edch postaven\u00edch v organizaci, jen aby nalezl jako odm\u011bnu za sv\u00e9 \u00fasil\u00ed, \u017ee se mu bez d\u016fvodu vyh\u00fdbali a poc\u00edtil ryz\u00ed \u201enedostatek l\u00e1sky\u201c mezi \u201ebratry\u201c a \u201esestrami\u201c ve sboru. Jedin\u011b v osobn\u00edm vztahu s Je\u017e\u00ed\u0161em nalezli to, po \u010dem po cel\u00fd sv\u016fj \u017eivot tou\u017eili. \u2013 <b>P\u0159e\u010dti si p\u0159\u00edb\u011bh Davida, kter\u00fd opustil sv\u011bdky Jehovovy.\u00a0 <strong><strong><strong><strong><strong><strong><b><b><strong><strong><img loading=\"lazy\" decoding=\"async\" alt=\"bullets\" src=\"https:\/\/witforjesus.org\/images\/buttons\/read-more.jpg\" width=\"26\" height=\"12\" \/><\/strong><\/strong><\/b><\/b><\/strong><\/strong><\/strong><\/strong><\/strong><\/strong><br \/>\n<\/b><\/span><\/p>\n<p><strong><img loading=\"lazy\" decoding=\"async\" alt=\"bullets\" src=\"https:\/\/witforjesus.org\/images\/bullets.jpg\" width=\"10\" height=\"9\" \/>\u00a0<a title=\"Zobrazen\u00ed \u010dl\u00e1nk\u016f v angli\u010dtin\u011b\" href=\"http:\/\/www.4witness.org\/testimonies\/ex-jehovahs-witnesses\/davids-articles\/\">Zobrazen\u00ed \u010dl\u00e1nk\u016f v angli\u010dtin\u011b <\/a><\/strong><\/p>\n","protected":false},"excerpt":{"rendered":"<p>David &#8211; Vychov\u00e1n v Anglii jako sv\u011bdek Jehov\u016fv. Str\u00e1vil 49 let v zajet\u00ed Str\u00e1\u017en\u00e9 v\u011b\u017ee. David a jeho \u017eena Christine ode\u0161li, aby nalezli opravdovou svobodu v Kristu. \u0160li tam, kde \u201ebyla velk\u00e1 pot\u0159eba.\u201c David slou\u017eil v mnoha vedouc\u00edch postaven\u00edch v organizaci, jen aby nalezl jako odm\u011bnu za sv\u00e9 \u00fasil\u00ed, \u017ee se mu bez d\u016fvodu vyh\u00fdbali&#8230;<\/p>\n","protected":false},"author":2,"featured_media":0,"parent":2798,"menu_order":0,"comment_status":"closed","ping_status":"closed","template":"","meta":{"footnotes":""},"class_list":["post-2172","page","type-page","status-publish","hentry"],"_links":{"self":[{"href":"https:\/\/www.4witness.org\/cs\/wp-json\/wp\/v2\/pages\/2172","targetHints":{"allow":["GET"]}}],"collection":[{"href":"https:\/\/www.4witness.org\/cs\/wp-json\/wp\/v2\/pages"}],"about":[{"href":"https:\/\/www.4witness.org\/cs\/wp-json\/wp\/v2\/types\/page"}],"author":[{"embeddable":true,"href":"https:\/\/www.4witness.org\/cs\/wp-json\/wp\/v2\/users\/2"}],"replies":[{"embeddable":true,"href":"https:\/\/www.4witness.org\/cs\/wp-json\/wp\/v2\/comments?post=2172"}],"version-history":[{"count":6,"href":"https:\/\/www.4witness.org\/cs\/wp-json\/wp\/v2\/pages\/2172\/revisions"}],"predecessor-version":[{"id":4907,"href":"https:\/\/www.4witness.org\/cs\/wp-json\/wp\/v2\/pages\/2172\/revisions\/4907"}],"up":[{"embeddable":true,"href":"https:\/\/www.4witness.org\/cs\/wp-json\/wp\/v2\/pages\/2798"}],"wp:attachment":[{"href":"https:\/\/www.4witness.org\/cs\/wp-json\/wp\/v2\/media?parent=2172"}],"curies":[{"name":"wp","href":"https:\/\/api.w.org\/{rel}","templated":true}]}}