{"id":2170,"date":"2013-05-07T13:35:35","date_gmt":"2013-05-07T13:35:35","guid":{"rendered":"http:\/\/www.4witness.org\/?page_id=2170"},"modified":"2014-03-28T01:24:19","modified_gmt":"2014-03-28T01:24:19","slug":"clanky-dan","status":"publish","type":"page","link":"https:\/\/www.4witness.org\/cs\/svedectvi\/byvali-svedkove-jehovovi\/clanky-dan\/","title":{"rendered":"\u010cl\u00e1nky Dan"},"content":{"rendered":"<p><strong><strong><img loading=\"lazy\" decoding=\"async\" class=\"alignleft\" style=\"margin: 10px;\" alt=\"dan_kaci\" src=\"https:\/\/witforjesus.org\/images\/jwstories\/dan_kaci.jpg\" width=\"313\" height=\"272\" \/><\/strong><\/strong><strong><\/strong><\/p>\n<p>&nbsp;<\/p>\n<p><span style=\"font-size: medium;\"><strong>Dan <\/strong><\/span><\/p>\n<p><span style=\"font-size: medium;\">&#8211; Byl jsem vychov\u00e1n jako sv\u011bdek Jehov\u016fv, ale nikdy jsem nec\u00edtil, \u017ee pat\u0159\u00edm do s\u00e1lu Kr\u00e1lovstv\u00ed. V roce 2008, kdy\u017e jsem pracoval na tom, abych byl sv\u011bdky Jehovov\u00fdmi p\u0159ijat, m\u016fj bratr se sestrou, kte\u0159\u00ed opustili sv\u011bdky Jehovovy d\u0159\u00edve ne\u017e j\u00e1, mi za\u010dali s l\u00e1skou poskytovat pomoc, p\u0159i kter\u00e9 pou\u017e\u00edvali informace z tohoto webu. Brzy jsem vydal sv\u016fj \u017eivot Kristu a mohl jsem v\u00e9st ke Kristu i mou \u017eenu Kaci. Nyn\u00ed je m\u00e1 cesta s Je\u017e\u00ed\u0161em tak velkolep\u00e1. Miluji sv\u00e9ho Spasitele! <b>P\u0159e\u010dti si p\u0159\u00edb\u011bh Dana, kter\u00fd opustil sv\u011bdky Jehovovy. <strong><strong><b><b><strong><strong><img loading=\"lazy\" decoding=\"async\" alt=\"bullets\" src=\"https:\/\/witforjesus.org\/images\/buttons\/read-more.jpg\" width=\"26\" height=\"12\" \/><\/strong><\/strong><\/b><\/b><\/strong><\/strong><br \/>\n<\/b><\/span><\/p>\n<p>&nbsp;<\/p>\n<div><img loading=\"lazy\" decoding=\"async\" alt=\"bullets\" src=\"https:\/\/witforjesus.org\/images\/bullets.jpg\" width=\"10\" height=\"9\" \/><strong>\u00a0<a href=\"http:\/\/www.4witness.org\/testimonies\/ex-jehovahs-witnesses\/dans-articles\/\">Zobrazen\u00ed \u010dl\u00e1nk\u016f v angli\u010dtin\u011b<\/a><\/strong><\/div>\n","protected":false},"excerpt":{"rendered":"<p>&nbsp; Dan &#8211; Byl jsem vychov\u00e1n jako sv\u011bdek Jehov\u016fv, ale nikdy jsem nec\u00edtil, \u017ee pat\u0159\u00edm do s\u00e1lu Kr\u00e1lovstv\u00ed. V roce 2008, kdy\u017e jsem pracoval na tom, abych byl sv\u011bdky Jehovov\u00fdmi p\u0159ijat, m\u016fj bratr se sestrou, kte\u0159\u00ed opustili sv\u011bdky Jehovovy d\u0159\u00edve ne\u017e j\u00e1, mi za\u010dali s l\u00e1skou poskytovat pomoc, p\u0159i kter\u00e9 pou\u017e\u00edvali informace z tohoto webu&#8230;.<\/p>\n","protected":false},"author":2,"featured_media":14817,"parent":2798,"menu_order":0,"comment_status":"closed","ping_status":"closed","template":"","meta":{"footnotes":""},"class_list":["post-2170","page","type-page","status-publish","has-post-thumbnail","hentry"],"_links":{"self":[{"href":"https:\/\/www.4witness.org\/cs\/wp-json\/wp\/v2\/pages\/2170","targetHints":{"allow":["GET"]}}],"collection":[{"href":"https:\/\/www.4witness.org\/cs\/wp-json\/wp\/v2\/pages"}],"about":[{"href":"https:\/\/www.4witness.org\/cs\/wp-json\/wp\/v2\/types\/page"}],"author":[{"embeddable":true,"href":"https:\/\/www.4witness.org\/cs\/wp-json\/wp\/v2\/users\/2"}],"replies":[{"embeddable":true,"href":"https:\/\/www.4witness.org\/cs\/wp-json\/wp\/v2\/comments?post=2170"}],"version-history":[{"count":6,"href":"https:\/\/www.4witness.org\/cs\/wp-json\/wp\/v2\/pages\/2170\/revisions"}],"predecessor-version":[{"id":4847,"href":"https:\/\/www.4witness.org\/cs\/wp-json\/wp\/v2\/pages\/2170\/revisions\/4847"}],"up":[{"embeddable":true,"href":"https:\/\/www.4witness.org\/cs\/wp-json\/wp\/v2\/pages\/2798"}],"wp:featuredmedia":[{"embeddable":true,"href":"https:\/\/www.4witness.org\/cs\/wp-json\/wp\/v2\/media\/14817"}],"wp:attachment":[{"href":"https:\/\/www.4witness.org\/cs\/wp-json\/wp\/v2\/media?parent=2170"}],"curies":[{"name":"wp","href":"https:\/\/api.w.org\/{rel}","templated":true}]}}