{"id":2168,"date":"2013-05-07T13:32:14","date_gmt":"2013-05-07T13:32:14","guid":{"rendered":"http:\/\/www.4witness.org\/?page_id=2168"},"modified":"2014-03-28T01:16:23","modified_gmt":"2014-03-28T01:16:23","slug":"clanky-betty","status":"publish","type":"page","link":"https:\/\/www.4witness.org\/cs\/svedectvi\/byvali-svedkove-jehovovi\/clanky-betty\/","title":{"rendered":"\u010cl\u00e1nky Betty"},"content":{"rendered":"<p><strong><img loading=\"lazy\" decoding=\"async\" class=\"alignleft\" style=\"margin: 10px;\" alt=\"betty\" src=\"https:\/\/witforjesus.org\/images\/jwstories\/betty.jpg\" width=\"141\" height=\"179\" \/><\/strong><span style=\"font-size: medium;\"><strong>Betty<\/strong> <\/span><\/p>\n<p><span style=\"font-size: medium;\">\u2013 Byla hladov\u00e1 po duchovn\u00edch odpov\u011bd\u00edch, kdy\u017e ji sv\u011bdkov\u00e9 Jehovovi z p\u0159\u00edbuzenstva p\u0159esv\u011bd\u010dili, \u017ee maj\u00ed \u201ePravdu,\u201c a ona s nimi \u010dty\u0159i roky studovala a byla pok\u0159t\u011bn\u00e1. Jednou se uvnit\u0159 organizace za\u010dala c\u00edtit nemilovan\u00e1 a nep\u0159ijat\u00e1. Pro\u010d? Proto\u017ee na\u0161la v u\u010den\u00ed sv\u011bdk\u016f Jehovov\u00fdch nesrovnalosti a m\u011bla ot\u00e1zky, na kter\u00e9 j\u00ed star\u0161\u00ed nedok\u00e1zali odpov\u011bd\u011bt? Pro\u010d ji v\u0161ichni ignorovali a vyh\u00fdbali se j\u00ed? Bezradn\u00e1, zran\u011bn\u00e1, osam\u011bl\u00e1 a zmaten\u00e1 bojovala: \u201eKam p\u016fjdu? Nen\u00ed \u017e\u00e1dn\u00e9 jin\u00e9 m\u00edsto, kam bych \u0161la!\u201c Slou\u017eit Bohu sama NEBYLO mo\u017en\u00e9! Kone\u010dn\u011b se Betty obr\u00e1tila na Jehovu a zeptala se ho, kam chce, aby \u0161la. Tehdy, d\u00edky usv\u011bd\u010den\u00ed Duchem svat\u00fdm a pomoci miluj\u00edc\u00edch k\u0159es\u0165ansk\u00fdch p\u0159\u00e1tel, ji Jehova vedl ke skute\u010dn\u00e9 PRAVD\u011a \u2013 samotn\u00e9mu Je\u017e\u00ed\u0161i. <b>P\u0159e\u010dti si p\u0159\u00edb\u011bh Betty, kter\u00e1 opustila sv\u011bdky Jehovovy.\u00a0 <strong><strong><strong><strong><strong><strong><b><b><strong><strong><img loading=\"lazy\" decoding=\"async\" alt=\"bullets\" src=\"https:\/\/witforjesus.org\/images\/buttons\/read-more.jpg\" width=\"26\" height=\"12\" \/><\/strong><\/strong><\/b><\/b><\/strong><\/strong><\/strong><\/strong><\/strong><\/strong><br \/>\n<\/b><\/span><\/p>\n<div><img loading=\"lazy\" decoding=\"async\" alt=\"bullets\" src=\"https:\/\/witforjesus.org\/images\/bullets.jpg\" width=\"10\" height=\"9\" \/>\u00a0\u00a0<a href=\"http:\/\/www.4witness.org\/testimonies\/ex-jehovahs-witnesses\/bettys-articles\/\"><strong>Zobrazen\u00ed \u010dl\u00e1nk\u016f v angli\u010dtin\u011b<\/strong><\/a><\/div>\n<p>&nbsp;<\/p>\n","protected":false},"excerpt":{"rendered":"<p>Betty \u2013 Byla hladov\u00e1 po duchovn\u00edch odpov\u011bd\u00edch, kdy\u017e ji sv\u011bdkov\u00e9 Jehovovi z p\u0159\u00edbuzenstva p\u0159esv\u011bd\u010dili, \u017ee maj\u00ed \u201ePravdu,\u201c a ona s nimi \u010dty\u0159i roky studovala a byla pok\u0159t\u011bn\u00e1. Jednou se uvnit\u0159 organizace za\u010dala c\u00edtit nemilovan\u00e1 a nep\u0159ijat\u00e1. Pro\u010d? Proto\u017ee na\u0161la v u\u010den\u00ed sv\u011bdk\u016f Jehovov\u00fdch nesrovnalosti a m\u011bla ot\u00e1zky, na kter\u00e9 j\u00ed star\u0161\u00ed nedok\u00e1zali odpov\u011bd\u011bt? Pro\u010d ji&#8230;<\/p>\n","protected":false},"author":2,"featured_media":0,"parent":2798,"menu_order":0,"comment_status":"closed","ping_status":"closed","template":"","meta":{"footnotes":""},"class_list":["post-2168","page","type-page","status-publish","hentry"],"_links":{"self":[{"href":"https:\/\/www.4witness.org\/cs\/wp-json\/wp\/v2\/pages\/2168","targetHints":{"allow":["GET"]}}],"collection":[{"href":"https:\/\/www.4witness.org\/cs\/wp-json\/wp\/v2\/pages"}],"about":[{"href":"https:\/\/www.4witness.org\/cs\/wp-json\/wp\/v2\/types\/page"}],"author":[{"embeddable":true,"href":"https:\/\/www.4witness.org\/cs\/wp-json\/wp\/v2\/users\/2"}],"replies":[{"embeddable":true,"href":"https:\/\/www.4witness.org\/cs\/wp-json\/wp\/v2\/comments?post=2168"}],"version-history":[{"count":7,"href":"https:\/\/www.4witness.org\/cs\/wp-json\/wp\/v2\/pages\/2168\/revisions"}],"predecessor-version":[{"id":4839,"href":"https:\/\/www.4witness.org\/cs\/wp-json\/wp\/v2\/pages\/2168\/revisions\/4839"}],"up":[{"embeddable":true,"href":"https:\/\/www.4witness.org\/cs\/wp-json\/wp\/v2\/pages\/2798"}],"wp:attachment":[{"href":"https:\/\/www.4witness.org\/cs\/wp-json\/wp\/v2\/media?parent=2168"}],"curies":[{"name":"wp","href":"https:\/\/api.w.org\/{rel}","templated":true}]}}