{"id":2166,"date":"2013-05-07T13:15:54","date_gmt":"2013-05-07T13:15:54","guid":{"rendered":"http:\/\/www.4witness.org\/?page_id=2166"},"modified":"2014-05-09T00:13:55","modified_gmt":"2014-05-09T00:13:55","slug":"clanky-beryl","status":"publish","type":"page","link":"https:\/\/www.4witness.org\/cs\/svedectvi\/byvali-svedkove-jehovovi\/clanky-beryl\/","title":{"rendered":"\u010cl\u00e1nky Beryl"},"content":{"rendered":"<p><strong><img loading=\"lazy\" decoding=\"async\" class=\"alignleft\" style=\"margin: 10px;\" src=\"https:\/\/witforjesus.org\/images\/jwstories\/beryl.jpg\" alt=\"beryl\" width=\"356\" height=\"321\" \/><\/strong><\/p>\n<p>&nbsp;<\/p>\n<p><span style=\"font-size: medium;\"><strong>Beryl<\/strong> <\/span><\/p>\n<p><span style=\"font-size: medium;\">&#8211; Jako ta, kter\u00e1 sn\u00e1\u0161ela fyzick\u00e9, duchovn\u00ed a citov\u00e9 zneu\u017e\u00edv\u00e1n\u00ed u sv\u011bdk\u016f Jehovov\u00fdch, str\u00e1vila Beryl velkou \u010d\u00e1st sv\u00e9ho \u017eivota dotazov\u00e1n\u00edm se Jehovy: \u201ePro\u010d se to stalo? Jak jsi to mohl dopustit?\u201d Je tak \u0161\u0165astn\u00e1, \u017ee m\u016f\u017ee st\u00e1t zde p\u0159ed tebou a prohla\u0161ovat, \u017ee je \u017eiv\u00fdm sv\u011bdectv\u00edm t\u011bch nejp\u0159\u00ed\u0161ern\u011bj\u0161\u00edch, nejkrut\u011bj\u0161\u00edch a devastuj\u00edc\u00edch \u017eivotn\u00edch zku\u0161enost\u00ed, kter\u00e9 se mohou obr\u00e1tit v dobro, pokud jen d\u00e1me Jehovovi \u0161anci. <b>P\u0159e\u010dti si p\u0159\u00edb\u011bh Beryl, kter\u00e1 opustila sv\u011bdky Jehovovy. <strong><strong><b><b><strong><strong><img loading=\"lazy\" decoding=\"async\" src=\"https:\/\/witforjesus.org\/images\/buttons\/read-more.jpg\" alt=\"bullets\" width=\"26\" height=\"12\" \/><\/strong><\/strong><\/b><\/b><\/strong><\/strong><br \/>\n<\/b><\/span><\/p>\n<p>&nbsp;<\/p>\n<p><a href=\"http:\/\/www.amazon.com\/He-Showed-Me-Why-survivor\/dp\/1461036798\/\"><img loading=\"lazy\" decoding=\"async\" class=\"alignleft\" src=\"https:\/\/witforjesus.org\/images\/jwstories\/beryl-book.jpg\" alt=\"He Showed Me Why\" width=\"265\" height=\"382\" \/><\/a><\/p>\n<p><strong><strong><strong><strong><img loading=\"lazy\" decoding=\"async\" src=\"https:\/\/witforjesus.org\/images\/bullets.jpg\" alt=\"bullets\" width=\"10\" height=\"9\" \/><\/strong><\/strong><\/strong>\u00a0<a title=\"Zobrazen\u00ed \u010dl\u00e1nk\u016f v angli\u010dtin\u011b\" href=\"http:\/\/www.4witness.org\/testimonies\/ex-jehovahs-witnesses\/beryls-articles\/\">Zobrazen\u00ed \u010dl\u00e1nk\u016f v angli\u010dtin\u011b<\/a><\/strong><\/p>\n<p>&nbsp;<\/p>\n<p>&nbsp;<\/p>\n","protected":false},"excerpt":{"rendered":"<p>&nbsp; Beryl &#8211; Jako ta, kter\u00e1 sn\u00e1\u0161ela fyzick\u00e9, duchovn\u00ed a citov\u00e9 zneu\u017e\u00edv\u00e1n\u00ed u sv\u011bdk\u016f Jehovov\u00fdch, str\u00e1vila Beryl velkou \u010d\u00e1st sv\u00e9ho \u017eivota dotazov\u00e1n\u00edm se Jehovy: \u201ePro\u010d se to stalo? Jak jsi to mohl dopustit?\u201d Je tak \u0161\u0165astn\u00e1, \u017ee m\u016f\u017ee st\u00e1t zde p\u0159ed tebou a prohla\u0161ovat, \u017ee je \u017eiv\u00fdm sv\u011bdectv\u00edm t\u011bch nejp\u0159\u00ed\u0161ern\u011bj\u0161\u00edch, nejkrut\u011bj\u0161\u00edch a devastuj\u00edc\u00edch \u017eivotn\u00edch zku\u0161enost\u00ed,&#8230;<\/p>\n","protected":false},"author":2,"featured_media":0,"parent":2798,"menu_order":0,"comment_status":"closed","ping_status":"closed","template":"","meta":{"footnotes":""},"class_list":["post-2166","page","type-page","status-publish","hentry"],"_links":{"self":[{"href":"https:\/\/www.4witness.org\/cs\/wp-json\/wp\/v2\/pages\/2166","targetHints":{"allow":["GET"]}}],"collection":[{"href":"https:\/\/www.4witness.org\/cs\/wp-json\/wp\/v2\/pages"}],"about":[{"href":"https:\/\/www.4witness.org\/cs\/wp-json\/wp\/v2\/types\/page"}],"author":[{"embeddable":true,"href":"https:\/\/www.4witness.org\/cs\/wp-json\/wp\/v2\/users\/2"}],"replies":[{"embeddable":true,"href":"https:\/\/www.4witness.org\/cs\/wp-json\/wp\/v2\/comments?post=2166"}],"version-history":[{"count":9,"href":"https:\/\/www.4witness.org\/cs\/wp-json\/wp\/v2\/pages\/2166\/revisions"}],"predecessor-version":[{"id":5136,"href":"https:\/\/www.4witness.org\/cs\/wp-json\/wp\/v2\/pages\/2166\/revisions\/5136"}],"up":[{"embeddable":true,"href":"https:\/\/www.4witness.org\/cs\/wp-json\/wp\/v2\/pages\/2798"}],"wp:attachment":[{"href":"https:\/\/www.4witness.org\/cs\/wp-json\/wp\/v2\/media?parent=2166"}],"curies":[{"name":"wp","href":"https:\/\/api.w.org\/{rel}","templated":true}]}}