{"id":2158,"date":"2013-05-07T00:03:29","date_gmt":"2013-05-07T00:03:29","guid":{"rendered":"http:\/\/www.4witness.org\/?page_id=2158"},"modified":"2014-03-27T23:43:07","modified_gmt":"2014-03-27T23:43:07","slug":"clanky-anne-marie","status":"publish","type":"page","link":"https:\/\/www.4witness.org\/cs\/svedectvi\/byvali-svedkove-jehovovi\/clanky-anne-marie\/","title":{"rendered":"\u010cl\u00e1nky Anne Marie"},"content":{"rendered":"<div><strong><strong><img loading=\"lazy\" decoding=\"async\" class=\"alignleft\" style=\"margin: 10px;\" alt=\"annemarie\" src=\"https:\/\/witforjesus.org\/images\/jwstories\/annemarie.jpg\" width=\"209\" height=\"250\" \/><\/strong><\/strong><\/p>\n<div><\/div>\n<div><strong><span style=\"font-size: medium;\">Anne Marie &#8211; Mo\u017en\u00e1 jsi ji vid\u011bl v s\u00e1le Kr\u00e1lovstv\u00ed. <\/span><\/strong><\/div>\n<div><\/div>\n<div><span style=\"font-size: medium;\">Zn\u00e1\u0161 tu mladou a kr\u00e1snou sestru spolu se \u201ev\u0161emi t\u011bmi d\u011btmi.\u201d Tu, kter\u00e1 bojovala, aby sama vychovala sv\u00e9 d\u011bti \u201ev pravd\u011b.\u201c Tu, kter\u00e1 byla z\u0159\u00eddka pova\u017eov\u00e1na za \u201e\u017eensk\u00fd materi\u00e1l,\u201c proto\u017ee byla \u201epo\u0161kozen\u00fdm zbo\u017e\u00edm.\u201d Po vylou\u010den\u00ed kv\u016fli zn\u00e1siln\u011bn\u00ed se Anne Marie kone\u010dn\u011b c\u00edtila svobodn\u00e1\u2026 Jak k tomu do\u0161lo? Nebyla snad od sv\u00fdch p\u011bti let vyu\u010dov\u00e1na, \u017ee organizace Str\u00e1\u017en\u00e1 v\u011b\u017e je \u201ePravdou\u201c? Kone\u010dn\u011b nalezla skute\u010dnou pravdu mimo \u201epravdu\u201c a nalezla radost v Kristu, po kter\u00e9 tou\u017eila po cel\u00fd sv\u016fj \u017eivot. <b>P\u0159e\u010dti se p\u0159\u00edb\u011bh Anne Marie, kter\u00e1 opustila sv\u011bdky Jehovovy. <strong><strong><b><b><strong><strong><img loading=\"lazy\" decoding=\"async\" alt=\"bullets\" src=\"https:\/\/witforjesus.org\/images\/buttons\/read-more.jpg\" width=\"26\" height=\"12\" \/><\/strong><\/strong><\/b><\/b><\/strong><\/strong><br \/>\n<\/b><\/span><\/div>\n<div><\/div>\n<div><\/div>\n<\/div>\n<div><img loading=\"lazy\" decoding=\"async\" alt=\"bullets\" src=\"https:\/\/witforjesus.org\/images\/bullets.jpg\" width=\"10\" height=\"9\" \/><a title=\" Zobrazen\u00ed \u010dl\u00e1nk\u016f v angli\u010dtin\u011b\" href=\"http:\/\/www.4witness.org\/testimonies\/ex-jehovahs-witnesses\/anne-maries-articles\/\"><strong> Zobrazen\u00ed \u010dl\u00e1nk\u016f v angli\u010dtin\u011b<\/strong><\/a><\/div>\n<p>&nbsp;<\/p>\n","protected":false},"excerpt":{"rendered":"<p>Anne Marie &#8211; Mo\u017en\u00e1 jsi ji vid\u011bl v s\u00e1le Kr\u00e1lovstv\u00ed. Zn\u00e1\u0161 tu mladou a kr\u00e1snou sestru spolu se \u201ev\u0161emi t\u011bmi d\u011btmi.\u201d Tu, kter\u00e1 bojovala, aby sama vychovala sv\u00e9 d\u011bti \u201ev pravd\u011b.\u201c Tu, kter\u00e1 byla z\u0159\u00eddka pova\u017eov\u00e1na za \u201e\u017eensk\u00fd materi\u00e1l,\u201c proto\u017ee byla \u201epo\u0161kozen\u00fdm zbo\u017e\u00edm.\u201d Po vylou\u010den\u00ed kv\u016fli zn\u00e1siln\u011bn\u00ed se Anne Marie kone\u010dn\u011b c\u00edtila svobodn\u00e1\u2026 Jak k&#8230;<\/p>\n","protected":false},"author":2,"featured_media":14911,"parent":2798,"menu_order":0,"comment_status":"closed","ping_status":"closed","template":"","meta":{"footnotes":""},"class_list":["post-2158","page","type-page","status-publish","has-post-thumbnail","hentry"],"_links":{"self":[{"href":"https:\/\/www.4witness.org\/cs\/wp-json\/wp\/v2\/pages\/2158","targetHints":{"allow":["GET"]}}],"collection":[{"href":"https:\/\/www.4witness.org\/cs\/wp-json\/wp\/v2\/pages"}],"about":[{"href":"https:\/\/www.4witness.org\/cs\/wp-json\/wp\/v2\/types\/page"}],"author":[{"embeddable":true,"href":"https:\/\/www.4witness.org\/cs\/wp-json\/wp\/v2\/users\/2"}],"replies":[{"embeddable":true,"href":"https:\/\/www.4witness.org\/cs\/wp-json\/wp\/v2\/comments?post=2158"}],"version-history":[{"count":10,"href":"https:\/\/www.4witness.org\/cs\/wp-json\/wp\/v2\/pages\/2158\/revisions"}],"predecessor-version":[{"id":4835,"href":"https:\/\/www.4witness.org\/cs\/wp-json\/wp\/v2\/pages\/2158\/revisions\/4835"}],"up":[{"embeddable":true,"href":"https:\/\/www.4witness.org\/cs\/wp-json\/wp\/v2\/pages\/2798"}],"wp:featuredmedia":[{"embeddable":true,"href":"https:\/\/www.4witness.org\/cs\/wp-json\/wp\/v2\/media\/14911"}],"wp:attachment":[{"href":"https:\/\/www.4witness.org\/cs\/wp-json\/wp\/v2\/media?parent=2158"}],"curies":[{"name":"wp","href":"https:\/\/api.w.org\/{rel}","templated":true}]}}