{"id":2149,"date":"2013-05-06T17:22:36","date_gmt":"2013-05-06T17:22:36","guid":{"rendered":"http:\/\/www.4witness.org\/?page_id=2149"},"modified":"2019-05-16T17:25:24","modified_gmt":"2019-05-16T23:25:24","slug":"domu","status":"publish","type":"page","link":"https:\/\/www.4witness.org\/cs\/","title":{"rendered":"Dom\u016f"},"content":{"rendered":"<p><strong><span style=\"font-size: x-large;\">V\u00edtejte k\u0159es\u0165an\u0161t\u00ed sv\u011bdkov\u00e9 pro Je\u017e\u00ed\u0161e<\/span><\/strong><\/p>\n<p><a title=\"O n\u00e1s\" href=\"https:\/\/www.4witness.org\/cs\/domu\/o-nas\/\"><strong>KDO JSME \u2013 K\u0159es\u0165an\u00e9, kte\u0159\u00ed sv\u011bd\u010d\u00ed sv\u011bdk\u016fm Jehovov\u00fdm a Mormon\u016fm<\/strong><\/a><\/p>\n<p>We Na\u0161e k\u0159es\u0165ansk\u00e1 slu\u017eba se zab\u00fdv\u00e1 sd\u00edlen\u00edm dobr\u00e9 zpr\u00e1vy o v\u011b\u010dn\u00e9 sp\u00e1se v Je\u017e\u00ed\u0161i Kristu. Na\u0161e speci\u00e1ln\u00ed zam\u011b\u0159en\u00ed zasahuje sv\u011bdky Jehovovy a Mormony (C\u00edrkev svat\u00fdch posledn\u00edch dn\u016f). Jestli\u017ee se pr\u00e1v\u011b nach\u00e1z\u00edte v jedn\u00e9 z t\u011bchto skupin vy \u010di va\u0161i p\u0159\u00e1tel\u00e9 nebo p\u0159\u00edbuzn\u00ed, na\u0161e webov\u00e9 str\u00e1nky jsou tu pro v\u00e1s! V\u00edce se o n\u00e1s dozv\u00edte zde. <a title=\"O n\u00e1s\" href=\"https:\/\/www.4witness.org\/cs\/domu\/o-nas\/\"><strong><strong><b><b><strong><strong><img loading=\"lazy\" decoding=\"async\" src=\"https:\/\/witforjesus.org\/images\/buttons\/read-more.jpg\" alt=\"bullets\" width=\"26\" height=\"12\" \/><\/strong><\/strong><\/b><\/b><\/strong><\/strong><\/a><\/p>\n<p><a title=\"Why Mormons and Jehovah\u2019s Witnesses are Not Christians\" href=\"https:\/\/www.4witness.org\/cs\/proc-nejsou-mormoni-a-svedkove-jehovovi-krestany\/\"><img loading=\"lazy\" decoding=\"async\" class=\"alignnone\" src=\"https:\/\/witforjesus.org\/images\/long\/4witness\/jw-lds.png\" alt=\"\" width=\"489\" height=\"315\" \/><\/a><\/p>\n<p><span style=\"font-size: medium;\"><a title=\"Pro\u010d nejsou Mormoni a sv\u011bdkov\u00e9 Jehovovi k\u0159es\u0165any\" href=\"https:\/\/www.4witness.org\/cs\/proc-nejsou-mormoni-a-svedkove-jehovovi-krestany\/\"><strong>PRO\u010c NEJSOU MORMONI A SV\u011aDKOV\u00c9 JEHOVOVI K\u0158ES\u0164ANY<\/strong><\/a> <\/span><strong><strong>\u201c<\/strong>Pro\u010d o nich \u0159\u00edk\u00e1me, \u017ee nejsou k\u0159es\u0165any, kdy\u017e \u201ev\u011b\u0159\u00ed v Je\u017e\u00ed\u0161e?\u201d <\/strong><a title=\"Pro\u010d nejsou Mormoni a sv\u011bdkov\u00e9 Jehovovi k\u0159es\u0165any\" href=\"https:\/\/www.4witness.org\/cs\/proc-nejsou-mormoni-a-svedkove-jehovovi-krestany\/\"><strong><strong><b><b><strong><strong><img loading=\"lazy\" decoding=\"async\" src=\"https:\/\/witforjesus.org\/images\/buttons\/read-more.jpg\" alt=\"bullets\" width=\"26\" height=\"12\" \/><\/strong><\/strong><\/b><\/b><\/strong><\/strong><\/a><\/p>\n<p><a href=\"http:\/\/get.theapp.co\/d177\/\"><img loading=\"lazy\" decoding=\"async\" src=\"https:\/\/witforjesus.org\/images\/home\/app-long.jpg\" alt=\"\" width=\"590\" height=\"332\" \/><\/a><\/p>\n<p>Aplikace Witnesses for Jesus pro telefony a tablety<\/p>\n<p><a href=\"https:\/\/www.4witness.org\/cs\/co-vam-nabizime\/krestany-kteri-svedci-svedkum-jehovovym\/\"><img loading=\"lazy\" decoding=\"async\" class=\"alignnone\" src=\"https:\/\/witforjesus.org\/images\/long\/4jehovah\/evangelism.png\" alt=\"\" width=\"590\" height=\"265\" \/><\/a><\/p>\n<p><a title=\"K\u0159es\u0165any, kte\u0159\u00ed sv\u011bd\u010d\u00ed Sv\u011bdk\u016fm Jehovov\u00fdm\" href=\"https:\/\/www.4witness.org\/cs\/co-vam-nabizime\/krestany-kteri-svedci-svedkum-jehovovym\/\"><span style=\"font-size: large;\"><strong><span class=\"style17\">\u0160KOL\u00cdC\u00cd EVANGELIZA\u010cN\u00cd N\u00c1STROJE PRO K\u0158ES\u0164ANY, KTE\u0158\u00cd SV\u011aD\u010c\u00cd SV\u011aDK\u016eM JEHOVOV\u00ddM<\/span><\/strong><\/span><\/a><\/p>\n<p><img loading=\"lazy\" decoding=\"async\" class=\"alignnone\" src=\"https:\/\/witforjesus.org\/images\/long\/4mormon\/missionary-tools.png\" alt=\"\" width=\"590\" height=\"243\" \/><\/p>\n<p><span style=\"font-size: large;\"><strong><span class=\"style17\">\u0160KOL\u00cdC\u00cd EVANGELIZA\u010cN\u00cd N\u00c1STROJE PRO K\u0158ES\u0164ANY, KTE\u0158\u00cd SV\u011aD\u010c\u00cd MORMON\u016eM<\/span><\/strong><\/span><\/p>\n<p><a href=\"https:\/\/www.4witness.org\/cs\/spaseni-co-je-zapotrebi-k-ziskani-vecneho-zivota\/\"><img loading=\"lazy\" decoding=\"async\" class=\"alignnone\" src=\"https:\/\/www.witforjesus.org\/images\/long\/4witness\/prayer-young.png\" alt=\"\" width=\"590\" height=\"333\" \/><\/a><\/p>\n<p><a title=\"SPASEN\u00cd \u2013 Co je zapot\u0159eb\u00ed k z\u00edsk\u00e1n\u00ed v\u011b\u010dn\u00e9ho \u017eivota?\" href=\"https:\/\/www.4witness.org\/cs\/spaseni-co-je-zapotrebi-k-ziskani-vecneho-zivota\/\"><strong><span style=\"font-size: large;\">SPASEN\u00cd \u2013 Co je vy\u017eadov\u00e1no pro z\u00edsk\u00e1n\u00ed v\u011b\u010dn\u00e9ho \u017eivota?<\/span><\/strong><\/a><\/p>\n<p><a href=\"https:\/\/www.4witness.org\/cs\/modlil-jsem-se-abych-prijal-jezise-a-co-ted-mel-bych-se-pripojit-k-cirkvi-jak-poznam-bozi-vuli-a-vyhnu-se-satanovym-podvodum\/\"><img loading=\"lazy\" decoding=\"async\" class=\"alignnone\" src=\"https:\/\/www.witforjesus.org\/images\/long\/4witness\/mountain-stream.png\" alt=\"\" width=\"590\" height=\"310\" \/><\/a><\/p>\n<p><a title=\"MODLIL JSEM SE, ABYCH P\u0158IJAL JE\u017d\u00cd\u0160E, A CO TE\u010e? \u2014 M\u011bl bych se p\u0159ipojit k c\u00edrkvi? Jak pozn\u00e1m Bo\u017e\u00ed v\u016fli a vyhnu se Satanov\u00fdm podvod\u016fm?\" href=\"https:\/\/www.4witness.org\/cs\/modlil-jsem-se-abych-prijal-jezise-a-co-ted-mel-bych-se-pripojit-k-cirkvi-jak-poznam-bozi-vuli-a-vyhnu-se-satanovym-podvodum\/\"><strong><span style=\"font-size: large;\">Modlil jsem se za p\u0159ijet\u00ed Je\u017e\u00ed\u0161e. A co te\u010f? M\u011bl bych se p\u0159ipojit k c\u00edrkvi? Pokud ano, jak najdu dobrou c\u00edrkev?<\/span><\/strong><\/a><\/p>\n<p><a href=\"https:\/\/www.4witness.org\/is-it-loving-to-tear-down-someone-elses-beliefs\/\"><img loading=\"lazy\" decoding=\"async\" class=\"alignnone\" src=\"https:\/\/www.witforjesus.org\/images\/long\/4witness\/tear-down.png\" alt=\"\" width=\"590\" height=\"243\" \/><\/a><\/p>\n<p><strong>JE PROJEVEM L\u00c1SKY VYVR\u00c1TIT N\u00c1ZORY N\u011aKOHO JIN\u00c9HO? \u2013 Otev\u0159en\u00fd dopis t\u011bm, kdo jsou proti na\u0161\u00ed slu\u017eb\u011b<\/strong><\/p>\n<p><img loading=\"lazy\" decoding=\"async\" class=\"alignnone\" src=\"https:\/\/www.witforjesus.org\/images\/long\/4witness\/cave.png\" alt=\"\" width=\"590\" height=\"282\" \/><\/p>\n<p><a href=\"https:\/\/www.4witness.org\/cs\/co-je-sekta\/\"><span style=\"font-size: large;\"><strong><span class=\"style16\">CO JE TO KULT? \u2013 Kl\u00ed\u010dov\u00e9 skute\u010dnosti, kter\u00e1 bys m\u011bl zn\u00e1t o kultech a o ovl\u00e1d\u00e1n\u00ed mysli<\/span><\/strong><\/span><\/a><\/p>\n<p><img loading=\"lazy\" decoding=\"async\" class=\"alignnone\" src=\"https:\/\/www.witforjesus.org\/images\/long\/4witness\/resurrection.png\" alt=\"\" width=\"590\" height=\"300\" \/><\/p>\n<p><strong><span class=\"style17\">\u201c\u017d\u00e1dn\u00fd, kdo \u017eije a projevuje v\u00edru ve mne, v\u016fbec nikdy nezem\u0159e. V\u011b\u0159\u00ed\u0161 tomu?\u201d \u2013 Jan 11 Sv\u011bdectv\u00ed<\/span><\/strong><\/p>\n<p><span style=\"font-size: small;\"><span style=\"font-size: medium;\"><strong>Ahoj, j\u00e1 jsem Rob.<\/strong> <\/span>Po dobu 32 let jsme spolu s mou man\u017eelkou vychov\u00e1vali rodinu Mormon\u016f. Byl jsem velekn\u011bzem a biskupem a n\u00e1\u0161 syn slou\u017eil na misii v Braz\u00edlii. Jako\u017eto Mormoni jsme v\u011b\u0159ili, \u017ee n\u00e1sledujeme Krista, dokud jsme v Mormonsk\u00e9m u\u010den\u00ed neobjevili polygamii, polyandrii, krvav\u00e9 sm\u00ed\u0159en\u00ed, l\u017ei kv\u016fli P\u00e1nu a mnoho dal\u0161\u00edch v\u011bc\u00ed a fale\u0161n\u00e1 u\u010den\u00ed. V duchovn\u00edm zmatku n\u00e1m pomohli miluj\u00edc\u00ed k\u0159es\u0165an\u00e9. <strong><b><img loading=\"lazy\" decoding=\"async\" src=\"https:\/\/witforjesus.org\/images\/buttons\/read-more.jpg\" alt=\"bullets\" width=\"26\" height=\"12\" \/><\/b><\/strong><\/span><\/p>\n<p><a href=\"https:\/\/www.4witness.org\/cs\/svedectvi\/byvali-svedkove-jehovovi\/\"><span style=\"font-size: x-large;\"><strong>DAL\u0160\u00cd SV\u011aDECTV\u00cd B\u00ddVAL\u00ddCH SV\u011aDK\u016e JEHOVOV\u00ddCH<\/strong><\/span><\/a><\/p>\n<p><a href=\"https:\/\/www.4witness.org\/cs\/svedectvi\/byvali-svedkove-jehovovi\/\"><img loading=\"lazy\" decoding=\"async\" src=\"https:\/\/witforjesus.org\/images\/jwstories\/jwstories.jpg\" alt=\"TRUE FREEDOM\" width=\"590\" height=\"156\" \/><\/a><\/p>\n<p><span style=\"font-size: small;\"><a title=\"\u010cl\u00e1nky Trish\" href=\"https:\/\/www.4witness.org\/cs\/svedectvi\/byvali-svedkove-jehovovi\/clanky-trish\/\"><span style=\"font-size: medium;\"><strong><img loading=\"lazy\" decoding=\"async\" class=\" alignleft\" style=\"margin-right: 5px; margin-left: 5px;\" src=\"https:\/\/witforjesus.org\/images\/jwstories\/trish.jpg\" alt=\"Anne Marie\" width=\"150\" height=\"147\" \/>Ahoj, j\u00e1 jsem Trish.<\/strong> <\/span><\/a>42 let jsem byla sv\u011bdkem Jehovov\u00fdm. Byla jsem ztracena a hladov\u00e1 a nev\u011bd\u011bla jsem, co d\u00e1l&#8230;dokud jsem nezjistila, kdo je vlastn\u011b Kristus. Za celou tu dobu chozen\u00ed dve\u0159e ode dve\u0159\u00ed s Bibl\u00ed se se mnou nikdo nesd\u00edlel o Kristu. Mysl\u00edm si, \u017ee nev\u011bd\u011bli jak. Mysl\u00edm si, \u017ee nev\u011bd\u011bli, \u017ee by mohli nebo m\u011bli. Jsem tak vd\u011b\u010dn\u00e1, \u017ee to nakonec n\u011bkdo ud\u011blal. <a title=\"\u010cl\u00e1nky Trish\" href=\"https:\/\/www.4witness.org\/cs\/svedectvi\/byvali-svedkove-jehovovi\/clanky-trish\/\"><strong><b><img loading=\"lazy\" decoding=\"async\" src=\"https:\/\/witforjesus.org\/images\/buttons\/read-more.jpg\" alt=\"bullets\" width=\"26\" height=\"12\" \/><\/b><\/strong><\/a><\/span><\/p>\n<p>&nbsp;<\/p>\n<p>&nbsp;<\/p>\n","protected":false},"excerpt":{"rendered":"<p>V\u00edtejte k\u0159es\u0165an\u0161t\u00ed sv\u011bdkov\u00e9 pro Je\u017e\u00ed\u0161e KDO JSME \u2013 K\u0159es\u0165an\u00e9, kte\u0159\u00ed sv\u011bd\u010d\u00ed sv\u011bdk\u016fm Jehovov\u00fdm a Mormon\u016fm We Na\u0161e k\u0159es\u0165ansk\u00e1 slu\u017eba se zab\u00fdv\u00e1 sd\u00edlen\u00edm dobr\u00e9 zpr\u00e1vy o v\u011b\u010dn\u00e9 sp\u00e1se v Je\u017e\u00ed\u0161i Kristu. Na\u0161e speci\u00e1ln\u00ed zam\u011b\u0159en\u00ed zasahuje sv\u011bdky Jehovovy a Mormony (C\u00edrkev svat\u00fdch posledn\u00edch dn\u016f). Jestli\u017ee se pr\u00e1v\u011b nach\u00e1z\u00edte v jedn\u00e9 z t\u011bchto skupin vy \u010di va\u0161i p\u0159\u00e1tel\u00e9&#8230;<\/p>\n","protected":false},"author":2,"featured_media":0,"parent":0,"menu_order":0,"comment_status":"closed","ping_status":"closed","template":"","meta":{"footnotes":""},"class_list":["post-2149","page","type-page","status-publish","hentry"],"_links":{"self":[{"href":"https:\/\/www.4witness.org\/cs\/wp-json\/wp\/v2\/pages\/2149","targetHints":{"allow":["GET"]}}],"collection":[{"href":"https:\/\/www.4witness.org\/cs\/wp-json\/wp\/v2\/pages"}],"about":[{"href":"https:\/\/www.4witness.org\/cs\/wp-json\/wp\/v2\/types\/page"}],"author":[{"embeddable":true,"href":"https:\/\/www.4witness.org\/cs\/wp-json\/wp\/v2\/users\/2"}],"replies":[{"embeddable":true,"href":"https:\/\/www.4witness.org\/cs\/wp-json\/wp\/v2\/comments?post=2149"}],"version-history":[{"count":26,"href":"https:\/\/www.4witness.org\/cs\/wp-json\/wp\/v2\/pages\/2149\/revisions"}],"predecessor-version":[{"id":9813,"href":"https:\/\/www.4witness.org\/cs\/wp-json\/wp\/v2\/pages\/2149\/revisions\/9813"}],"wp:attachment":[{"href":"https:\/\/www.4witness.org\/cs\/wp-json\/wp\/v2\/media?parent=2149"}],"curies":[{"name":"wp","href":"https:\/\/api.w.org\/{rel}","templated":true}]}}